{"id":33958,"date":"2025-07-30T08:17:43","date_gmt":"2025-07-30T08:17:43","guid":{"rendered":"https:\/\/www.freeshopfrontiera.ch\/shop\/lattafa-confidential-private-gold-100ml\/"},"modified":"2025-08-14T03:22:03","modified_gmt":"2025-08-14T03:22:03","slug":"lattafa-confidential-private-gold-100ml","status":"publish","type":"product","link":"https:\/\/www.freeshopfrontiera.ch\/fr\/shop\/lattafa-confidential-private-gold-100ml\/","title":{"rendered":"LATTAFA Confidential Private Gold 100ml"},"content":{"rendered":"<h3 data-start=\"209\" data-end=\"271\">LATTAFA Confidential Private Gold Eau de Parfum Vapo 100ml<\/h3>\n<p data-start=\"2830\" data-end=\"3178\">D\u00e9couvrez l\u2019\u00e9l\u00e9gance enveloppante de <strong data-start=\"2867\" data-end=\"2889\">Haya Eau de Parfum<\/strong> de <strong data-start=\"2893\" data-end=\"2904\">LATTAFA<\/strong> \u2013 un parfum raffin\u00e9 et envo\u00fbtant qui c\u00e9l\u00e8bre la beaut\u00e9 et la gr\u00e2ce de chaque femme. Con\u00e7u pour celles qui aiment se distinguer avec style et personnalit\u00e9, Haya est une composition olfactive intense et harmonieuse, parfaite pour vous accompagner \u00e0 tout moment de la journ\u00e9e.<\/p>\n<p data-start=\"3180\" data-end=\"3629\">Les notes de t\u00eate s\u2019ouvrent sur un bouquet \u00e9clatant et p\u00e9tillant : <strong data-start=\"3247\" data-end=\"3260\">bergamote<\/strong>, <strong data-start=\"3262\" data-end=\"3271\">p\u00eache<\/strong> et <strong data-start=\"3275\" data-end=\"3292\">fruits rouges<\/strong> apportent une fra\u00eecheur fruit\u00e9e irr\u00e9sistible qui capte l\u2019attention d\u00e8s la premi\u00e8re vaporisation. Au c\u0153ur, <strong data-start=\"3399\" data-end=\"3407\">rose<\/strong>, <strong data-start=\"3409\" data-end=\"3419\">jasmin<\/strong> et <strong data-start=\"3423\" data-end=\"3433\">muguet<\/strong> forment un accord floral sophistiqu\u00e9 et romantique, exprimant douceur et f\u00e9minit\u00e9. En fond, <strong data-start=\"3526\" data-end=\"3535\">muscs<\/strong>, <strong data-start=\"3537\" data-end=\"3548\">vanille<\/strong> et <strong data-start=\"3552\" data-end=\"3561\">ambre<\/strong> laissent un sillage chaleureux, enveloppant et durable sur la peau.<\/p>\n<p data-start=\"3631\" data-end=\"3960\"><strong data-start=\"3631\" data-end=\"3650\">Haya de Lattafa<\/strong> s\u00e9duit par son \u00e9quilibre et son caract\u00e8re affirm\u00e9. Pr\u00e9sent\u00e9 dans un \u00e9l\u00e9gant flacon de 100ml, c\u2019est le choix id\u00e9al pour celles qui recherchent un parfum <strong data-start=\"3803\" data-end=\"3850\">moderne, persistant et profond\u00e9ment f\u00e9minin<\/strong>. Parfait au quotidien comme pour les occasions sp\u00e9ciales, ce parfum devient un v\u00e9ritable accessoire de style.<\/p>\n<p data-start=\"1033\" data-end=\"1376\">Follow us! <a href=\"https:\/\/www.instagram.com\/freeshopswiss\/\" target=\"_blank\" rel=\"noopener\">@freeshopswiss<\/a><\/p>\n","protected":false},"excerpt":{"rendered":"<p>LATTAFA Confidential Private Gold Eau de Parfum Vapo 100ml D\u00e9couvrez l\u2019\u00e9l\u00e9gance enveloppante de Haya Eau de Parfum de LATTAFA \u2013 un parfum raffin\u00e9 et envo\u00fbtant qui c\u00e9l\u00e8bre la beaut\u00e9 et la gr\u00e2ce de chaque femme. Con\u00e7u pour celles qui aiment se distinguer avec style et personnalit\u00e9, Haya est une composition olfactive intense et harmonieuse, parfaite [&hellip;]<\/p>\n","protected":false},"featured_media":33949,"comment_status":"open","ping_status":"closed","template":"","meta":[],"pwb-brand":[772],"product_brand":[],"product_cat":[87,109,89],"product_tag":[252,296,789,1629,143,97,594],"class_list":{"0":"post-33958","1":"product","2":"type-product","3":"status-publish","4":"has-post-thumbnail","6":"pwb-brand-lattafa","7":"product_cat-parfums","8":"product_cat-pour-elle","9":"product_cat-pour-lui","10":"product_tag-eau-de-parfum-fr","11":"product_tag-femme","12":"product_tag-womens-fragrances-fr","13":"product_tag-mens-fragrances-fr","14":"product_tag-homme","15":"product_tag-parfums","16":"product_tag-unisex-fr-2","18":"first","19":"outofstock","20":"sale","21":"taxable","22":"shipping-taxable","23":"purchasable","24":"product-type-simple"},"brands":[{"id":772,"name":"Lattafa","slug":"lattafa"}],"_links":{"self":[{"href":"https:\/\/www.freeshopfrontiera.ch\/fr\/wp-json\/wp\/v2\/product\/33958","targetHints":{"allow":["GET"]}}],"collection":[{"href":"https:\/\/www.freeshopfrontiera.ch\/fr\/wp-json\/wp\/v2\/product"}],"about":[{"href":"https:\/\/www.freeshopfrontiera.ch\/fr\/wp-json\/wp\/v2\/types\/product"}],"replies":[{"embeddable":true,"href":"https:\/\/www.freeshopfrontiera.ch\/fr\/wp-json\/wp\/v2\/comments?post=33958"}],"version-history":[{"count":1,"href":"https:\/\/www.freeshopfrontiera.ch\/fr\/wp-json\/wp\/v2\/product\/33958\/revisions"}],"predecessor-version":[{"id":33962,"href":"https:\/\/www.freeshopfrontiera.ch\/fr\/wp-json\/wp\/v2\/product\/33958\/revisions\/33962"}],"wp:featuredmedia":[{"embeddable":true,"href":"https:\/\/www.freeshopfrontiera.ch\/fr\/wp-json\/wp\/v2\/media\/33949"}],"wp:attachment":[{"href":"https:\/\/www.freeshopfrontiera.ch\/fr\/wp-json\/wp\/v2\/media?parent=33958"}],"wp:term":[{"taxonomy":"pwb-brand","embeddable":true,"href":"https:\/\/www.freeshopfrontiera.ch\/fr\/wp-json\/wp\/v2\/pwb-brand?post=33958"},{"taxonomy":"product_brand","embeddable":true,"href":"https:\/\/www.freeshopfrontiera.ch\/fr\/wp-json\/wp\/v2\/product_brand?post=33958"},{"taxonomy":"product_cat","embeddable":true,"href":"https:\/\/www.freeshopfrontiera.ch\/fr\/wp-json\/wp\/v2\/product_cat?post=33958"},{"taxonomy":"product_tag","embeddable":true,"href":"https:\/\/www.freeshopfrontiera.ch\/fr\/wp-json\/wp\/v2\/product_tag?post=33958"}],"curies":[{"name":"wp","href":"https:\/\/api.w.org\/{rel}","templated":true}]}}