{"id":34007,"date":"2025-08-04T13:43:57","date_gmt":"2025-08-04T13:43:57","guid":{"rendered":"https:\/\/www.freeshopfrontiera.ch\/shop\/jimmy-choo-rose-passion\/"},"modified":"2025-08-04T13:54:36","modified_gmt":"2025-08-04T13:54:36","slug":"jimmy-choo-rose-passion","status":"publish","type":"product","link":"https:\/\/www.freeshopfrontiera.ch\/fr\/shop\/jimmy-choo-rose-passion\/","title":{"rendered":"JIMMY CHOO Rose Passion"},"content":{"rendered":"<h4>JIMMY CHOO Rose Passion Eau de Parfum Vapo 40ml est un parfum f\u00e9minin lumineux, sophistiqu\u00e9 et profond\u00e9ment sensuel, id\u00e9al pour une femme \u00e9l\u00e9gante, s\u00fbre d\u2019elle et amoureuse du luxe moderne.<\/h4>\n<p>Cette fragrance c\u00e9l\u00e8bre la beaut\u00e9 de la f\u00e9minit\u00e9 avec une composition florale et solaire qui allie parfaitement douceur, fra\u00eecheur et intensit\u00e9. Les notes de t\u00eate s\u2019ouvrent sur une touche exotique et vibrante de frangipanier et de noix de coco, cr\u00e9ant une atmosph\u00e8re chaleureuse et enveloppante qui \u00e9voque une \u00e9vasion vers un paradis tropical. Le c\u0153ur r\u00e9v\u00e8le un accord raffin\u00e9 d\u2019orchid\u00e9e et de jasmin, deux fleurs nobles qui expriment la sensualit\u00e9 et la gr\u00e2ce avec \u00e9l\u00e9gance. Le fond, intense et persistant, d\u00e9voile des notes de bois de santal, vanille et ambroxan, apportant profondeur, onctuosit\u00e9 et une signature irr\u00e9sistiblement f\u00e9minine.<\/p>\n<p>Le flacon de 40ml, dans un rose \u00e9clatant et facett\u00e9 comme un bijou, capte la lumi\u00e8re et incarne parfaitement l\u2019esprit audacieux et raffin\u00e9 de la femme Jimmy Choo. Compact mais pr\u00e9cieux, il est id\u00e9al \u00e0 emporter partout avec soi, pour raviver son charme \u00e0 tout moment. Rose Passion est bien plus qu\u2019un parfum : c\u2019est un v\u00e9ritable accessoire de style, une invitation \u00e0 vivre chaque instant avec passion, beaut\u00e9 et intensit\u00e9. Parfait pour celles qui aiment les fragrances florales, solaires et durables, cet Eau de Parfum convient aussi bien de jour que de nuit, en toute saison.<\/p>\n<p>&nbsp;<\/p>\n<p>Follow us! <a href=\"https:\/\/www.instagram.com\/freeshopswiss\/\" target=\"_blank\" rel=\"noopener\">@freeshopswiss<\/a><\/p>\n","protected":false},"excerpt":{"rendered":"<p>JIMMY CHOO Rose Passion Eau de Parfum Vapo 40ml est un parfum f\u00e9minin lumineux, sophistiqu\u00e9 et profond\u00e9ment sensuel, id\u00e9al pour une femme \u00e9l\u00e9gante, s\u00fbre d\u2019elle et amoureuse du luxe moderne. Cette fragrance c\u00e9l\u00e8bre la beaut\u00e9 de la f\u00e9minit\u00e9 avec une composition florale et solaire qui allie parfaitement douceur, fra\u00eecheur et intensit\u00e9. Les notes de t\u00eate [&hellip;]<\/p>\n","protected":false},"featured_media":33999,"comment_status":"open","ping_status":"closed","template":"","meta":[],"pwb-brand":[798],"product_brand":[],"product_cat":[87,109],"product_tag":[252,296,789,97],"class_list":{"0":"post-34007","1":"product","2":"type-product","3":"status-publish","4":"has-post-thumbnail","6":"pwb-brand-jimmy-choo","7":"product_cat-parfums","8":"product_cat-pour-elle","9":"product_tag-eau-de-parfum-fr","10":"product_tag-femme","11":"product_tag-womens-fragrances-fr","12":"product_tag-parfums","14":"first","15":"outofstock","16":"sale","17":"taxable","18":"shipping-taxable","19":"purchasable","20":"product-type-simple"},"brands":[{"id":798,"name":"Jimmy Choo","slug":"jimmy-choo"}],"_links":{"self":[{"href":"https:\/\/www.freeshopfrontiera.ch\/fr\/wp-json\/wp\/v2\/product\/34007","targetHints":{"allow":["GET"]}}],"collection":[{"href":"https:\/\/www.freeshopfrontiera.ch\/fr\/wp-json\/wp\/v2\/product"}],"about":[{"href":"https:\/\/www.freeshopfrontiera.ch\/fr\/wp-json\/wp\/v2\/types\/product"}],"replies":[{"embeddable":true,"href":"https:\/\/www.freeshopfrontiera.ch\/fr\/wp-json\/wp\/v2\/comments?post=34007"}],"version-history":[{"count":3,"href":"https:\/\/www.freeshopfrontiera.ch\/fr\/wp-json\/wp\/v2\/product\/34007\/revisions"}],"predecessor-version":[{"id":34014,"href":"https:\/\/www.freeshopfrontiera.ch\/fr\/wp-json\/wp\/v2\/product\/34007\/revisions\/34014"}],"wp:featuredmedia":[{"embeddable":true,"href":"https:\/\/www.freeshopfrontiera.ch\/fr\/wp-json\/wp\/v2\/media\/33999"}],"wp:attachment":[{"href":"https:\/\/www.freeshopfrontiera.ch\/fr\/wp-json\/wp\/v2\/media?parent=34007"}],"wp:term":[{"taxonomy":"pwb-brand","embeddable":true,"href":"https:\/\/www.freeshopfrontiera.ch\/fr\/wp-json\/wp\/v2\/pwb-brand?post=34007"},{"taxonomy":"product_brand","embeddable":true,"href":"https:\/\/www.freeshopfrontiera.ch\/fr\/wp-json\/wp\/v2\/product_brand?post=34007"},{"taxonomy":"product_cat","embeddable":true,"href":"https:\/\/www.freeshopfrontiera.ch\/fr\/wp-json\/wp\/v2\/product_cat?post=34007"},{"taxonomy":"product_tag","embeddable":true,"href":"https:\/\/www.freeshopfrontiera.ch\/fr\/wp-json\/wp\/v2\/product_tag?post=34007"}],"curies":[{"name":"wp","href":"https:\/\/api.w.org\/{rel}","templated":true}]}}