{"id":34045,"date":"2025-08-04T14:28:13","date_gmt":"2025-08-04T14:28:13","guid":{"rendered":"https:\/\/www.freeshopfrontiera.ch\/shop\/carolina-herrera-la-bomba-eau-de-parfum\/"},"modified":"2025-08-04T15:53:53","modified_gmt":"2025-08-04T15:53:53","slug":"carolina-herrera-la-bomba-eau-de-parfum","status":"publish","type":"product","link":"https:\/\/www.freeshopfrontiera.ch\/fr\/shop\/carolina-herrera-la-bomba-eau-de-parfum\/","title":{"rendered":"CAROLINA HERRERA La Bomba Eau de Parfum"},"content":{"rendered":"<p data-pm-slice=\"1 1 []\"><strong>CAROLINA HERRERA La Bomba Eau de Parfum<\/strong> est la nouvelle explosion olfactive f\u00e9minine de 2025, pens\u00e9e pour les femmes audacieuses, charismatiques et pleines d\u2019\u00e9nergie. Un parfum qui incarne la libert\u00e9, la f\u00e9minit\u00e9 et la vitalit\u00e9 \u00e0 chaque effluve\u2014id\u00e9al pour celles qui aiment marquer les esprits avec un style unique et sensuel.<\/p>\n<p>La Bomba s\u2019ouvre sur une fra\u00eecheur exotique et lumineuse de <strong>pitaya (fruit du dragon)<\/strong>, d\u00e9voilant une note de t\u00eate juteuse et tropicale. En c\u0153ur, un bouquet floral opulent de <strong>pivoine cerise et frangipanier rouge<\/strong> apporte une sensualit\u00e9 florale intense et contemporaine. En fond, la douceur cr\u00e9meuse de la <strong>vanille<\/strong> se m\u00eale \u00e0 la profondeur chaude du <strong>patchouli<\/strong>, cr\u00e9ant une sillage voluptueux et durable qui c\u00e9l\u00e8bre la puissance de la f\u00e9minit\u00e9.<\/p>\n<p>Avec une <strong>long\u00e9vit\u00e9<\/strong> remarquable et une <strong>projection affirm\u00e9e<\/strong>, La Bomba est l\u2019alli\u00e9 parfait pour les occasions sp\u00e9ciales\u2014ou chaque fois que vous souhaitez vous sentir confiante et inoubliable. Pr\u00e9sent\u00e9 dans un flacon rechargeable en forme de papillon, aux tons roses vibrants, il refl\u00e8te parfaitement l\u2019esprit libre et transformateur du parfum.<\/p>\n<p>Parfait pour les amoureuses des parfums <strong>sucr\u00e9s, fruit\u00e9s et floraux<\/strong>, Carolina Herrera La Bomba Eau de Parfum est une v\u00e9ritable d\u00e9claration d\u2019individualit\u00e9 et de style. Un hommage \u00e0 la f\u00e9minit\u00e9 moderne qui n\u2019attend qu\u2019\u00e0 \u00eatre remarqu\u00e9e.<\/p>\n<p>&nbsp;<\/p>\n<p>Follow us! <a href=\"https:\/\/www.instagram.com\/freeshopswiss\/\" target=\"_blank\" rel=\"noopener\">@freeshopswiss<\/a><\/p>\n","protected":false},"excerpt":{"rendered":"<p>CAROLINA HERRERA La Bomba Eau de Parfum est la nouvelle explosion olfactive f\u00e9minine de 2025, pens\u00e9e pour les femmes audacieuses, charismatiques et pleines d\u2019\u00e9nergie. Un parfum qui incarne la libert\u00e9, la f\u00e9minit\u00e9 et la vitalit\u00e9 \u00e0 chaque effluve\u2014id\u00e9al pour celles qui aiment marquer les esprits avec un style unique et sensuel. La Bomba s\u2019ouvre sur [&hellip;]<\/p>\n","protected":false},"featured_media":34019,"comment_status":"open","ping_status":"closed","template":"","meta":[],"pwb-brand":[271],"product_brand":[],"product_cat":[87,109],"product_tag":[252,296,789,97,4367],"class_list":{"0":"post-34045","1":"product","2":"type-product","3":"status-publish","4":"has-post-thumbnail","6":"pwb-brand-carolina-herrera","7":"product_cat-parfums","8":"product_cat-pour-elle","9":"product_tag-eau-de-parfum-fr","10":"product_tag-femme","11":"product_tag-womens-fragrances-fr","12":"product_tag-parfums","13":"product_tag-special-printemps","15":"first","16":"instock","17":"sale","18":"taxable","19":"shipping-taxable","20":"purchasable","21":"product-type-variable","22":"has-default-attributes"},"brands":[{"id":271,"name":"Carolina Herrera","slug":"carolina-herrera"}],"_links":{"self":[{"href":"https:\/\/www.freeshopfrontiera.ch\/fr\/wp-json\/wp\/v2\/product\/34045","targetHints":{"allow":["GET"]}}],"collection":[{"href":"https:\/\/www.freeshopfrontiera.ch\/fr\/wp-json\/wp\/v2\/product"}],"about":[{"href":"https:\/\/www.freeshopfrontiera.ch\/fr\/wp-json\/wp\/v2\/types\/product"}],"replies":[{"embeddable":true,"href":"https:\/\/www.freeshopfrontiera.ch\/fr\/wp-json\/wp\/v2\/comments?post=34045"}],"version-history":[{"count":2,"href":"https:\/\/www.freeshopfrontiera.ch\/fr\/wp-json\/wp\/v2\/product\/34045\/revisions"}],"predecessor-version":[{"id":34059,"href":"https:\/\/www.freeshopfrontiera.ch\/fr\/wp-json\/wp\/v2\/product\/34045\/revisions\/34059"}],"wp:featuredmedia":[{"embeddable":true,"href":"https:\/\/www.freeshopfrontiera.ch\/fr\/wp-json\/wp\/v2\/media\/34019"}],"wp:attachment":[{"href":"https:\/\/www.freeshopfrontiera.ch\/fr\/wp-json\/wp\/v2\/media?parent=34045"}],"wp:term":[{"taxonomy":"pwb-brand","embeddable":true,"href":"https:\/\/www.freeshopfrontiera.ch\/fr\/wp-json\/wp\/v2\/pwb-brand?post=34045"},{"taxonomy":"product_brand","embeddable":true,"href":"https:\/\/www.freeshopfrontiera.ch\/fr\/wp-json\/wp\/v2\/product_brand?post=34045"},{"taxonomy":"product_cat","embeddable":true,"href":"https:\/\/www.freeshopfrontiera.ch\/fr\/wp-json\/wp\/v2\/product_cat?post=34045"},{"taxonomy":"product_tag","embeddable":true,"href":"https:\/\/www.freeshopfrontiera.ch\/fr\/wp-json\/wp\/v2\/product_tag?post=34045"}],"curies":[{"name":"wp","href":"https:\/\/api.w.org\/{rel}","templated":true}]}}