{"id":34080,"date":"2025-08-04T15:33:05","date_gmt":"2025-08-04T15:33:05","guid":{"rendered":"https:\/\/www.freeshopfrontiera.ch\/shop\/gianni-versace-eros-pour-femme\/"},"modified":"2026-03-09T10:05:45","modified_gmt":"2026-03-09T10:05:45","slug":"gianni-versace-eros-pour-femme","status":"publish","type":"product","link":"https:\/\/www.freeshopfrontiera.ch\/fr\/shop\/gianni-versace-eros-pour-femme\/","title":{"rendered":"VERSACE Eros Pour Femme Eau de Parfum"},"content":{"rendered":"<p data-start=\"3455\" data-end=\"3563\"><strong data-start=\"3455\" data-end=\"3496\">Versace Eros Pour Femme Eau de Parfum<\/strong> est une d\u00e9claration olfactive de force, de passion et de f\u00e9minit\u00e9.<\/p>\n<p data-start=\"3565\" data-end=\"3935\">Ce parfum incarne la rencontre entre la sensualit\u00e9 moderne et la mythologie classique, s\u2019inspirant d\u2019\u00c9ros, dieu de l\u2019amour, pour exprimer le pouvoir s\u00e9duisant et magn\u00e9tique de la femme contemporaine. Le flacon lui-m\u00eame \u2013 imposant et dor\u00e9, orn\u00e9 de la c\u00e9l\u00e8bre M\u00e9duse et du motif grec embl\u00e9matique \u2013 refl\u00e8te l\u2019esth\u00e9tique inimitable de Versace : luxe, audace et raffinement.<\/p>\n<p data-start=\"3937\" data-end=\"4673\">La composition olfactive est riche, enveloppante et structur\u00e9e en trois phases distinctes. L\u2019ouverture est une v\u00e9ritable explosion de fra\u00eecheur m\u00e9diterran\u00e9enne avec des notes fruit\u00e9es et lumineuses de citron de Sicile, de bergamote de Calabre et de grenade juteuse, apportant \u00e9nergie et \u00e9clat d\u00e8s les premi\u00e8res secondes. Le c\u0153ur du parfum r\u00e9v\u00e8le un bouquet \u00e9l\u00e9gant et f\u00e9minin : le jasmin sambac, intense et velout\u00e9, s\u2019associe \u00e0 la douceur de la pivoine, \u00e0 l\u2019\u00e9l\u00e9gance de la magnolia et \u00e0 la sensualit\u00e9 de la fleur d\u2019oranger, offrant une dimension florale et envo\u00fbtante qui charme les sens. Le fond est chaud, profond et persistant : musc, bois de santal, ambrox et touches bois\u00e9es sensuelles cr\u00e9ent un sillage sophistiqu\u00e9 et inoubliable.<\/p>\n<p data-start=\"4675\" data-end=\"5114\"><strong data-start=\"4675\" data-end=\"4694\">Eros Pour Femme<\/strong> est bien plus qu\u2019un parfum : c\u2019est un v\u00e9ritable accessoire de style. Con\u00e7u pour une femme s\u00fbre d\u2019elle, fascinante et charismatique, il convient aussi bien \u00e0 un usage quotidien qu\u2019aux occasions sp\u00e9ciales. Id\u00e9al au printemps et en \u00e9t\u00e9 gr\u00e2ce \u00e0 sa fra\u00eecheur initiale, mais assez enveloppant pour les soir\u00e9es \u00e9l\u00e9gantes, cet Eau de Parfum offre une excellente tenue sur la peau et une diffusion mod\u00e9r\u00e9e mais bien perceptible.<\/p>\n<p data-start=\"1532\" data-end=\"2019\">Follow us! <a href=\"https:\/\/www.instagram.com\/freeshopswiss\/\" target=\"_blank\" rel=\"noopener\">@freeshopswiss<\/a><\/p>\n","protected":false},"excerpt":{"rendered":"<p>Versace Eros Pour Femme Eau de Parfum est une d\u00e9claration olfactive de force, de passion et de f\u00e9minit\u00e9. Ce parfum incarne la rencontre entre la sensualit\u00e9 moderne et la mythologie classique, s\u2019inspirant d\u2019\u00c9ros, dieu de l\u2019amour, pour exprimer le pouvoir s\u00e9duisant et magn\u00e9tique de la femme contemporaine. Le flacon lui-m\u00eame \u2013 imposant et dor\u00e9, orn\u00e9 [&hellip;]<\/p>\n","protected":false},"featured_media":34063,"comment_status":"open","ping_status":"closed","template":"","meta":[],"pwb-brand":[124],"product_brand":[],"product_cat":[87,109],"product_tag":[252,296,789,97],"class_list":{"0":"post-34080","1":"product","2":"type-product","3":"status-publish","4":"has-post-thumbnail","6":"pwb-brand-versace","7":"product_cat-parfums","8":"product_cat-pour-elle","9":"product_tag-eau-de-parfum-fr","10":"product_tag-femme","11":"product_tag-womens-fragrances-fr","12":"product_tag-parfums","14":"first","15":"instock","16":"sale","17":"taxable","18":"shipping-taxable","19":"purchasable","20":"product-type-variable","21":"has-default-attributes"},"brands":[{"id":124,"name":"Versace","slug":"versace"}],"_links":{"self":[{"href":"https:\/\/www.freeshopfrontiera.ch\/fr\/wp-json\/wp\/v2\/product\/34080","targetHints":{"allow":["GET"]}}],"collection":[{"href":"https:\/\/www.freeshopfrontiera.ch\/fr\/wp-json\/wp\/v2\/product"}],"about":[{"href":"https:\/\/www.freeshopfrontiera.ch\/fr\/wp-json\/wp\/v2\/types\/product"}],"replies":[{"embeddable":true,"href":"https:\/\/www.freeshopfrontiera.ch\/fr\/wp-json\/wp\/v2\/comments?post=34080"}],"version-history":[{"count":5,"href":"https:\/\/www.freeshopfrontiera.ch\/fr\/wp-json\/wp\/v2\/product\/34080\/revisions"}],"predecessor-version":[{"id":40807,"href":"https:\/\/www.freeshopfrontiera.ch\/fr\/wp-json\/wp\/v2\/product\/34080\/revisions\/40807"}],"wp:featuredmedia":[{"embeddable":true,"href":"https:\/\/www.freeshopfrontiera.ch\/fr\/wp-json\/wp\/v2\/media\/34063"}],"wp:attachment":[{"href":"https:\/\/www.freeshopfrontiera.ch\/fr\/wp-json\/wp\/v2\/media?parent=34080"}],"wp:term":[{"taxonomy":"pwb-brand","embeddable":true,"href":"https:\/\/www.freeshopfrontiera.ch\/fr\/wp-json\/wp\/v2\/pwb-brand?post=34080"},{"taxonomy":"product_brand","embeddable":true,"href":"https:\/\/www.freeshopfrontiera.ch\/fr\/wp-json\/wp\/v2\/product_brand?post=34080"},{"taxonomy":"product_cat","embeddable":true,"href":"https:\/\/www.freeshopfrontiera.ch\/fr\/wp-json\/wp\/v2\/product_cat?post=34080"},{"taxonomy":"product_tag","embeddable":true,"href":"https:\/\/www.freeshopfrontiera.ch\/fr\/wp-json\/wp\/v2\/product_tag?post=34080"}],"curies":[{"name":"wp","href":"https:\/\/api.w.org\/{rel}","templated":true}]}}