{"id":34229,"date":"2025-08-11T10:38:54","date_gmt":"2025-08-11T10:38:54","guid":{"rendered":"https:\/\/www.freeshopfrontiera.ch\/shop\/mixsoon-bean-cream-50ml\/"},"modified":"2025-08-11T10:58:03","modified_gmt":"2025-08-11T10:58:03","slug":"mixsoon-bean-cream-50ml","status":"publish","type":"product","link":"https:\/\/www.freeshopfrontiera.ch\/fr\/shop\/mixsoon-bean-cream-50ml\/","title":{"rendered":"MIXSOON Bean Cream 50ml"},"content":{"rendered":"<h2 data-start=\"187\" data-end=\"278\"><strong data-start=\"195\" data-end=\"276\">MIXSOON Bean Cream 50ml \u2013 Cr\u00e8me visage nourrissante et r\u00e9g\u00e9n\u00e9rante<\/strong><\/h2>\n<p data-start=\"280\" data-end=\"663\">La <strong data-start=\"283\" data-end=\"305\">MIXSOON Bean Cream<\/strong> est une cr\u00e8me visage \u00e0 la texture riche et soyeuse, formul\u00e9e pour offrir une hydratation intense et un effet r\u00e9g\u00e9n\u00e9rant visible d\u00e8s les premi\u00e8res applications. Gr\u00e2ce \u00e0 l\u2019<strong data-start=\"476\" data-end=\"507\">extrait de haricot ferment\u00e9<\/strong> et \u00e0 d\u2019autres actifs naturels, elle nourrit la peau en profondeur, am\u00e9liore son \u00e9lasticit\u00e9 et procure une sensation de confort qui dure toute la journ\u00e9e.<\/p>\n<p data-start=\"665\" data-end=\"971\">Riche en acides amin\u00e9s, prot\u00e9ines et nutriments essentiels, l\u2019extrait de haricot ferment\u00e9 renforce la barri\u00e8re cutan\u00e9e et stimule le processus naturel de renouvellement cellulaire. Sa formule est enrichie en huiles et beurres v\u00e9g\u00e9taux qui assouplissent la peau et la prot\u00e8gent des agressions ext\u00e9rieures.<\/p>\n<p data-start=\"973\" data-end=\"1001\"><strong data-start=\"973\" data-end=\"999\">Bienfaits principaux :<\/strong><\/p>\n<ul data-start=\"1002\" data-end=\"1262\">\n<li data-start=\"1002\" data-end=\"1068\">\n<p data-start=\"1004\" data-end=\"1068\"><strong data-start=\"1004\" data-end=\"1027\">Hydratation intense<\/strong> pour les peaux s\u00e8ches et d\u00e9shydrat\u00e9es.<\/p>\n<\/li>\n<li data-start=\"1069\" data-end=\"1124\">\n<p data-start=\"1071\" data-end=\"1124\"><strong data-start=\"1071\" data-end=\"1096\">Am\u00e9liore l\u2019\u00e9lasticit\u00e9<\/strong> et la fermet\u00e9 de la peau.<\/p>\n<\/li>\n<li data-start=\"1125\" data-end=\"1185\">\n<p data-start=\"1127\" data-end=\"1185\"><strong data-start=\"1127\" data-end=\"1145\">Effet apaisant<\/strong> pour les peaux sensibles ou irrit\u00e9es.<\/p>\n<\/li>\n<li data-start=\"1186\" data-end=\"1262\">\n<p data-start=\"1188\" data-end=\"1262\"><strong data-start=\"1188\" data-end=\"1202\">Protection<\/strong> contre la s\u00e9cheresse et les agressions environnementales.<\/p>\n<\/li>\n<\/ul>\n<p data-start=\"1264\" data-end=\"1456\"><strong data-start=\"1264\" data-end=\"1292\">Texture &amp; sensorialit\u00e9 :<\/strong> s\u2019absorbe rapidement, laissant la peau velout\u00e9e sans fini gras. Parfaite comme soin de jour et de nuit, adapt\u00e9e \u00e0 toutes les saisons et \u00e0 tous les types de peau.<\/p>\n<p data-start=\"1458\" data-end=\"1655\"><strong data-start=\"1458\" data-end=\"1475\">Utilisation :<\/strong> appliquer une petite quantit\u00e9 sur le visage et le cou, masser d\u00e9licatement jusqu\u2019\u00e0 absorption compl\u00e8te. Pour un r\u00e9sultat optimal, utiliser apr\u00e8s un s\u00e9rum ou une essence MIXSOON.<\/p>\n<p data-start=\"1657\" data-end=\"1683\"><strong data-start=\"1657\" data-end=\"1681\">Pourquoi l\u2019adopter :<\/strong><\/p>\n<ul data-start=\"1684\" data-end=\"1836\">\n<li data-start=\"1684\" data-end=\"1738\">\n<p data-start=\"1686\" data-end=\"1738\">Formule riche mais l\u00e9g\u00e8re pour un usage quotidien.<\/p>\n<\/li>\n<li data-start=\"1739\" data-end=\"1797\">\n<p data-start=\"1741\" data-end=\"1797\">Ingr\u00e9dients ferment\u00e9s pour une meilleure assimilation.<\/p>\n<\/li>\n<li data-start=\"1798\" data-end=\"1836\">\n<p data-start=\"1800\" data-end=\"1836\">Apporte \u00e9clat et confort imm\u00e9diat.<\/p>\n<\/li>\n<\/ul>\n<p>&nbsp;<\/p>\n<p data-start=\"1948\" data-end=\"2118\">Follow us! <a href=\"https:\/\/www.instagram.com\/freeshopswiss\/\" target=\"_blank\" rel=\"noopener\">@freeshopswiss<\/a><\/p>\n","protected":false},"excerpt":{"rendered":"<p>MIXSOON Bean Cream 50ml \u2013 Cr\u00e8me visage nourrissante et r\u00e9g\u00e9n\u00e9rante La MIXSOON Bean Cream est une cr\u00e8me visage \u00e0 la texture riche et soyeuse, formul\u00e9e pour offrir une hydratation intense et un effet r\u00e9g\u00e9n\u00e9rant visible d\u00e8s les premi\u00e8res applications. Gr\u00e2ce \u00e0 l\u2019extrait de haricot ferment\u00e9 et \u00e0 d\u2019autres actifs naturels, elle nourrit la peau en [&hellip;]<\/p>\n","protected":false},"featured_media":34224,"comment_status":"open","ping_status":"closed","template":"","meta":[],"pwb-brand":[299],"product_brand":[],"product_cat":[109,3768],"product_tag":[296,5050,3611,5046,417,301],"class_list":{"0":"post-34229","1":"product","2":"type-product","3":"status-publish","4":"has-post-thumbnail","6":"pwb-brand-mixsoon","7":"product_cat-pour-elle","8":"product_cat-k-beauty-fr","9":"product_tag-femme","10":"product_tag-fete-des-meres","11":"product_tag-k-beauty-fr","12":"product_tag-moins-de-30-chf","13":"product_tag-soins-fr","14":"product_tag-soins-du-visage","16":"first","17":"instock","18":"sale","19":"taxable","20":"shipping-taxable","21":"purchasable","22":"product-type-simple"},"brands":[{"id":299,"name":"Mixsoon","slug":"mixsoon"}],"_links":{"self":[{"href":"https:\/\/www.freeshopfrontiera.ch\/fr\/wp-json\/wp\/v2\/product\/34229","targetHints":{"allow":["GET"]}}],"collection":[{"href":"https:\/\/www.freeshopfrontiera.ch\/fr\/wp-json\/wp\/v2\/product"}],"about":[{"href":"https:\/\/www.freeshopfrontiera.ch\/fr\/wp-json\/wp\/v2\/types\/product"}],"replies":[{"embeddable":true,"href":"https:\/\/www.freeshopfrontiera.ch\/fr\/wp-json\/wp\/v2\/comments?post=34229"}],"version-history":[{"count":2,"href":"https:\/\/www.freeshopfrontiera.ch\/fr\/wp-json\/wp\/v2\/product\/34229\/revisions"}],"predecessor-version":[{"id":34234,"href":"https:\/\/www.freeshopfrontiera.ch\/fr\/wp-json\/wp\/v2\/product\/34229\/revisions\/34234"}],"wp:featuredmedia":[{"embeddable":true,"href":"https:\/\/www.freeshopfrontiera.ch\/fr\/wp-json\/wp\/v2\/media\/34224"}],"wp:attachment":[{"href":"https:\/\/www.freeshopfrontiera.ch\/fr\/wp-json\/wp\/v2\/media?parent=34229"}],"wp:term":[{"taxonomy":"pwb-brand","embeddable":true,"href":"https:\/\/www.freeshopfrontiera.ch\/fr\/wp-json\/wp\/v2\/pwb-brand?post=34229"},{"taxonomy":"product_brand","embeddable":true,"href":"https:\/\/www.freeshopfrontiera.ch\/fr\/wp-json\/wp\/v2\/product_brand?post=34229"},{"taxonomy":"product_cat","embeddable":true,"href":"https:\/\/www.freeshopfrontiera.ch\/fr\/wp-json\/wp\/v2\/product_cat?post=34229"},{"taxonomy":"product_tag","embeddable":true,"href":"https:\/\/www.freeshopfrontiera.ch\/fr\/wp-json\/wp\/v2\/product_tag?post=34229"}],"curies":[{"name":"wp","href":"https:\/\/api.w.org\/{rel}","templated":true}]}}