{"id":34256,"date":"2025-08-11T13:15:40","date_gmt":"2025-08-11T13:15:40","guid":{"rendered":"https:\/\/www.freeshopfrontiera.ch\/shop\/gianni-versace-eros-najim-100ml\/"},"modified":"2026-03-09T10:02:05","modified_gmt":"2026-03-09T10:02:05","slug":"gianni-versace-eros-najim-100ml","status":"publish","type":"product","link":"https:\/\/www.freeshopfrontiera.ch\/fr\/shop\/gianni-versace-eros-najim-100ml\/","title":{"rendered":"VERSACE Eros Najim Eau de Parfum"},"content":{"rendered":"<h2 data-start=\"1944\" data-end=\"2044\"><strong data-start=\"1952\" data-end=\"2042\">VERSACE Eros Najim<\/strong><\/h2>\n<p data-start=\"2046\" data-end=\"3895\">Le <strong data-start=\"2049\" data-end=\"2078\">Versace Eros Najim<\/strong> est un parfum qui incarne la force, la passion et le charme, con\u00e7u pour l\u2019homme charismatique qui souhaite se d\u00e9marquer. Sa composition s\u2019ouvre sur une explosion fra\u00eeche et vibrante de <strong data-start=\"2264\" data-end=\"2274\">menthe<\/strong> et d\u2019<strong data-start=\"2280\" data-end=\"2306\">agrumes m\u00e9diterran\u00e9ens<\/strong>, rehauss\u00e9e de nuances \u00e9pic\u00e9es qui apportent \u00e9nergie et vitalit\u00e9 d\u00e8s la premi\u00e8re vaporisation. En c\u0153ur, un bouquet aromatique enveloppant o\u00f9 se m\u00ealent <strong data-start=\"2457\" data-end=\"2498\">fleurs \u00e9pic\u00e9es, cardamome et cannelle<\/strong>, offrant un caract\u00e8re sensuel et raffin\u00e9.<\/p>\n<p data-start=\"2046\" data-end=\"3895\">Le fond r\u00e9v\u00e8le la facette la plus profonde et s\u00e9duisante de la fragrance, avec une harmonie de <strong data-start=\"2636\" data-end=\"2653\">bois pr\u00e9cieux<\/strong>, <strong data-start=\"2655\" data-end=\"2675\">vanille cr\u00e9meuse<\/strong> et <strong data-start=\"2679\" data-end=\"2695\">ambre chaude<\/strong> qui enveloppent la peau d\u2019une \u00e9treinte magn\u00e9tique et persistante. Cette Eau de Parfum offre un sillage intense et durable, id\u00e9al pour les soir\u00e9es importantes, les \u00e9v\u00e9nements sp\u00e9ciaux et tous les moments o\u00f9 l\u2019on souhaite laisser une impression m\u00e9morable. Le flacon de 100ml est une v\u00e9ritable ic\u00f4ne de style : audacieux, luxueux et typiquement Versace, symbole de puissance et de raffinement, parfait pour sublimer toute collection de parfums. Polyvalent tout en affirmant une identit\u00e9 forte, Eros Najim s\u2019adapte \u00e0 toutes les saisons, conservant son charme aussi bien lors des fra\u00eeches nuits de printemps que pendant les soir\u00e9es hivernales les plus intenses. Parfait pour l\u2019homme moderne qui appr\u00e9cie la qualit\u00e9 et le luxe, ce parfum est une v\u00e9ritable d\u00e9claration de personnalit\u00e9 et de s\u00e9duction.<\/p>\n<p data-start=\"2046\" data-end=\"3895\">\n<p data-start=\"278\" data-end=\"2019\">Follow us! <a href=\"https:\/\/www.instagram.com\/freeshopswiss\/\" target=\"_blank\" rel=\"noopener\">@freeshopswiss<\/a><\/p>\n","protected":false},"excerpt":{"rendered":"<p>VERSACE Eros Najim Le Versace Eros Najim est un parfum qui incarne la force, la passion et le charme, con\u00e7u pour l\u2019homme charismatique qui souhaite se d\u00e9marquer. Sa composition s\u2019ouvre sur une explosion fra\u00eeche et vibrante de menthe et d\u2019agrumes m\u00e9diterran\u00e9ens, rehauss\u00e9e de nuances \u00e9pic\u00e9es qui apportent \u00e9nergie et vitalit\u00e9 d\u00e8s la premi\u00e8re vaporisation. En [&hellip;]<\/p>\n","protected":false},"featured_media":34240,"comment_status":"open","ping_status":"closed","template":"","meta":[],"pwb-brand":[124],"product_brand":[],"product_cat":[87,89],"product_tag":[252,1629,143,97],"class_list":{"0":"post-34256","1":"product","2":"type-product","3":"status-publish","4":"has-post-thumbnail","6":"pwb-brand-versace","7":"product_cat-parfums","8":"product_cat-pour-lui","9":"product_tag-eau-de-parfum-fr","10":"product_tag-mens-fragrances-fr","11":"product_tag-homme","12":"product_tag-parfums","14":"first","15":"instock","16":"sale","17":"taxable","18":"shipping-taxable","19":"purchasable","20":"product-type-variable","21":"has-default-attributes"},"brands":[{"id":124,"name":"Versace","slug":"versace"}],"_links":{"self":[{"href":"https:\/\/www.freeshopfrontiera.ch\/fr\/wp-json\/wp\/v2\/product\/34256","targetHints":{"allow":["GET"]}}],"collection":[{"href":"https:\/\/www.freeshopfrontiera.ch\/fr\/wp-json\/wp\/v2\/product"}],"about":[{"href":"https:\/\/www.freeshopfrontiera.ch\/fr\/wp-json\/wp\/v2\/types\/product"}],"replies":[{"embeddable":true,"href":"https:\/\/www.freeshopfrontiera.ch\/fr\/wp-json\/wp\/v2\/comments?post=34256"}],"version-history":[{"count":6,"href":"https:\/\/www.freeshopfrontiera.ch\/fr\/wp-json\/wp\/v2\/product\/34256\/revisions"}],"predecessor-version":[{"id":40801,"href":"https:\/\/www.freeshopfrontiera.ch\/fr\/wp-json\/wp\/v2\/product\/34256\/revisions\/40801"}],"wp:featuredmedia":[{"embeddable":true,"href":"https:\/\/www.freeshopfrontiera.ch\/fr\/wp-json\/wp\/v2\/media\/34240"}],"wp:attachment":[{"href":"https:\/\/www.freeshopfrontiera.ch\/fr\/wp-json\/wp\/v2\/media?parent=34256"}],"wp:term":[{"taxonomy":"pwb-brand","embeddable":true,"href":"https:\/\/www.freeshopfrontiera.ch\/fr\/wp-json\/wp\/v2\/pwb-brand?post=34256"},{"taxonomy":"product_brand","embeddable":true,"href":"https:\/\/www.freeshopfrontiera.ch\/fr\/wp-json\/wp\/v2\/product_brand?post=34256"},{"taxonomy":"product_cat","embeddable":true,"href":"https:\/\/www.freeshopfrontiera.ch\/fr\/wp-json\/wp\/v2\/product_cat?post=34256"},{"taxonomy":"product_tag","embeddable":true,"href":"https:\/\/www.freeshopfrontiera.ch\/fr\/wp-json\/wp\/v2\/product_tag?post=34256"}],"curies":[{"name":"wp","href":"https:\/\/api.w.org\/{rel}","templated":true}]}}