{"id":34279,"date":"2025-08-11T13:42:52","date_gmt":"2025-08-11T13:42:52","guid":{"rendered":"https:\/\/www.freeshopfrontiera.ch\/shop\/yves-saint-laurent-elle-80ml\/"},"modified":"2025-12-15T09:56:51","modified_gmt":"2025-12-15T09:56:51","slug":"yves-saint-laurent-elle-80ml","status":"publish","type":"product","link":"https:\/\/www.freeshopfrontiera.ch\/fr\/shop\/yves-saint-laurent-elle-80ml\/","title":{"rendered":"YVES SAINT LAURENT Elle Eau de Parfum 80ml"},"content":{"rendered":"<p data-start=\"1528\" data-end=\"1632\"><strong data-start=\"1548\" data-end=\"1630\">YVES SAINT LAURENT Elle Eau de Parfum Vapo 80ml \u2013 F\u00e9minit\u00e9, \u00e9l\u00e9gance et audace<\/strong><\/p>\n<p data-start=\"1634\" data-end=\"2799\"><strong data-start=\"1634\" data-end=\"1661\">Yves Saint Laurent Elle<\/strong> Eau de Parfum incarne la femme moderne : s\u00fbre d\u2019elle, \u00e9l\u00e9gante et capable de surprendre avec une touche d\u2019audace. Cr\u00e9\u00e9e pour celles qui aiment se distinguer, cette fragrance marie fra\u00eecheur, sensualit\u00e9 et caract\u00e8re dans un parfum unique et inoubliable.<\/p>\n<p data-start=\"1634\" data-end=\"2799\">L\u2019ouverture, lumineuse et p\u00e9tillante, d\u00e9voile des notes de <strong data-start=\"1974\" data-end=\"2003\">citron, litchi et pivoine<\/strong>, offrant une sensation imm\u00e9diate d\u2019\u00e9nergie et de f\u00e9minit\u00e9. En c\u0153ur, un bouquet raffin\u00e9 de <strong data-start=\"2094\" data-end=\"2121\">jasmin, rose et freesia<\/strong> enveloppe les sens d\u2019une \u00e9l\u00e9gance florale, exprimant \u00e0 la fois d\u00e9licatesse et force int\u00e9rieure. Le fond chaleureux et enveloppant de <strong data-start=\"2255\" data-end=\"2294\">bois de c\u00e8dre, patchouli et v\u00e9tiver<\/strong> apporte profondeur et sensualit\u00e9, prolongeant le sillage pendant des heures. Polyvalent et id\u00e9al pour tout moment de la journ\u00e9e, <strong data-start=\"2424\" data-end=\"2446\">Elle Eau de Parfum<\/strong> est frais et lumineux le matin, sophistiqu\u00e9 et s\u00e9duisant le soir.<\/p>\n<p data-start=\"1634\" data-end=\"2799\">Le flacon de 80 ml, au design \u00e9l\u00e9gant et moderne, refl\u00e8te l\u2019esprit YSL : lignes \u00e9pur\u00e9es, d\u00e9tails raffin\u00e9s et personnalit\u00e9 affirm\u00e9e. Porter <strong data-start=\"2652\" data-end=\"2679\">Yves Saint Laurent Elle<\/strong>, c\u2019est s\u2019envelopper d\u2019une \u00e9l\u00e9gance contemporaine, o\u00f9 chaque note met en valeur la personnalit\u00e9 de celle qui le porte.<\/p>\n<p data-start=\"1544\" data-end=\"2081\">Follow us! <a href=\"https:\/\/www.instagram.com\/freeshopswiss\/\" target=\"_blank\" rel=\"noopener\">@freeshopswiss<\/a><\/p>\n","protected":false},"excerpt":{"rendered":"<p>YVES SAINT LAURENT Elle Eau de Parfum Vapo 80ml \u2013 F\u00e9minit\u00e9, \u00e9l\u00e9gance et audace Yves Saint Laurent Elle Eau de Parfum incarne la femme moderne : s\u00fbre d\u2019elle, \u00e9l\u00e9gante et capable de surprendre avec une touche d\u2019audace. Cr\u00e9\u00e9e pour celles qui aiment se distinguer, cette fragrance marie fra\u00eecheur, sensualit\u00e9 et caract\u00e8re dans un parfum unique [&hellip;]<\/p>\n","protected":false},"featured_media":34275,"comment_status":"open","ping_status":"closed","template":"","meta":[],"pwb-brand":[268],"product_brand":[],"product_cat":[87,109],"product_tag":[252,296,789,97],"class_list":{"0":"post-34279","1":"product","2":"type-product","3":"status-publish","4":"has-post-thumbnail","6":"pwb-brand-yves-saint-laurent","7":"product_cat-parfums","8":"product_cat-pour-elle","9":"product_tag-eau-de-parfum-fr","10":"product_tag-femme","11":"product_tag-womens-fragrances-fr","12":"product_tag-parfums","14":"first","15":"instock","16":"sale","17":"taxable","18":"shipping-taxable","19":"purchasable","20":"product-type-simple"},"brands":[{"id":268,"name":"Yves Saint Laurent","slug":"yves-saint-laurent"}],"_links":{"self":[{"href":"https:\/\/www.freeshopfrontiera.ch\/fr\/wp-json\/wp\/v2\/product\/34279","targetHints":{"allow":["GET"]}}],"collection":[{"href":"https:\/\/www.freeshopfrontiera.ch\/fr\/wp-json\/wp\/v2\/product"}],"about":[{"href":"https:\/\/www.freeshopfrontiera.ch\/fr\/wp-json\/wp\/v2\/types\/product"}],"replies":[{"embeddable":true,"href":"https:\/\/www.freeshopfrontiera.ch\/fr\/wp-json\/wp\/v2\/comments?post=34279"}],"version-history":[{"count":4,"href":"https:\/\/www.freeshopfrontiera.ch\/fr\/wp-json\/wp\/v2\/product\/34279\/revisions"}],"predecessor-version":[{"id":37930,"href":"https:\/\/www.freeshopfrontiera.ch\/fr\/wp-json\/wp\/v2\/product\/34279\/revisions\/37930"}],"wp:featuredmedia":[{"embeddable":true,"href":"https:\/\/www.freeshopfrontiera.ch\/fr\/wp-json\/wp\/v2\/media\/34275"}],"wp:attachment":[{"href":"https:\/\/www.freeshopfrontiera.ch\/fr\/wp-json\/wp\/v2\/media?parent=34279"}],"wp:term":[{"taxonomy":"pwb-brand","embeddable":true,"href":"https:\/\/www.freeshopfrontiera.ch\/fr\/wp-json\/wp\/v2\/pwb-brand?post=34279"},{"taxonomy":"product_brand","embeddable":true,"href":"https:\/\/www.freeshopfrontiera.ch\/fr\/wp-json\/wp\/v2\/product_brand?post=34279"},{"taxonomy":"product_cat","embeddable":true,"href":"https:\/\/www.freeshopfrontiera.ch\/fr\/wp-json\/wp\/v2\/product_cat?post=34279"},{"taxonomy":"product_tag","embeddable":true,"href":"https:\/\/www.freeshopfrontiera.ch\/fr\/wp-json\/wp\/v2\/product_tag?post=34279"}],"curies":[{"name":"wp","href":"https:\/\/api.w.org\/{rel}","templated":true}]}}