{"id":34304,"date":"2025-08-11T14:10:52","date_gmt":"2025-08-11T14:10:52","guid":{"rendered":"https:\/\/www.freeshopfrontiera.ch\/shop\/yves-saint-laurent-cinema-80ml\/"},"modified":"2025-12-15T09:57:00","modified_gmt":"2025-12-15T09:57:00","slug":"yves-saint-laurent-cinema-80ml","status":"publish","type":"product","link":"https:\/\/www.freeshopfrontiera.ch\/fr\/shop\/yves-saint-laurent-cinema-80ml\/","title":{"rendered":"YVES SAINT LAURENT Cin\u00e9ma Eau de Parfum 80ml"},"content":{"rendered":"<p data-start=\"2954\" data-end=\"3038\"><strong data-start=\"2954\" data-end=\"3036\">YVES SAINT LAURENT Cin\u00e9ma Eau de Parfum \u2013 Le charme des \u00e9toiles dans un flacon<\/strong><\/p>\n<p data-start=\"3040\" data-end=\"3337\"><strong data-start=\"3040\" data-end=\"3069\">Yves Saint Laurent Cin\u00e9ma<\/strong> est le parfum d\u00e9di\u00e9 \u00e0 la femme qui aime se sentir l\u2019h\u00e9ro\u00efne, toujours sous les projecteurs, avec un style impeccable et une f\u00e9minit\u00e9 magn\u00e9tique. Inspir\u00e9e par le glamour du cin\u00e9ma, cette fragrance allie \u00e9l\u00e9gance et sensualit\u00e9 dans un bouquet lumineux et sophistiqu\u00e9.<\/p>\n<p data-start=\"3339\" data-end=\"3749\">L\u2019ouverture est \u00e9clatante et vibrante, gr\u00e2ce \u00e0 la <strong data-start=\"3389\" data-end=\"3440\">mandarine, au cyclamen et \u00e0 la fleur d\u2019amandier<\/strong>, qui apportent fra\u00eecheur et f\u00e9minit\u00e9 instantan\u00e9es. Le c\u0153ur floral riche et enveloppant associe <strong data-start=\"3536\" data-end=\"3568\">jasmin, pivoine et amaryllis<\/strong>, pour une \u00e9l\u00e9gance raffin\u00e9e et intemporelle. Le fond chaud et sensuel, compos\u00e9 de <strong data-start=\"3651\" data-end=\"3670\">vanille bourbon<\/strong>, sublim\u00e9 par <strong data-start=\"3684\" data-end=\"3707\">ambre et musc blanc<\/strong>, laisse un sillage doux et inoubliable.<\/p>\n<p data-start=\"3751\" data-end=\"4071\"><strong data-start=\"3751\" data-end=\"3761\">Cin\u00e9ma<\/strong> est une fragrance persistante et enveloppante, parfaite pour les soir\u00e9es et les occasions sp\u00e9ciales, mais assez raffin\u00e9e pour \u00eatre port\u00e9e en journ\u00e9e lorsque l\u2019on souhaite se sentir unique. Le flacon dor\u00e9 \u00e9l\u00e9gant de <strong data-start=\"3977\" data-end=\"3986\">90 ml<\/strong> refl\u00e8te la lumi\u00e8re comme un troph\u00e9e prestigieux, symbole de succ\u00e8s et de f\u00e9minit\u00e9.<\/p>\n<p data-start=\"4073\" data-end=\"4318\">Porter <strong data-start=\"4080\" data-end=\"4109\">Yves Saint Laurent Cin\u00e9ma<\/strong>, c\u2019est entrer en sc\u00e8ne avec assurance et charme, transformant chaque geste en un moment m\u00e9morable. Le parfum id\u00e9al pour exprimer votre c\u00f4t\u00e9 sensuel et sophistiqu\u00e9 avec une touche de magie cin\u00e9matographique<\/p>\n<p data-start=\"1392\" data-end=\"1661\">Follow us! <a href=\"https:\/\/www.instagram.com\/freeshopswiss\/\" target=\"_blank\" rel=\"noopener\">@freeshopswiss<\/a><\/p>\n","protected":false},"excerpt":{"rendered":"<p>YVES SAINT LAURENT Cin\u00e9ma Eau de Parfum \u2013 Le charme des \u00e9toiles dans un flacon Yves Saint Laurent Cin\u00e9ma est le parfum d\u00e9di\u00e9 \u00e0 la femme qui aime se sentir l\u2019h\u00e9ro\u00efne, toujours sous les projecteurs, avec un style impeccable et une f\u00e9minit\u00e9 magn\u00e9tique. Inspir\u00e9e par le glamour du cin\u00e9ma, cette fragrance allie \u00e9l\u00e9gance et sensualit\u00e9 [&hellip;]<\/p>\n","protected":false},"featured_media":34299,"comment_status":"open","ping_status":"closed","template":"","meta":[],"pwb-brand":[268],"product_brand":[],"product_cat":[87,109],"product_tag":[252,296,789,97],"class_list":{"0":"post-34304","1":"product","2":"type-product","3":"status-publish","4":"has-post-thumbnail","6":"pwb-brand-yves-saint-laurent","7":"product_cat-parfums","8":"product_cat-pour-elle","9":"product_tag-eau-de-parfum-fr","10":"product_tag-femme","11":"product_tag-womens-fragrances-fr","12":"product_tag-parfums","14":"first","15":"instock","16":"sale","17":"taxable","18":"shipping-taxable","19":"purchasable","20":"product-type-simple"},"brands":[{"id":268,"name":"Yves Saint Laurent","slug":"yves-saint-laurent"}],"_links":{"self":[{"href":"https:\/\/www.freeshopfrontiera.ch\/fr\/wp-json\/wp\/v2\/product\/34304","targetHints":{"allow":["GET"]}}],"collection":[{"href":"https:\/\/www.freeshopfrontiera.ch\/fr\/wp-json\/wp\/v2\/product"}],"about":[{"href":"https:\/\/www.freeshopfrontiera.ch\/fr\/wp-json\/wp\/v2\/types\/product"}],"replies":[{"embeddable":true,"href":"https:\/\/www.freeshopfrontiera.ch\/fr\/wp-json\/wp\/v2\/comments?post=34304"}],"version-history":[{"count":3,"href":"https:\/\/www.freeshopfrontiera.ch\/fr\/wp-json\/wp\/v2\/product\/34304\/revisions"}],"predecessor-version":[{"id":37931,"href":"https:\/\/www.freeshopfrontiera.ch\/fr\/wp-json\/wp\/v2\/product\/34304\/revisions\/37931"}],"wp:featuredmedia":[{"embeddable":true,"href":"https:\/\/www.freeshopfrontiera.ch\/fr\/wp-json\/wp\/v2\/media\/34299"}],"wp:attachment":[{"href":"https:\/\/www.freeshopfrontiera.ch\/fr\/wp-json\/wp\/v2\/media?parent=34304"}],"wp:term":[{"taxonomy":"pwb-brand","embeddable":true,"href":"https:\/\/www.freeshopfrontiera.ch\/fr\/wp-json\/wp\/v2\/pwb-brand?post=34304"},{"taxonomy":"product_brand","embeddable":true,"href":"https:\/\/www.freeshopfrontiera.ch\/fr\/wp-json\/wp\/v2\/product_brand?post=34304"},{"taxonomy":"product_cat","embeddable":true,"href":"https:\/\/www.freeshopfrontiera.ch\/fr\/wp-json\/wp\/v2\/product_cat?post=34304"},{"taxonomy":"product_tag","embeddable":true,"href":"https:\/\/www.freeshopfrontiera.ch\/fr\/wp-json\/wp\/v2\/product_tag?post=34304"}],"curies":[{"name":"wp","href":"https:\/\/api.w.org\/{rel}","templated":true}]}}