{"id":34356,"date":"2025-08-11T15:16:46","date_gmt":"2025-08-11T15:16:46","guid":{"rendered":"https:\/\/www.freeshopfrontiera.ch\/shop\/van-cleef-arpels-moonlight-patchouli-le-parfum-75ml\/"},"modified":"2025-08-11T15:20:38","modified_gmt":"2025-08-11T15:20:38","slug":"van-cleef-arpels-moonlight-patchouli-le-parfum-75ml","status":"publish","type":"product","link":"https:\/\/www.freeshopfrontiera.ch\/fr\/shop\/van-cleef-arpels-moonlight-patchouli-le-parfum-75ml\/","title":{"rendered":"VAN CLEEF &#038; ARPELS Moonlight Patchouli Le Parfum 75ml"},"content":{"rendered":"<p data-start=\"1662\" data-end=\"1769\"><strong data-start=\"1662\" data-end=\"1767\">VAN CLEEF &amp; ARPELS Moonlight Patchouli Le Parfum 75ml \u2013 Un voyage sensoriel entre myst\u00e8re et \u00e9l\u00e9gance<\/strong><\/p>\n<p data-start=\"1771\" data-end=\"2070\"><strong data-start=\"1771\" data-end=\"1823\">Van Cleef &amp; Arpels Moonlight Patchouli Le Parfum<\/strong>\u00a0est un parfum intense et raffin\u00e9 qui incarne la magie de la nuit et la profondeur des \u00e9motions. Ce parfum associe la force terreuse du patchouli \u00e0 des notes enveloppantes et sensuelles, pour une exp\u00e9rience olfactive inoubliable et sophistiqu\u00e9e.<\/p>\n<p data-start=\"2072\" data-end=\"2392\">L\u2019ouverture r\u00e9v\u00e8le un accord frais et p\u00e9tillant de\u00a0<strong data-start=\"2123\" data-end=\"2151\">bergamote et poivre rose<\/strong>, capturant l\u2019attention avec \u00e9nergie et vivacit\u00e9. Au c\u0153ur, le patchouli domine par sa pr\u00e9sence intense et myst\u00e9rieuse, enrichie d\u2019une touche d\u00e9licate de\u00a0<strong data-start=\"2304\" data-end=\"2322\">rose et jasmin<\/strong>\u00a0qui adoucit sa profondeur et apporte une \u00e9l\u00e9gance florale raffin\u00e9e.<\/p>\n<p data-start=\"2394\" data-end=\"2749\">La base est chaude et persistante, avec des notes de\u00a0<strong data-start=\"2447\" data-end=\"2482\">bois de c\u00e8dre, ambre et vanille<\/strong>, enveloppant la peau d\u2019un sillage doux et sensuel, parfait pour laisser une impression durable. Moonlight Patchouli est un parfum polyvalent, id\u00e9al tant pour le jour que pour la soir\u00e9e, pour celles qui recherchent un parfum sophistiqu\u00e9 exprimant force et f\u00e9minit\u00e9.<\/p>\n<p data-start=\"2751\" data-end=\"2929\">Le flacon de\u00a0<strong data-start=\"2764\" data-end=\"2772\">75ml<\/strong>\u00a0refl\u00e8te la lumi\u00e8re avec \u00e9l\u00e9gance, \u00e9voquant la lueur de la lune illuminant la nuit, avec un design raffin\u00e9 et moderne qui souligne l\u2019exclusivit\u00e9 du parfum.<\/p>\n<p data-start=\"2931\" data-end=\"3211\">Porter\u00a0<strong data-start=\"2938\" data-end=\"2990\">Van Cleef &amp; Arpels Moonlight Patchouli Le Parfum<\/strong>\u00a0c\u2019est s\u2019immerger dans une atmosph\u00e8re de myst\u00e8re, de charme et de s\u00e9duction, alliant la puissance de la nature \u00e0 une \u00e9l\u00e9gance intemporelle. Un parfum qui s\u00e9duit aussi bien celle qui le porte que ceux qui le rencontrent.<\/p>\n<p data-start=\"1457\" data-end=\"1706\">Follow us! <a href=\"https:\/\/www.instagram.com\/freeshopswiss\/\" target=\"_blank\" rel=\"noopener\">@freeshopswiss<\/a><\/p>\n","protected":false},"excerpt":{"rendered":"<p>VAN CLEEF &amp; ARPELS Moonlight Patchouli Le Parfum 75ml \u2013 Un voyage sensoriel entre myst\u00e8re et \u00e9l\u00e9gance Van Cleef &amp; Arpels Moonlight Patchouli Le Parfum\u00a0est un parfum intense et raffin\u00e9 qui incarne la magie de la nuit et la profondeur des \u00e9motions. Ce parfum associe la force terreuse du patchouli \u00e0 des notes enveloppantes et [&hellip;]<\/p>\n","protected":false},"featured_media":34348,"comment_status":"open","ping_status":"closed","template":"","meta":[],"pwb-brand":[404],"product_brand":[],"product_cat":[87,109,89],"product_tag":[252,296,789,1629,143,97,594],"class_list":{"0":"post-34356","1":"product","2":"type-product","3":"status-publish","4":"has-post-thumbnail","6":"pwb-brand-van-cleef-arpels","7":"product_cat-parfums","8":"product_cat-pour-elle","9":"product_cat-pour-lui","10":"product_tag-eau-de-parfum-fr","11":"product_tag-femme","12":"product_tag-womens-fragrances-fr","13":"product_tag-mens-fragrances-fr","14":"product_tag-homme","15":"product_tag-parfums","16":"product_tag-unisex-fr-2","18":"first","19":"outofstock","20":"sale","21":"taxable","22":"shipping-taxable","23":"purchasable","24":"product-type-simple"},"brands":[{"id":404,"name":"Van Cleef &amp; Arpels","slug":"van-cleef-arpels"}],"_links":{"self":[{"href":"https:\/\/www.freeshopfrontiera.ch\/fr\/wp-json\/wp\/v2\/product\/34356","targetHints":{"allow":["GET"]}}],"collection":[{"href":"https:\/\/www.freeshopfrontiera.ch\/fr\/wp-json\/wp\/v2\/product"}],"about":[{"href":"https:\/\/www.freeshopfrontiera.ch\/fr\/wp-json\/wp\/v2\/types\/product"}],"replies":[{"embeddable":true,"href":"https:\/\/www.freeshopfrontiera.ch\/fr\/wp-json\/wp\/v2\/comments?post=34356"}],"version-history":[{"count":2,"href":"https:\/\/www.freeshopfrontiera.ch\/fr\/wp-json\/wp\/v2\/product\/34356\/revisions"}],"predecessor-version":[{"id":34361,"href":"https:\/\/www.freeshopfrontiera.ch\/fr\/wp-json\/wp\/v2\/product\/34356\/revisions\/34361"}],"wp:featuredmedia":[{"embeddable":true,"href":"https:\/\/www.freeshopfrontiera.ch\/fr\/wp-json\/wp\/v2\/media\/34348"}],"wp:attachment":[{"href":"https:\/\/www.freeshopfrontiera.ch\/fr\/wp-json\/wp\/v2\/media?parent=34356"}],"wp:term":[{"taxonomy":"pwb-brand","embeddable":true,"href":"https:\/\/www.freeshopfrontiera.ch\/fr\/wp-json\/wp\/v2\/pwb-brand?post=34356"},{"taxonomy":"product_brand","embeddable":true,"href":"https:\/\/www.freeshopfrontiera.ch\/fr\/wp-json\/wp\/v2\/product_brand?post=34356"},{"taxonomy":"product_cat","embeddable":true,"href":"https:\/\/www.freeshopfrontiera.ch\/fr\/wp-json\/wp\/v2\/product_cat?post=34356"},{"taxonomy":"product_tag","embeddable":true,"href":"https:\/\/www.freeshopfrontiera.ch\/fr\/wp-json\/wp\/v2\/product_tag?post=34356"}],"curies":[{"name":"wp","href":"https:\/\/api.w.org\/{rel}","templated":true}]}}