{"id":34370,"date":"2025-08-11T15:34:57","date_gmt":"2025-08-11T15:34:57","guid":{"rendered":"https:\/\/www.freeshopfrontiera.ch\/shop\/mixsoon-centella-cleansing-foam-150ml\/"},"modified":"2025-08-11T15:51:22","modified_gmt":"2025-08-11T15:51:22","slug":"mixsoon-centella-cleansing-foam-150ml","status":"publish","type":"product","link":"https:\/\/www.freeshopfrontiera.ch\/fr\/shop\/mixsoon-centella-cleansing-foam-150ml\/","title":{"rendered":"MIXSOON Centella Cleansing Foam 150ml"},"content":{"rendered":"<p data-start=\"1631\" data-end=\"1737\"><strong data-start=\"1631\" data-end=\"1735\">MIXSOON Centella Cleansing Foam 150ml \u2013 Nettoyage doux et apaisant pour une peau fra\u00eeche et purifi\u00e9e<\/strong><\/p>\n<p data-start=\"1739\" data-end=\"2179\">La <strong data-start=\"1742\" data-end=\"1780\">mousse nettoyante MIXSOON Centella<\/strong> est un nettoyant visage moussant con\u00e7u pour un nettoyage en profondeur mais doux, adapt\u00e9 \u00e0 tous les types de peau, y compris les peaux sensibles et irrit\u00e9es. Enrichie en <strong data-start=\"1951\" data-end=\"1983\">extrait de Centella Asiatica<\/strong>, reconnue pour ses propri\u00e9t\u00e9s apaisantes et r\u00e9g\u00e9n\u00e9rantes, cette mousse nettoyante aide \u00e0 calmer la peau, r\u00e9duire les rougeurs et irritations, la laissant douce, hydrat\u00e9e et parfaitement propre.<\/p>\n<p data-start=\"2181\" data-end=\"2542\">Sa formule mousseuse se transforme en une cr\u00e8me onctueuse au contact de l\u2019eau, \u00e9liminant efficacement les impuret\u00e9s, le maquillage et l\u2019exc\u00e8s de s\u00e9bum sans dess\u00e9cher la peau. Elle contient \u00e9galement des ingr\u00e9dients nourrissants et antioxydants qui prot\u00e8gent la barri\u00e8re cutan\u00e9e et am\u00e9liorent la sant\u00e9 globale de la peau, pr\u00e9venant le vieillissement pr\u00e9matur\u00e9.<\/p>\n<p data-start=\"2544\" data-end=\"2857\">La <strong data-start=\"2547\" data-end=\"2585\">mousse nettoyante MIXSOON Centella<\/strong> est parfaite pour ceux qui recherchent un produit doux mais efficace, adapt\u00e9 \u00e0 un usage quotidien matin et soir. Apr\u00e8s utilisation, la peau appara\u00eet visiblement plus lumineuse, fra\u00eeche et velout\u00e9e, avec un effet \u00e9quilibrant qui aide \u00e0 maintenir l\u2019hydratation naturelle.<\/p>\n<p data-start=\"2859\" data-end=\"3119\">Le format <strong data-start=\"2869\" data-end=\"2878\">150ml<\/strong> est pratique et facile \u00e0 utiliser, id\u00e9al pour les voyages ou les routines de soins \u00e0 domicile. La texture l\u00e9g\u00e8re et fra\u00eeche rend l\u2019application agr\u00e9able et relaxante, transformant le moment du nettoyage en un v\u00e9ritable rituel de bien-\u00eatre.<\/p>\n<p data-start=\"3121\" data-end=\"3313\">Choisir la <strong data-start=\"3132\" data-end=\"3170\">mousse nettoyante MIXSOON Centella<\/strong> c\u2019est opter pour un alli\u00e9 quotidien pour une peau propre, apais\u00e9e et r\u00e9g\u00e9n\u00e9r\u00e9e, pr\u00eate \u00e0 affronter chaque jour avec un teint sain et radieux<\/p>\n<p data-start=\"1574\" data-end=\"1760\">Follow us! <a href=\"https:\/\/www.instagram.com\/freeshopswiss\/\" target=\"_blank\" rel=\"noopener\">@freeshopswiss<\/a><\/p>\n","protected":false},"excerpt":{"rendered":"<p>MIXSOON Centella Cleansing Foam 150ml \u2013 Nettoyage doux et apaisant pour une peau fra\u00eeche et purifi\u00e9e La mousse nettoyante MIXSOON Centella est un nettoyant visage moussant con\u00e7u pour un nettoyage en profondeur mais doux, adapt\u00e9 \u00e0 tous les types de peau, y compris les peaux sensibles et irrit\u00e9es. Enrichie en extrait de Centella Asiatica, reconnue [&hellip;]<\/p>\n","protected":false},"featured_media":34366,"comment_status":"open","ping_status":"closed","template":"","meta":[],"pwb-brand":[299],"product_brand":[],"product_cat":[109,295,3768,545],"product_tag":[296,3611,417,301],"class_list":{"0":"post-34370","1":"product","2":"type-product","3":"status-publish","4":"has-post-thumbnail","6":"pwb-brand-mixsoon","7":"product_cat-pour-elle","8":"product_cat-traitements","9":"product_cat-k-beauty-fr","10":"product_cat-soin-du-visage","11":"product_tag-femme","12":"product_tag-k-beauty-fr","13":"product_tag-soins-fr","14":"product_tag-soins-du-visage","16":"first","17":"outofstock","18":"sale","19":"taxable","20":"shipping-taxable","21":"purchasable","22":"product-type-simple"},"brands":[{"id":299,"name":"Mixsoon","slug":"mixsoon"}],"_links":{"self":[{"href":"https:\/\/www.freeshopfrontiera.ch\/fr\/wp-json\/wp\/v2\/product\/34370","targetHints":{"allow":["GET"]}}],"collection":[{"href":"https:\/\/www.freeshopfrontiera.ch\/fr\/wp-json\/wp\/v2\/product"}],"about":[{"href":"https:\/\/www.freeshopfrontiera.ch\/fr\/wp-json\/wp\/v2\/types\/product"}],"replies":[{"embeddable":true,"href":"https:\/\/www.freeshopfrontiera.ch\/fr\/wp-json\/wp\/v2\/comments?post=34370"}],"version-history":[{"count":1,"href":"https:\/\/www.freeshopfrontiera.ch\/fr\/wp-json\/wp\/v2\/product\/34370\/revisions"}],"predecessor-version":[{"id":34373,"href":"https:\/\/www.freeshopfrontiera.ch\/fr\/wp-json\/wp\/v2\/product\/34370\/revisions\/34373"}],"wp:featuredmedia":[{"embeddable":true,"href":"https:\/\/www.freeshopfrontiera.ch\/fr\/wp-json\/wp\/v2\/media\/34366"}],"wp:attachment":[{"href":"https:\/\/www.freeshopfrontiera.ch\/fr\/wp-json\/wp\/v2\/media?parent=34370"}],"wp:term":[{"taxonomy":"pwb-brand","embeddable":true,"href":"https:\/\/www.freeshopfrontiera.ch\/fr\/wp-json\/wp\/v2\/pwb-brand?post=34370"},{"taxonomy":"product_brand","embeddable":true,"href":"https:\/\/www.freeshopfrontiera.ch\/fr\/wp-json\/wp\/v2\/product_brand?post=34370"},{"taxonomy":"product_cat","embeddable":true,"href":"https:\/\/www.freeshopfrontiera.ch\/fr\/wp-json\/wp\/v2\/product_cat?post=34370"},{"taxonomy":"product_tag","embeddable":true,"href":"https:\/\/www.freeshopfrontiera.ch\/fr\/wp-json\/wp\/v2\/product_tag?post=34370"}],"curies":[{"name":"wp","href":"https:\/\/api.w.org\/{rel}","templated":true}]}}