{"id":34391,"date":"2025-08-12T08:54:26","date_gmt":"2025-08-12T08:54:26","guid":{"rendered":"https:\/\/www.freeshopfrontiera.ch\/shop\/beauty-of-joseon-dynasty-cream-50ml\/"},"modified":"2025-08-12T09:17:19","modified_gmt":"2025-08-12T09:17:19","slug":"beauty-of-joseon-dynasty-cream-50ml","status":"publish","type":"product","link":"https:\/\/www.freeshopfrontiera.ch\/fr\/shop\/beauty-of-joseon-dynasty-cream-50ml\/","title":{"rendered":"BEAUTY OF JOSEON Dynasty Cream 50ml"},"content":{"rendered":"<p data-start=\"1579\" data-end=\"1694\"><strong data-start=\"1599\" data-end=\"1692\">BEAUTY OF JOSEON Dynasty Cream 50 ml \u2013 Hydratation intense et \u00e9clat royal pour votre peau<\/strong><\/p>\n<p data-start=\"1696\" data-end=\"2084\">La <strong data-start=\"1699\" data-end=\"1733\">BEAUTY OF JOSEON Dynasty Cream<\/strong> est une cr\u00e8me visage inspir\u00e9e des anciennes recettes de beaut\u00e9 cor\u00e9ennes, con\u00e7ue pour offrir une nutrition profonde, une hydratation longue dur\u00e9e et un teint lumineux. Enrichie en ingr\u00e9dients pr\u00e9cieux tels que l\u2019eau de riz, le ginseng, le miel et la niacinamide, cette cr\u00e8me associe tradition et innovation pour r\u00e9v\u00e9ler une peau saine et \u00e9clatante.<\/p>\n<p data-start=\"2086\" data-end=\"2498\">Sa texture riche mais l\u00e9g\u00e8re p\u00e9n\u00e8tre facilement, enveloppant la peau d\u2019un voile soyeux qui retient l\u2019hydratation et am\u00e9liore l\u2019\u00e9lasticit\u00e9. L\u2019eau de riz et le ginseng apportent min\u00e9raux et antioxydants, tandis que la niacinamide unifie le teint et r\u00e9duit l\u2019apparence des taches et des irr\u00e9gularit\u00e9s. Le miel et les ferments naturels renforcent la barri\u00e8re cutan\u00e9e et prot\u00e8gent contre les agressions ext\u00e9rieures.<\/p>\n<p data-start=\"2500\" data-end=\"2745\">Adapt\u00e9e \u00e0 tous les types de peau, y compris les plus sensibles, la Dynasty Cream est id\u00e9ale pour un usage quotidien matin et soir. Avec une utilisation r\u00e9guli\u00e8re, la peau para\u00eet plus douce, repulp\u00e9e et \u00e9clatante, pour un aspect jeune et frais.<\/p>\n<p data-start=\"2747\" data-end=\"2927\">Son format pratique de 50 ml est parfait \u00e0 la maison ou en voyage, transformant chaque application en un v\u00e9ritable rituel de beaut\u00e9 royal, inspir\u00e9 des soins des nobles cor\u00e9ennes<\/p>\n<p data-start=\"1515\" data-end=\"1692\">Follow us! <a href=\"https:\/\/www.instagram.com\/freeshopswiss\/\" target=\"_blank\" rel=\"noopener\">@freeshopswiss<\/a><\/p>\n","protected":false},"excerpt":{"rendered":"<p>BEAUTY OF JOSEON Dynasty Cream 50 ml \u2013 Hydratation intense et \u00e9clat royal pour votre peau La BEAUTY OF JOSEON Dynasty Cream est une cr\u00e8me visage inspir\u00e9e des anciennes recettes de beaut\u00e9 cor\u00e9ennes, con\u00e7ue pour offrir une nutrition profonde, une hydratation longue dur\u00e9e et un teint lumineux. Enrichie en ingr\u00e9dients pr\u00e9cieux tels que l\u2019eau de [&hellip;]<\/p>\n","protected":false},"featured_media":34383,"comment_status":"open","ping_status":"closed","template":"","meta":[],"pwb-brand":[574],"product_brand":[],"product_cat":[295,3768,545],"product_tag":[296,3611,417,301],"class_list":{"0":"post-34391","1":"product","2":"type-product","3":"status-publish","4":"has-post-thumbnail","6":"pwb-brand-beauty-of-joseon","7":"product_cat-traitements","8":"product_cat-k-beauty-fr","9":"product_cat-soin-du-visage","10":"product_tag-femme","11":"product_tag-k-beauty-fr","12":"product_tag-soins-fr","13":"product_tag-soins-du-visage","15":"first","16":"instock","17":"sale","18":"taxable","19":"shipping-taxable","20":"purchasable","21":"product-type-simple"},"brands":[{"id":574,"name":"Beauty of Joseon","slug":"beauty-of-joseon"}],"_links":{"self":[{"href":"https:\/\/www.freeshopfrontiera.ch\/fr\/wp-json\/wp\/v2\/product\/34391","targetHints":{"allow":["GET"]}}],"collection":[{"href":"https:\/\/www.freeshopfrontiera.ch\/fr\/wp-json\/wp\/v2\/product"}],"about":[{"href":"https:\/\/www.freeshopfrontiera.ch\/fr\/wp-json\/wp\/v2\/types\/product"}],"replies":[{"embeddable":true,"href":"https:\/\/www.freeshopfrontiera.ch\/fr\/wp-json\/wp\/v2\/comments?post=34391"}],"version-history":[{"count":1,"href":"https:\/\/www.freeshopfrontiera.ch\/fr\/wp-json\/wp\/v2\/product\/34391\/revisions"}],"predecessor-version":[{"id":34395,"href":"https:\/\/www.freeshopfrontiera.ch\/fr\/wp-json\/wp\/v2\/product\/34391\/revisions\/34395"}],"wp:featuredmedia":[{"embeddable":true,"href":"https:\/\/www.freeshopfrontiera.ch\/fr\/wp-json\/wp\/v2\/media\/34383"}],"wp:attachment":[{"href":"https:\/\/www.freeshopfrontiera.ch\/fr\/wp-json\/wp\/v2\/media?parent=34391"}],"wp:term":[{"taxonomy":"pwb-brand","embeddable":true,"href":"https:\/\/www.freeshopfrontiera.ch\/fr\/wp-json\/wp\/v2\/pwb-brand?post=34391"},{"taxonomy":"product_brand","embeddable":true,"href":"https:\/\/www.freeshopfrontiera.ch\/fr\/wp-json\/wp\/v2\/product_brand?post=34391"},{"taxonomy":"product_cat","embeddable":true,"href":"https:\/\/www.freeshopfrontiera.ch\/fr\/wp-json\/wp\/v2\/product_cat?post=34391"},{"taxonomy":"product_tag","embeddable":true,"href":"https:\/\/www.freeshopfrontiera.ch\/fr\/wp-json\/wp\/v2\/product_tag?post=34391"}],"curies":[{"name":"wp","href":"https:\/\/api.w.org\/{rel}","templated":true}]}}