{"id":34405,"date":"2025-08-12T09:27:48","date_gmt":"2025-08-12T09:27:48","guid":{"rendered":"https:\/\/www.freeshopfrontiera.ch\/shop\/hugo-boss-set-boss-bottled-parfum-50ml-deo-spray-150ml\/"},"modified":"2025-08-12T09:30:48","modified_gmt":"2025-08-12T09:30:48","slug":"hugo-boss-set-boss-bottled-parfum-50ml-deo-spray-150ml","status":"publish","type":"product","link":"https:\/\/www.freeshopfrontiera.ch\/fr\/shop\/hugo-boss-set-boss-bottled-parfum-50ml-deo-spray-150ml\/","title":{"rendered":"HUGO BOSS SET Boss Bottled Parfum 50ml + Deo Spray 150ml"},"content":{"rendered":"<p data-start=\"1443\" data-end=\"1567\"><strong data-start=\"1463\" data-end=\"1565\">HUGO BOSS SET Boss Bottled Parfum 50 ml + Deo Spray 150 ml \u2013 \u00c9l\u00e9gance intense et fra\u00eecheur durable<\/strong><\/p>\n<p data-start=\"1569\" data-end=\"1760\">Le <strong data-start=\"1572\" data-end=\"1613\">coffret HUGO BOSS Boss Bottled Parfum<\/strong> est le cadeau parfait pour l\u2019homme moderne qui aime se distinguer par un style raffin\u00e9 et une pr\u00e9sence assur\u00e9e. Cet ensemble exclusif comprend :<\/p>\n<ul data-start=\"1762\" data-end=\"2202\">\n<li data-start=\"1762\" data-end=\"2035\">\n<p data-start=\"1764\" data-end=\"2035\"><strong data-start=\"1764\" data-end=\"1793\">Boss Bottled Parfum 50 ml<\/strong> \u2013 Un parfum bois\u00e9 et \u00e9pic\u00e9 associant des notes de mandarine et d\u2019huile d\u2019oliban \u00e0 un c\u0153ur d\u2019iris et de racine de v\u00e9tiver. La base, riche en bois pr\u00e9cieux et ambre, apporte profondeur et caract\u00e8re pour une fragrance intense et enveloppante.<\/p>\n<\/li>\n<li data-start=\"2036\" data-end=\"2202\">\n<p data-start=\"2038\" data-end=\"2202\"><strong data-start=\"2038\" data-end=\"2064\">D\u00e9odorant Spray 150 ml<\/strong> \u2013 Un d\u00e9odorant spray rafra\u00eechissant offrant une protection longue dur\u00e9e et enveloppant la peau des notes embl\u00e9matiques de Boss Bottled.<\/p>\n<\/li>\n<\/ul>\n<p data-start=\"2204\" data-end=\"2384\">La version Parfum se distingue par une concentration plus \u00e9lev\u00e9e en essences, garantissant un sillage persistant et sophistiqu\u00e9, id\u00e9al pour toutes les occasions, du jour au soir.<\/p>\n<p data-start=\"2386\" data-end=\"2567\">Pr\u00e9sent\u00e9 dans un coffret \u00e9l\u00e9gant, cet ensemble est une id\u00e9e cadeau id\u00e9ale pour un anniversaire, une f\u00eate ou toute autre occasion sp\u00e9ciale \u2013 ou pour s\u2019offrir un pur moment de luxe.<\/p>\n<p data-start=\"2569\" data-end=\"2719\">Avec le <strong data-start=\"2577\" data-end=\"2614\">HUGO BOSS Boss Bottled Parfum Set<\/strong>, offrez (ou offrez-vous) une exp\u00e9rience olfactive compl\u00e8te : intensit\u00e9, fra\u00eecheur et style intemporel.<\/p>\n<p data-start=\"1296\" data-end=\"1444\">Follow us! <a href=\"https:\/\/www.instagram.com\/freeshopswiss\/\" target=\"_blank\" rel=\"noopener\">@freeshopswiss<\/a><\/p>\n","protected":false},"excerpt":{"rendered":"<p>HUGO BOSS SET Boss Bottled Parfum 50 ml + Deo Spray 150 ml \u2013 \u00c9l\u00e9gance intense et fra\u00eecheur durable Le coffret HUGO BOSS Boss Bottled Parfum est le cadeau parfait pour l\u2019homme moderne qui aime se distinguer par un style raffin\u00e9 et une pr\u00e9sence assur\u00e9e. Cet ensemble exclusif comprend : Boss Bottled Parfum 50 ml [&hellip;]<\/p>\n","protected":false},"featured_media":34401,"comment_status":"open","ping_status":"closed","template":"","meta":[],"pwb-brand":[260],"product_brand":[],"product_cat":[87,89,484,4192],"product_tag":[459,464,143,97],"class_list":{"0":"post-34405","1":"product","2":"type-product","3":"status-publish","4":"has-post-thumbnail","6":"pwb-brand-hugo-boss","7":"product_cat-parfums","8":"product_cat-pour-lui","9":"product_cat-coffret","10":"product_cat-offers-coffret","11":"product_tag-coffret","12":"product_tag-coffret-homme","13":"product_tag-homme","14":"product_tag-parfums","16":"first","17":"instock","18":"sale","19":"taxable","20":"shipping-taxable","21":"purchasable","22":"product-type-simple"},"brands":[{"id":260,"name":"Hugo Boss","slug":"hugo-boss"}],"_links":{"self":[{"href":"https:\/\/www.freeshopfrontiera.ch\/fr\/wp-json\/wp\/v2\/product\/34405","targetHints":{"allow":["GET"]}}],"collection":[{"href":"https:\/\/www.freeshopfrontiera.ch\/fr\/wp-json\/wp\/v2\/product"}],"about":[{"href":"https:\/\/www.freeshopfrontiera.ch\/fr\/wp-json\/wp\/v2\/types\/product"}],"replies":[{"embeddable":true,"href":"https:\/\/www.freeshopfrontiera.ch\/fr\/wp-json\/wp\/v2\/comments?post=34405"}],"version-history":[{"count":1,"href":"https:\/\/www.freeshopfrontiera.ch\/fr\/wp-json\/wp\/v2\/product\/34405\/revisions"}],"predecessor-version":[{"id":34408,"href":"https:\/\/www.freeshopfrontiera.ch\/fr\/wp-json\/wp\/v2\/product\/34405\/revisions\/34408"}],"wp:featuredmedia":[{"embeddable":true,"href":"https:\/\/www.freeshopfrontiera.ch\/fr\/wp-json\/wp\/v2\/media\/34401"}],"wp:attachment":[{"href":"https:\/\/www.freeshopfrontiera.ch\/fr\/wp-json\/wp\/v2\/media?parent=34405"}],"wp:term":[{"taxonomy":"pwb-brand","embeddable":true,"href":"https:\/\/www.freeshopfrontiera.ch\/fr\/wp-json\/wp\/v2\/pwb-brand?post=34405"},{"taxonomy":"product_brand","embeddable":true,"href":"https:\/\/www.freeshopfrontiera.ch\/fr\/wp-json\/wp\/v2\/product_brand?post=34405"},{"taxonomy":"product_cat","embeddable":true,"href":"https:\/\/www.freeshopfrontiera.ch\/fr\/wp-json\/wp\/v2\/product_cat?post=34405"},{"taxonomy":"product_tag","embeddable":true,"href":"https:\/\/www.freeshopfrontiera.ch\/fr\/wp-json\/wp\/v2\/product_tag?post=34405"}],"curies":[{"name":"wp","href":"https:\/\/api.w.org\/{rel}","templated":true}]}}