{"id":34470,"date":"2025-08-14T09:18:06","date_gmt":"2025-08-14T09:18:06","guid":{"rendered":"https:\/\/www.freeshopfrontiera.ch\/shop\/rabanne-million-gold-for-her-parfum\/"},"modified":"2025-08-14T09:22:27","modified_gmt":"2025-08-14T09:22:27","slug":"rabanne-million-gold-for-her-parfum","status":"publish","type":"product","link":"https:\/\/www.freeshopfrontiera.ch\/fr\/shop\/rabanne-million-gold-for-her-parfum\/","title":{"rendered":"RABANNE Million Gold For Her Parfum"},"content":{"rendered":"<p data-start=\"116\" data-end=\"216\"><strong data-start=\"136\" data-end=\"214\">RABANNE Million Gold For Her Parfum \u2013 Luxe \u00e9clatant et f\u00e9minit\u00e9 magn\u00e9tique<\/strong><\/p>\n<p data-start=\"218\" data-end=\"515\"><strong data-start=\"218\" data-end=\"257\">RABANNE Million Gold For Her Parfum<\/strong> est une fragrance sensuelle et sophistiqu\u00e9e, cr\u00e9\u00e9e pour la femme qui aime briller avec \u00e9l\u00e9gance et laisser une empreinte inoubliable. Un parfum qui enveloppe les sens d\u2019un bouquet lumineux et pr\u00e9cieux, transformant chaque instant en une occasion sp\u00e9ciale.<\/p>\n<p data-start=\"517\" data-end=\"859\">L\u2019ouverture est p\u00e9tillante et radieuse, avec des notes fruit\u00e9es et florales qui captivent imm\u00e9diatement. Le c\u0153ur r\u00e9v\u00e8le une explosion de fleurs blanches velout\u00e9es, sublim\u00e9es par des nuances cr\u00e9meuses et raffin\u00e9es, tandis que le fond chaud et enveloppant marie bois pr\u00e9cieux et accents gourmands pour un sillage irr\u00e9sistible et longue dur\u00e9e.<\/p>\n<p data-start=\"861\" data-end=\"997\">Le flacon, inspir\u00e9 de l\u2019or pur et des facettes d\u2019un diamant, est un v\u00e9ritable objet de d\u00e9sir : luxueux, iconique et parfait \u00e0 exposer.<\/p>\n<p data-start=\"999\" data-end=\"1175\">Id\u00e9al de jour comme de nuit, <strong data-start=\"1028\" data-end=\"1052\">Million Gold For Her<\/strong> s\u2019adresse \u00e0 celles qui veulent se sentir uniques, s\u00fbres d\u2019elles et irr\u00e9sistibles, avec un sillage qui s\u00e9duit et captive.<\/p>\n<p data-start=\"1177\" data-end=\"1295\">Avec <strong data-start=\"1182\" data-end=\"1221\">RABANNE Million Gold For Her Parfum<\/strong>, vous portez non seulement un parfum, mais un v\u00e9ritable bijou olfactif<\/p>\n<p data-start=\"1182\" data-end=\"1288\">Follow us! <a href=\"https:\/\/www.instagram.com\/freeshopswiss\/\" target=\"_blank\" rel=\"noopener\">@freeshopswiss<\/a><\/p>\n","protected":false},"excerpt":{"rendered":"<p>RABANNE Million Gold For Her Parfum \u2013 Luxe \u00e9clatant et f\u00e9minit\u00e9 magn\u00e9tique RABANNE Million Gold For Her Parfum est une fragrance sensuelle et sophistiqu\u00e9e, cr\u00e9\u00e9e pour la femme qui aime briller avec \u00e9l\u00e9gance et laisser une empreinte inoubliable. Un parfum qui enveloppe les sens d\u2019un bouquet lumineux et pr\u00e9cieux, transformant chaque instant en une occasion [&hellip;]<\/p>\n","protected":false},"featured_media":34440,"comment_status":"open","ping_status":"closed","template":"","meta":[],"pwb-brand":[378],"product_brand":[],"product_cat":[87,109],"product_tag":[252,296,5050,789,97],"class_list":{"0":"post-34470","1":"product","2":"type-product","3":"status-publish","4":"has-post-thumbnail","6":"pwb-brand-rabanne","7":"product_cat-parfums","8":"product_cat-pour-elle","9":"product_tag-eau-de-parfum-fr","10":"product_tag-femme","11":"product_tag-fete-des-meres","12":"product_tag-womens-fragrances-fr","13":"product_tag-parfums","15":"first","16":"instock","17":"sale","18":"taxable","19":"shipping-taxable","20":"purchasable","21":"product-type-variable"},"brands":[{"id":378,"name":"Rabanne","slug":"rabanne"}],"_links":{"self":[{"href":"https:\/\/www.freeshopfrontiera.ch\/fr\/wp-json\/wp\/v2\/product\/34470","targetHints":{"allow":["GET"]}}],"collection":[{"href":"https:\/\/www.freeshopfrontiera.ch\/fr\/wp-json\/wp\/v2\/product"}],"about":[{"href":"https:\/\/www.freeshopfrontiera.ch\/fr\/wp-json\/wp\/v2\/types\/product"}],"replies":[{"embeddable":true,"href":"https:\/\/www.freeshopfrontiera.ch\/fr\/wp-json\/wp\/v2\/comments?post=34470"}],"version-history":[{"count":1,"href":"https:\/\/www.freeshopfrontiera.ch\/fr\/wp-json\/wp\/v2\/product\/34470\/revisions"}],"predecessor-version":[{"id":34479,"href":"https:\/\/www.freeshopfrontiera.ch\/fr\/wp-json\/wp\/v2\/product\/34470\/revisions\/34479"}],"wp:featuredmedia":[{"embeddable":true,"href":"https:\/\/www.freeshopfrontiera.ch\/fr\/wp-json\/wp\/v2\/media\/34440"}],"wp:attachment":[{"href":"https:\/\/www.freeshopfrontiera.ch\/fr\/wp-json\/wp\/v2\/media?parent=34470"}],"wp:term":[{"taxonomy":"pwb-brand","embeddable":true,"href":"https:\/\/www.freeshopfrontiera.ch\/fr\/wp-json\/wp\/v2\/pwb-brand?post=34470"},{"taxonomy":"product_brand","embeddable":true,"href":"https:\/\/www.freeshopfrontiera.ch\/fr\/wp-json\/wp\/v2\/product_brand?post=34470"},{"taxonomy":"product_cat","embeddable":true,"href":"https:\/\/www.freeshopfrontiera.ch\/fr\/wp-json\/wp\/v2\/product_cat?post=34470"},{"taxonomy":"product_tag","embeddable":true,"href":"https:\/\/www.freeshopfrontiera.ch\/fr\/wp-json\/wp\/v2\/product_tag?post=34470"}],"curies":[{"name":"wp","href":"https:\/\/api.w.org\/{rel}","templated":true}]}}