{"id":34533,"date":"2025-08-18T09:03:51","date_gmt":"2025-08-18T09:03:51","guid":{"rendered":"https:\/\/www.freeshopfrontiera.ch\/shop\/givenchy-gentleman-reserve-privee\/"},"modified":"2025-09-12T09:36:35","modified_gmt":"2025-09-12T09:36:35","slug":"givenchy-gentleman-reserve-privee","status":"publish","type":"product","link":"https:\/\/www.freeshopfrontiera.ch\/fr\/shop\/givenchy-gentleman-reserve-privee\/","title":{"rendered":"GIVENCHY Gentleman Reserve Privee 100ml"},"content":{"rendered":"<h3 data-start=\"1919\" data-end=\"2009\">GIVENCHY Gentleman R\u00e9serve Priv\u00e9e Eau de Parfum \u2013 L\u2019\u00e9l\u00e9gance du raffinement masculin<\/h3>\n<p data-start=\"2011\" data-end=\"2445\"><strong data-start=\"2011\" data-end=\"2062\">GIVENCHY Gentleman R\u00e9serve Priv\u00e9e Eau de Parfum<\/strong> est une fragrance sophistiqu\u00e9e et intense qui rend hommage \u00e0 l\u2019\u00e9l\u00e9gance de l\u2019homme contemporain. Issue de la rencontre entre la haute parfumerie fran\u00e7aise et le savoir-faire du whisky \u00e9cossais, cette essence r\u00e9v\u00e8le une personnalit\u00e9 chaude, enveloppante et pleine de caract\u00e8re. Con\u00e7u pour l\u2019homme qui aime se distinguer, ce parfum exprime charisme, \u00e9l\u00e9gance et sensualit\u00e9 discr\u00e8te.<\/p>\n<p data-start=\"2447\" data-end=\"2923\">Les notes de t\u00eate s\u2019ouvrent sur la fra\u00eecheur p\u00e9tillante de la <strong data-start=\"2509\" data-end=\"2522\">bergamote<\/strong>, apportant \u00e9nergie et luminosit\u00e9. Au c\u0153ur, l\u2019alliance surprenante de l\u2019<strong data-start=\"2594\" data-end=\"2610\">iris d\u00e9licat<\/strong> et de l\u2019<strong data-start=\"2619\" data-end=\"2639\">absolu de whisky<\/strong> offre un accord unique, m\u00ealant douceur florale et intensit\u00e9 liquoreuse pour un sillage enivrant et raffin\u00e9. En fond, l\u2019<strong data-start=\"2759\" data-end=\"2768\">ambre<\/strong>, la <strong data-start=\"2773\" data-end=\"2786\">ch\u00e2taigne<\/strong> et les <strong data-start=\"2794\" data-end=\"2811\">bois pr\u00e9cieux<\/strong> d\u00e9ploient une profondeur chaleureuse et persistante qui marque la peau d\u2019une signature olfactive inoubliable.<\/p>\n<p data-start=\"2925\" data-end=\"3100\">Le flacon, aux lignes \u00e9l\u00e9gantes et modernes, refl\u00e8te parfaitement l\u2019esprit du parfum. Ses nuances ambr\u00e9es \u00e9voquent la richesse du whisky, symbole de force et de raffinement.<\/p>\n<p data-start=\"3102\" data-end=\"3402\">Id\u00e9al lors des occasions sp\u00e9ciales ou des soir\u00e9es o\u00f9 l\u2019on souhaite laisser une empreinte, <strong data-start=\"3192\" data-end=\"3220\">Gentleman R\u00e9serve Priv\u00e9e<\/strong> est le choix parfait pour l\u2019homme s\u00fbr de lui et de son style. Sa chaleur sensuelle en fait un parfum privil\u00e9gi\u00e9 pour l\u2019automne et l\u2019hiver, mais s\u00e9duisant \u00e0 tout moment de l\u2019ann\u00e9e.<\/p>\n<p data-start=\"1392\" data-end=\"1758\">Follow us! <a href=\"https:\/\/www.instagram.com\/freeshopswiss\/\" target=\"_blank\" rel=\"noopener\">@freeshopswiss<\/a><\/p>\n","protected":false},"excerpt":{"rendered":"<p>GIVENCHY Gentleman R\u00e9serve Priv\u00e9e Eau de Parfum \u2013 L\u2019\u00e9l\u00e9gance du raffinement masculin GIVENCHY Gentleman R\u00e9serve Priv\u00e9e Eau de Parfum est une fragrance sophistiqu\u00e9e et intense qui rend hommage \u00e0 l\u2019\u00e9l\u00e9gance de l\u2019homme contemporain. Issue de la rencontre entre la haute parfumerie fran\u00e7aise et le savoir-faire du whisky \u00e9cossais, cette essence r\u00e9v\u00e8le une personnalit\u00e9 chaude, enveloppante [&hellip;]<\/p>\n","protected":false},"featured_media":34524,"comment_status":"open","ping_status":"closed","template":"","meta":[],"pwb-brand":[2171],"product_brand":[],"product_cat":[87,89],"product_tag":[252,1629,143,97],"class_list":{"0":"post-34533","1":"product","2":"type-product","3":"status-publish","4":"has-post-thumbnail","6":"pwb-brand-givenchy","7":"product_cat-parfums","8":"product_cat-pour-lui","9":"product_tag-eau-de-parfum-fr","10":"product_tag-mens-fragrances-fr","11":"product_tag-homme","12":"product_tag-parfums","14":"first","15":"outofstock","16":"sale","17":"taxable","18":"shipping-taxable","19":"purchasable","20":"product-type-simple"},"brands":[{"id":2171,"name":"Givenchy","slug":"givenchy"}],"_links":{"self":[{"href":"https:\/\/www.freeshopfrontiera.ch\/fr\/wp-json\/wp\/v2\/product\/34533","targetHints":{"allow":["GET"]}}],"collection":[{"href":"https:\/\/www.freeshopfrontiera.ch\/fr\/wp-json\/wp\/v2\/product"}],"about":[{"href":"https:\/\/www.freeshopfrontiera.ch\/fr\/wp-json\/wp\/v2\/types\/product"}],"replies":[{"embeddable":true,"href":"https:\/\/www.freeshopfrontiera.ch\/fr\/wp-json\/wp\/v2\/comments?post=34533"}],"version-history":[{"count":2,"href":"https:\/\/www.freeshopfrontiera.ch\/fr\/wp-json\/wp\/v2\/product\/34533\/revisions"}],"predecessor-version":[{"id":35508,"href":"https:\/\/www.freeshopfrontiera.ch\/fr\/wp-json\/wp\/v2\/product\/34533\/revisions\/35508"}],"wp:featuredmedia":[{"embeddable":true,"href":"https:\/\/www.freeshopfrontiera.ch\/fr\/wp-json\/wp\/v2\/media\/34524"}],"wp:attachment":[{"href":"https:\/\/www.freeshopfrontiera.ch\/fr\/wp-json\/wp\/v2\/media?parent=34533"}],"wp:term":[{"taxonomy":"pwb-brand","embeddable":true,"href":"https:\/\/www.freeshopfrontiera.ch\/fr\/wp-json\/wp\/v2\/pwb-brand?post=34533"},{"taxonomy":"product_brand","embeddable":true,"href":"https:\/\/www.freeshopfrontiera.ch\/fr\/wp-json\/wp\/v2\/product_brand?post=34533"},{"taxonomy":"product_cat","embeddable":true,"href":"https:\/\/www.freeshopfrontiera.ch\/fr\/wp-json\/wp\/v2\/product_cat?post=34533"},{"taxonomy":"product_tag","embeddable":true,"href":"https:\/\/www.freeshopfrontiera.ch\/fr\/wp-json\/wp\/v2\/product_tag?post=34533"}],"curies":[{"name":"wp","href":"https:\/\/api.w.org\/{rel}","templated":true}]}}