{"id":34589,"date":"2025-08-18T11:12:34","date_gmt":"2025-08-18T11:12:34","guid":{"rendered":"https:\/\/www.freeshopfrontiera.ch\/shop\/guerlain-aqua-allegoria-forte-rosa-palissandro-125ml\/"},"modified":"2025-08-18T11:20:34","modified_gmt":"2025-08-18T11:20:34","slug":"guerlain-aqua-allegoria-forte-rosa-palissandro-125ml","status":"publish","type":"product","link":"https:\/\/www.freeshopfrontiera.ch\/fr\/shop\/guerlain-aqua-allegoria-forte-rosa-palissandro-125ml\/","title":{"rendered":"GUERLAIN Aqua Allegoria Forte Rosa Palissandro 125ml"},"content":{"rendered":"<p data-start=\"3080\" data-end=\"3431\">D\u00e9couvrez <strong data-start=\"3090\" data-end=\"3160\">Guerlain Aqua Allegoria Forte Rosa Palissandro Eau de Parfum 125ml<\/strong>, un parfum femme de luxe qui allie <strong data-start=\"3196\" data-end=\"3227\">l\u2019\u00e9l\u00e9gance des fleurs roses<\/strong> \u00e0 la finesse du <strong data-start=\"3244\" data-end=\"3260\">bois de rose<\/strong>. Issu de la prestigieuse collection <strong data-start=\"3297\" data-end=\"3321\">Aqua Allegoria Forte<\/strong>, ce parfum est con\u00e7u pour celles qui recherchent une fragrance <strong data-start=\"3385\" data-end=\"3428\">sophistiqu\u00e9e, persistante et s\u00e9duisante<\/strong>.<\/p>\n<p data-start=\"3433\" data-end=\"3760\">Les <strong data-start=\"3437\" data-end=\"3454\">notes de t\u00eate<\/strong> offrent fra\u00eecheur et vitalit\u00e9, tandis que le c\u0153ur floral s\u2019ouvre sur l\u2019harmonie d\u00e9licate des p\u00e9tales de rose, rehauss\u00e9e de subtiles nuances bois\u00e9es et \u00e9pic\u00e9es. La <strong data-start=\"3618\" data-end=\"3626\">base<\/strong>, enrichie en pr\u00e9cieux bois de rose, apporte chaleur, profondeur et sensualit\u00e9, cr\u00e9ant une exp\u00e9rience olfactive unique et m\u00e9morable.<\/p>\n<p data-start=\"3762\" data-end=\"4070\">Le flacon \u00e9l\u00e9gant de <strong data-start=\"3783\" data-end=\"3792\">125ml<\/strong> refl\u00e8te le style intemporel de Guerlain, rendant ce parfum parfait pour un usage quotidien et les occasions sp\u00e9ciales. Id\u00e9al pour celles qui recherchent un <strong data-start=\"3949\" data-end=\"3991\">parfum femme persistant et sophistiqu\u00e9<\/strong>, Rosa Palissandro combine fra\u00eecheur, f\u00e9minit\u00e9 et luxe \u00e0 chaque vaporisation.<\/p>\n<p data-start=\"4072\" data-end=\"4447\">Gr\u00e2ce \u00e0 sa composition d\u2019<strong data-start=\"4097\" data-end=\"4123\">ingr\u00e9dients de qualit\u00e9<\/strong>, ce parfum Guerlain est parfait pour les amateurs de <strong data-start=\"4177\" data-end=\"4208\">parfums de luxe pour femmes<\/strong> souhaitant se d\u00e9marquer avec style. Transformez chaque instant en une exp\u00e9rience sensorielle exceptionnelle avec <strong data-start=\"4322\" data-end=\"4386\">Guerlain Aqua Allegoria Forte Rosa Palissandro Eau de Parfum<\/strong>, la fragrance qui incarne \u00e9l\u00e9gance, harmonie et s\u00e9duction<\/p>\n<p data-start=\"1312\" data-end=\"1686\">Follow us! <a href=\"https:\/\/www.instagram.com\/freeshopswiss\/\" target=\"_blank\" rel=\"noopener\">@freeshopswiss<\/a><\/p>\n","protected":false},"excerpt":{"rendered":"<p>D\u00e9couvrez Guerlain Aqua Allegoria Forte Rosa Palissandro Eau de Parfum 125ml, un parfum femme de luxe qui allie l\u2019\u00e9l\u00e9gance des fleurs roses \u00e0 la finesse du bois de rose. Issu de la prestigieuse collection Aqua Allegoria Forte, ce parfum est con\u00e7u pour celles qui recherchent une fragrance sophistiqu\u00e9e, persistante et s\u00e9duisante. Les notes de t\u00eate [&hellip;]<\/p>\n","protected":false},"featured_media":34580,"comment_status":"open","ping_status":"closed","template":"","meta":[],"pwb-brand":[2199],"product_brand":[],"product_cat":[87,109],"product_tag":[252,296,789,97,4367],"class_list":{"0":"post-34589","1":"product","2":"type-product","3":"status-publish","4":"has-post-thumbnail","6":"pwb-brand-guerlain","7":"product_cat-parfums","8":"product_cat-pour-elle","9":"product_tag-eau-de-parfum-fr","10":"product_tag-femme","11":"product_tag-womens-fragrances-fr","12":"product_tag-parfums","13":"product_tag-special-printemps","15":"first","16":"instock","17":"sale","18":"taxable","19":"shipping-taxable","20":"purchasable","21":"product-type-simple"},"brands":[{"id":2199,"name":"Guerlain","slug":"guerlain"}],"_links":{"self":[{"href":"https:\/\/www.freeshopfrontiera.ch\/fr\/wp-json\/wp\/v2\/product\/34589","targetHints":{"allow":["GET"]}}],"collection":[{"href":"https:\/\/www.freeshopfrontiera.ch\/fr\/wp-json\/wp\/v2\/product"}],"about":[{"href":"https:\/\/www.freeshopfrontiera.ch\/fr\/wp-json\/wp\/v2\/types\/product"}],"replies":[{"embeddable":true,"href":"https:\/\/www.freeshopfrontiera.ch\/fr\/wp-json\/wp\/v2\/comments?post=34589"}],"version-history":[{"count":1,"href":"https:\/\/www.freeshopfrontiera.ch\/fr\/wp-json\/wp\/v2\/product\/34589\/revisions"}],"predecessor-version":[{"id":34592,"href":"https:\/\/www.freeshopfrontiera.ch\/fr\/wp-json\/wp\/v2\/product\/34589\/revisions\/34592"}],"wp:featuredmedia":[{"embeddable":true,"href":"https:\/\/www.freeshopfrontiera.ch\/fr\/wp-json\/wp\/v2\/media\/34580"}],"wp:attachment":[{"href":"https:\/\/www.freeshopfrontiera.ch\/fr\/wp-json\/wp\/v2\/media?parent=34589"}],"wp:term":[{"taxonomy":"pwb-brand","embeddable":true,"href":"https:\/\/www.freeshopfrontiera.ch\/fr\/wp-json\/wp\/v2\/pwb-brand?post=34589"},{"taxonomy":"product_brand","embeddable":true,"href":"https:\/\/www.freeshopfrontiera.ch\/fr\/wp-json\/wp\/v2\/product_brand?post=34589"},{"taxonomy":"product_cat","embeddable":true,"href":"https:\/\/www.freeshopfrontiera.ch\/fr\/wp-json\/wp\/v2\/product_cat?post=34589"},{"taxonomy":"product_tag","embeddable":true,"href":"https:\/\/www.freeshopfrontiera.ch\/fr\/wp-json\/wp\/v2\/product_tag?post=34589"}],"curies":[{"name":"wp","href":"https:\/\/api.w.org\/{rel}","templated":true}]}}