{"id":34609,"date":"2025-08-18T12:43:37","date_gmt":"2025-08-18T12:43:37","guid":{"rendered":"https:\/\/www.freeshopfrontiera.ch\/shop\/guerlain-aqua-allegoria-mandarine-basilic-125ml\/"},"modified":"2025-08-18T12:49:00","modified_gmt":"2025-08-18T12:49:00","slug":"guerlain-aqua-allegoria-mandarine-basilic-125ml","status":"publish","type":"product","link":"https:\/\/www.freeshopfrontiera.ch\/fr\/shop\/guerlain-aqua-allegoria-mandarine-basilic-125ml\/","title":{"rendered":"GUERLAIN Aqua Allegoria Mandarine Basilic 125ml"},"content":{"rendered":"<p data-start=\"3343\" data-end=\"3744\">D\u00e9couvrez <strong data-start=\"3353\" data-end=\"3420\">Guerlain Aqua Allegoria Mandarine Basilic Eau de Toilette 125ml<\/strong>, un parfum frais, hesp\u00e9rid\u00e9 et raffin\u00e9 qui c\u00e9l\u00e8bre la nature avec \u00e9nergie et \u00e9l\u00e9gance intemporelle. Issu de la c\u00e9l\u00e8bre collection <strong data-start=\"3551\" data-end=\"3569\">Aqua Allegoria<\/strong>, ce parfum associe la douceur ensoleill\u00e9e de la <strong data-start=\"3618\" data-end=\"3641\">mandarine italienne<\/strong> \u00e0 l\u2019intensit\u00e9 aromatique du <strong data-start=\"3670\" data-end=\"3681\">basilic<\/strong>, pour un \u00e9quilibre parfait entre vitalit\u00e9 et sophistication.<\/p>\n<p data-start=\"3746\" data-end=\"4127\">Les <strong data-start=\"3750\" data-end=\"3767\">notes de t\u00eate<\/strong> s\u2019ouvrent sur une explosion p\u00e9tillante de mandarine, d\u2019orange et de petitgrain, apportant imm\u00e9diatement fra\u00eecheur et l\u00e9g\u00e8ret\u00e9. Au <strong data-start=\"3898\" data-end=\"3906\">c\u0153ur<\/strong>, le basilic aromatique et le th\u00e9 vert s\u2019unissent \u00e0 de d\u00e9licates touches florales, conf\u00e9rant \u00e9l\u00e9gance et harmonie. En <strong data-start=\"4024\" data-end=\"4032\">fond<\/strong>, une empreinte lumineuse et persistante enveloppe la peau, pour un sillage frais et raffin\u00e9.<\/p>\n<p data-start=\"4129\" data-end=\"4276\">Le flacon de <strong data-start=\"4142\" data-end=\"4151\">125ml<\/strong>, orn\u00e9 du c\u00e9l\u00e8bre d\u00f4me dor\u00e9 de Guerlain, refl\u00e8te \u00e0 la fois luxe et nature, transformant ce parfum en v\u00e9ritable objet d\u2019art.<\/p>\n<p data-start=\"4278\" data-end=\"4550\"><strong data-start=\"4278\" data-end=\"4323\">Guerlain Aqua Allegoria Mandarine Basilic<\/strong> est le choix id\u00e9al pour celles et ceux qui aiment les <strong data-start=\"4378\" data-end=\"4412\">parfums agrumes et aromatiques<\/strong>, adapt\u00e9s \u00e0 toutes les saisons et toutes les occasions. L\u00e9ger mais sophistiqu\u00e9, il incarne la joie, la vitalit\u00e9 et l\u2019\u00e9l\u00e9gance naturelle.<\/p>\n<p data-start=\"4552\" data-end=\"4724\">Offrez-vous la fra\u00eecheur de la nature et la sophistication de Guerlain avec cette cr\u00e9ation unique qui transforme chaque instant en une exp\u00e9rience sensorielle inoubliable.<\/p>\n<p data-start=\"1687\" data-end=\"1867\">Follow us! <a href=\"https:\/\/www.instagram.com\/freeshopswiss\/\" target=\"_blank\" rel=\"noopener\">@freeshopswiss<\/a><\/p>\n","protected":false},"excerpt":{"rendered":"<p>D\u00e9couvrez Guerlain Aqua Allegoria Mandarine Basilic Eau de Toilette 125ml, un parfum frais, hesp\u00e9rid\u00e9 et raffin\u00e9 qui c\u00e9l\u00e8bre la nature avec \u00e9nergie et \u00e9l\u00e9gance intemporelle. Issu de la c\u00e9l\u00e8bre collection Aqua Allegoria, ce parfum associe la douceur ensoleill\u00e9e de la mandarine italienne \u00e0 l\u2019intensit\u00e9 aromatique du basilic, pour un \u00e9quilibre parfait entre vitalit\u00e9 et sophistication. [&hellip;]<\/p>\n","protected":false},"featured_media":34601,"comment_status":"open","ping_status":"closed","template":"","meta":[],"pwb-brand":[2199],"product_brand":[],"product_cat":[87,109],"product_tag":[252,296,789,97,4367],"class_list":{"0":"post-34609","1":"product","2":"type-product","3":"status-publish","4":"has-post-thumbnail","6":"pwb-brand-guerlain","7":"product_cat-parfums","8":"product_cat-pour-elle","9":"product_tag-eau-de-parfum-fr","10":"product_tag-femme","11":"product_tag-womens-fragrances-fr","12":"product_tag-parfums","13":"product_tag-special-printemps","15":"first","16":"instock","17":"sale","18":"taxable","19":"shipping-taxable","20":"purchasable","21":"product-type-simple"},"brands":[{"id":2199,"name":"Guerlain","slug":"guerlain"}],"_links":{"self":[{"href":"https:\/\/www.freeshopfrontiera.ch\/fr\/wp-json\/wp\/v2\/product\/34609","targetHints":{"allow":["GET"]}}],"collection":[{"href":"https:\/\/www.freeshopfrontiera.ch\/fr\/wp-json\/wp\/v2\/product"}],"about":[{"href":"https:\/\/www.freeshopfrontiera.ch\/fr\/wp-json\/wp\/v2\/types\/product"}],"replies":[{"embeddable":true,"href":"https:\/\/www.freeshopfrontiera.ch\/fr\/wp-json\/wp\/v2\/comments?post=34609"}],"version-history":[{"count":3,"href":"https:\/\/www.freeshopfrontiera.ch\/fr\/wp-json\/wp\/v2\/product\/34609\/revisions"}],"predecessor-version":[{"id":34614,"href":"https:\/\/www.freeshopfrontiera.ch\/fr\/wp-json\/wp\/v2\/product\/34609\/revisions\/34614"}],"wp:featuredmedia":[{"embeddable":true,"href":"https:\/\/www.freeshopfrontiera.ch\/fr\/wp-json\/wp\/v2\/media\/34601"}],"wp:attachment":[{"href":"https:\/\/www.freeshopfrontiera.ch\/fr\/wp-json\/wp\/v2\/media?parent=34609"}],"wp:term":[{"taxonomy":"pwb-brand","embeddable":true,"href":"https:\/\/www.freeshopfrontiera.ch\/fr\/wp-json\/wp\/v2\/pwb-brand?post=34609"},{"taxonomy":"product_brand","embeddable":true,"href":"https:\/\/www.freeshopfrontiera.ch\/fr\/wp-json\/wp\/v2\/product_brand?post=34609"},{"taxonomy":"product_cat","embeddable":true,"href":"https:\/\/www.freeshopfrontiera.ch\/fr\/wp-json\/wp\/v2\/product_cat?post=34609"},{"taxonomy":"product_tag","embeddable":true,"href":"https:\/\/www.freeshopfrontiera.ch\/fr\/wp-json\/wp\/v2\/product_tag?post=34609"}],"curies":[{"name":"wp","href":"https:\/\/api.w.org\/{rel}","templated":true}]}}