{"id":34628,"date":"2025-08-18T13:23:01","date_gmt":"2025-08-18T13:23:01","guid":{"rendered":"https:\/\/www.freeshopfrontiera.ch\/shop\/guerlain-aqua-allegoria-rosa-rossa-125ml\/"},"modified":"2025-08-18T13:26:28","modified_gmt":"2025-08-18T13:26:28","slug":"guerlain-aqua-allegoria-rosa-rossa-125ml","status":"publish","type":"product","link":"https:\/\/www.freeshopfrontiera.ch\/fr\/shop\/guerlain-aqua-allegoria-rosa-rossa-125ml\/","title":{"rendered":"GUERLAIN Aqua Allegoria Rosa Rossa 125ml"},"content":{"rendered":"<h2 data-start=\"286\" data-end=\"377\"><strong data-start=\"294\" data-end=\"377\">Guerlain Aqua Allegoria Rosa Rossa Eau de Toilette Vapo 125ml<\/strong><\/h2>\n<p data-start=\"1955\" data-end=\"2336\">D\u00e9couvrez <strong data-start=\"1965\" data-end=\"2025\">Guerlain Aqua Allegoria Rosa Rossa Eau de Toilette 125ml<\/strong>, une fragrance lumineuse et raffin\u00e9e qui c\u00e9l\u00e8bre l\u2019\u00e9ternelle beaut\u00e9 de la rose dans toute sa d\u00e9licatesse. Issue de la prestigieuse collection <strong data-start=\"2168\" data-end=\"2186\">Aqua Allegoria<\/strong>, cette cr\u00e9ation marie \u00e0 la perfection l\u2019\u00e9l\u00e9gance florale et la fra\u00eecheur fruit\u00e9e, pour un parfum moderne, romantique et irr\u00e9sistiblement s\u00e9duisant.<\/p>\n<p data-start=\"2338\" data-end=\"2806\">Les <strong data-start=\"2342\" data-end=\"2359\">notes de t\u00eate<\/strong> s\u2019ouvrent sur une explosion p\u00e9tillante de bergamote et de litchi, apportant imm\u00e9diatement vitalit\u00e9 et \u00e9clat. En <strong data-start=\"2472\" data-end=\"2480\">c\u0153ur<\/strong>, la fragrance r\u00e9v\u00e8le toute la splendeur de la <strong data-start=\"2527\" data-end=\"2543\">rose bulgare<\/strong>, sublim\u00e9e par la d\u00e9licatesse de la pivoine, conf\u00e9rant \u00e0 l\u2019ensemble un caract\u00e8re f\u00e9minin, \u00e9l\u00e9gant et sophistiqu\u00e9. Le <strong data-start=\"2660\" data-end=\"2668\">fond<\/strong>, aux muscs velout\u00e9s et aux nuances fruit\u00e9es, laisse sur la peau un sillage sensuel et persistant, enveloppant mais jamais trop intense.<\/p>\n<p data-start=\"2808\" data-end=\"3097\">Pr\u00e9sent\u00e9 dans un flacon de <strong data-start=\"2835\" data-end=\"2844\">125ml<\/strong> orn\u00e9 de l\u2019embl\u00e9matique d\u00f4me dor\u00e9 de Guerlain, le design exprime luxe, raffinement et intemporalit\u00e9. Fid\u00e8le \u00e0 l\u2019esprit de la collection <strong data-start=\"2980\" data-end=\"2998\">Aqua Allegoria<\/strong>, ce parfum rend hommage \u00e0 la nature avec des cr\u00e9ations authentiques, lumineuses et inoubliables.<\/p>\n<p data-start=\"3099\" data-end=\"3372\"><strong data-start=\"3099\" data-end=\"3137\">Guerlain Aqua Allegoria Rosa Rossa<\/strong> est le choix id\u00e9al pour celles qui aiment les <strong data-start=\"3184\" data-end=\"3214\">parfums floraux et fruit\u00e9s<\/strong>, alliant fra\u00eecheur et \u00e9l\u00e9gance. Parfait aussi bien au quotidien que lors des occasions sp\u00e9ciales, il enveloppe la femme d\u2019une aura romantique et lumineuse.<\/p>\n<p data-start=\"3374\" data-end=\"3560\">Laissez-vous s\u00e9duire par le charme intemporel de la rose, r\u00e9interpr\u00e9t\u00e9e par Guerlain dans une version contemporaine, et transformez chaque instant en une exp\u00e9rience sensorielle unique.<\/p>\n<p data-start=\"1858\" data-end=\"2040\">Follow us! <a href=\"https:\/\/www.instagram.com\/freeshopswiss\/\" target=\"_blank\" rel=\"noopener\">@freeshopswiss<\/a><\/p>\n","protected":false},"excerpt":{"rendered":"<p>Guerlain Aqua Allegoria Rosa Rossa Eau de Toilette Vapo 125ml D\u00e9couvrez Guerlain Aqua Allegoria Rosa Rossa Eau de Toilette 125ml, une fragrance lumineuse et raffin\u00e9e qui c\u00e9l\u00e8bre l\u2019\u00e9ternelle beaut\u00e9 de la rose dans toute sa d\u00e9licatesse. Issue de la prestigieuse collection Aqua Allegoria, cette cr\u00e9ation marie \u00e0 la perfection l\u2019\u00e9l\u00e9gance florale et la fra\u00eecheur fruit\u00e9e, [&hellip;]<\/p>\n","protected":false},"featured_media":34620,"comment_status":"open","ping_status":"closed","template":"","meta":[],"pwb-brand":[2199],"product_brand":[],"product_cat":[87,109],"product_tag":[141,296,5050,789,97,5074,4367],"class_list":{"0":"post-34628","1":"product","2":"type-product","3":"status-publish","4":"has-post-thumbnail","6":"pwb-brand-guerlain","7":"product_cat-parfums","8":"product_cat-pour-elle","9":"product_tag-eau-de-toilette-fr","10":"product_tag-femme","11":"product_tag-fete-des-meres","12":"product_tag-womens-fragrances-fr","13":"product_tag-parfums","14":"product_tag-parfums-pour-la-fete-des-meres","15":"product_tag-special-printemps","17":"first","18":"instock","19":"sale","20":"taxable","21":"shipping-taxable","22":"purchasable","23":"product-type-simple"},"brands":[{"id":2199,"name":"Guerlain","slug":"guerlain"}],"_links":{"self":[{"href":"https:\/\/www.freeshopfrontiera.ch\/fr\/wp-json\/wp\/v2\/product\/34628","targetHints":{"allow":["GET"]}}],"collection":[{"href":"https:\/\/www.freeshopfrontiera.ch\/fr\/wp-json\/wp\/v2\/product"}],"about":[{"href":"https:\/\/www.freeshopfrontiera.ch\/fr\/wp-json\/wp\/v2\/types\/product"}],"replies":[{"embeddable":true,"href":"https:\/\/www.freeshopfrontiera.ch\/fr\/wp-json\/wp\/v2\/comments?post=34628"}],"version-history":[{"count":2,"href":"https:\/\/www.freeshopfrontiera.ch\/fr\/wp-json\/wp\/v2\/product\/34628\/revisions"}],"predecessor-version":[{"id":34633,"href":"https:\/\/www.freeshopfrontiera.ch\/fr\/wp-json\/wp\/v2\/product\/34628\/revisions\/34633"}],"wp:featuredmedia":[{"embeddable":true,"href":"https:\/\/www.freeshopfrontiera.ch\/fr\/wp-json\/wp\/v2\/media\/34620"}],"wp:attachment":[{"href":"https:\/\/www.freeshopfrontiera.ch\/fr\/wp-json\/wp\/v2\/media?parent=34628"}],"wp:term":[{"taxonomy":"pwb-brand","embeddable":true,"href":"https:\/\/www.freeshopfrontiera.ch\/fr\/wp-json\/wp\/v2\/pwb-brand?post=34628"},{"taxonomy":"product_brand","embeddable":true,"href":"https:\/\/www.freeshopfrontiera.ch\/fr\/wp-json\/wp\/v2\/product_brand?post=34628"},{"taxonomy":"product_cat","embeddable":true,"href":"https:\/\/www.freeshopfrontiera.ch\/fr\/wp-json\/wp\/v2\/product_cat?post=34628"},{"taxonomy":"product_tag","embeddable":true,"href":"https:\/\/www.freeshopfrontiera.ch\/fr\/wp-json\/wp\/v2\/product_tag?post=34628"}],"curies":[{"name":"wp","href":"https:\/\/api.w.org\/{rel}","templated":true}]}}