{"id":34649,"date":"2025-08-18T13:56:04","date_gmt":"2025-08-18T13:56:04","guid":{"rendered":"https:\/\/www.freeshopfrontiera.ch\/shop\/guerlain-aqua-allegoria-nerolia-vetiver-125ml\/"},"modified":"2025-08-18T14:11:48","modified_gmt":"2025-08-18T14:11:48","slug":"guerlain-aqua-allegoria-nerolia-vetiver-125ml","status":"publish","type":"product","link":"https:\/\/www.freeshopfrontiera.ch\/fr\/shop\/guerlain-aqua-allegoria-nerolia-vetiver-125ml\/","title":{"rendered":"GUERLAIN Aqua Allegoria Nerolia Vetiver 125ml"},"content":{"rendered":"<p data-start=\"1793\" data-end=\"1900\"><strong data-start=\"1793\" data-end=\"1898\">GUERLAIN Aqua Allegoria Nerolia Vetiver Eau de Toilette 125ml \u2013 Fra\u00eecheur et \u00c9l\u00e9gance \u00e0 Chaque Goutte<\/strong><\/p>\n<p data-start=\"1902\" data-end=\"2261\">D\u00e9couvrez <strong data-start=\"1912\" data-end=\"1955\">GUERLAIN Aqua Allegoria Nerolia Vetiver<\/strong>, une Eau de Toilette qui incarne parfaitement l\u2019harmonie entre fra\u00eecheur et sophistication. Cette fragrance unisexe, issue de la c\u00e9l\u00e8bre collection <strong data-start=\"2104\" data-end=\"2122\">Aqua Allegoria<\/strong>, est con\u00e7ue pour ceux qui appr\u00e9cient les parfums l\u00e9gers mais durables, capables d\u2019accompagner chaque moment de la journ\u00e9e avec \u00e9l\u00e9gance.<\/p>\n<p data-start=\"2263\" data-end=\"2730\">Les notes de t\u00eate s\u2019ouvrent sur une explosion de <strong data-start=\"2312\" data-end=\"2322\">n\u00e9roli<\/strong>, d\u2019agrumes et de fleurs fra\u00eeches, apportant imm\u00e9diatement vitalit\u00e9 et luminosit\u00e9 \u00e0 la fragrance. Le c\u0153ur r\u00e9v\u00e8le des accents de <strong data-start=\"2450\" data-end=\"2461\">v\u00e9tiver<\/strong>, ajoutant profondeur et caract\u00e8re tout en \u00e9quilibrant la fra\u00eecheur initiale avec une sillage chaud et enveloppant. La base, d\u00e9licate et raffin\u00e9e, compl\u00e8te l\u2019exp\u00e9rience sensorielle avec des notes douces et persistantes qui restent sur la peau sans \u00eatre envahissantes.<\/p>\n<p data-start=\"2732\" data-end=\"3066\">Parfaite pour un usage quotidien, <strong data-start=\"2766\" data-end=\"2785\">Nerolia Vetiver<\/strong> est id\u00e9ale pour ceux qui recherchent un parfum polyvalent, frais et sophistiqu\u00e9. Le flacon de 125ml allie \u00e9l\u00e9gance et praticit\u00e9, parfait \u00e0 garder sur un bureau ou dans un sac, et constitue \u00e9galement une excellente id\u00e9e cadeau pour les amateurs de parfums raffin\u00e9s et de qualit\u00e9.<\/p>\n<p data-start=\"3068\" data-end=\"3356\">Avec <strong data-start=\"3073\" data-end=\"3116\">GUERLAIN Aqua Allegoria Nerolia Vetiver<\/strong>, chaque jour devient une exp\u00e9rience sensorielle unique, \u00e9voquant \u00e9l\u00e9gance, fra\u00eecheur et naturel. Ne manquez pas l\u2019occasion d\u2019ajouter cette fragrance embl\u00e9matique \u00e0 votre collection et de vivre la perfection olfactive sign\u00e9e <strong data-start=\"3341\" data-end=\"3353\">Guerlain<\/strong>.<\/p>\n<p data-start=\"1379\" data-end=\"1676\">Follow us! <a href=\"https:\/\/www.instagram.com\/freeshopswiss\/\" target=\"_blank\" rel=\"noopener\">@freeshopswiss<\/a><\/p>\n","protected":false},"excerpt":{"rendered":"<p>D\u00e9couvrez <strong data-start=\"1912\" data-end=\"1955\">GUERLAIN Aqua Allegoria Nerolia Vetiver<\/strong>, une Eau de Toilette qui incarne parfaitement l\u2019harmonie entre fra\u00eecheur et sophistication.<\/p>\n","protected":false},"featured_media":34641,"comment_status":"open","ping_status":"closed","template":"","meta":[],"pwb-brand":[2199],"product_brand":[],"product_cat":[87,109],"product_tag":[141,296,5050,789,97,5074],"class_list":{"0":"post-34649","1":"product","2":"type-product","3":"status-publish","4":"has-post-thumbnail","6":"pwb-brand-guerlain","7":"product_cat-parfums","8":"product_cat-pour-elle","9":"product_tag-eau-de-toilette-fr","10":"product_tag-femme","11":"product_tag-fete-des-meres","12":"product_tag-womens-fragrances-fr","13":"product_tag-parfums","14":"product_tag-parfums-pour-la-fete-des-meres","16":"first","17":"instock","18":"sale","19":"taxable","20":"shipping-taxable","21":"purchasable","22":"product-type-simple"},"brands":[{"id":2199,"name":"Guerlain","slug":"guerlain"}],"_links":{"self":[{"href":"https:\/\/www.freeshopfrontiera.ch\/fr\/wp-json\/wp\/v2\/product\/34649","targetHints":{"allow":["GET"]}}],"collection":[{"href":"https:\/\/www.freeshopfrontiera.ch\/fr\/wp-json\/wp\/v2\/product"}],"about":[{"href":"https:\/\/www.freeshopfrontiera.ch\/fr\/wp-json\/wp\/v2\/types\/product"}],"replies":[{"embeddable":true,"href":"https:\/\/www.freeshopfrontiera.ch\/fr\/wp-json\/wp\/v2\/comments?post=34649"}],"version-history":[{"count":1,"href":"https:\/\/www.freeshopfrontiera.ch\/fr\/wp-json\/wp\/v2\/product\/34649\/revisions"}],"predecessor-version":[{"id":34655,"href":"https:\/\/www.freeshopfrontiera.ch\/fr\/wp-json\/wp\/v2\/product\/34649\/revisions\/34655"}],"wp:featuredmedia":[{"embeddable":true,"href":"https:\/\/www.freeshopfrontiera.ch\/fr\/wp-json\/wp\/v2\/media\/34641"}],"wp:attachment":[{"href":"https:\/\/www.freeshopfrontiera.ch\/fr\/wp-json\/wp\/v2\/media?parent=34649"}],"wp:term":[{"taxonomy":"pwb-brand","embeddable":true,"href":"https:\/\/www.freeshopfrontiera.ch\/fr\/wp-json\/wp\/v2\/pwb-brand?post=34649"},{"taxonomy":"product_brand","embeddable":true,"href":"https:\/\/www.freeshopfrontiera.ch\/fr\/wp-json\/wp\/v2\/product_brand?post=34649"},{"taxonomy":"product_cat","embeddable":true,"href":"https:\/\/www.freeshopfrontiera.ch\/fr\/wp-json\/wp\/v2\/product_cat?post=34649"},{"taxonomy":"product_tag","embeddable":true,"href":"https:\/\/www.freeshopfrontiera.ch\/fr\/wp-json\/wp\/v2\/product_tag?post=34649"}],"curies":[{"name":"wp","href":"https:\/\/api.w.org\/{rel}","templated":true}]}}