{"id":34704,"date":"2025-08-18T15:35:33","date_gmt":"2025-08-18T15:35:33","guid":{"rendered":"https:\/\/www.freeshopfrontiera.ch\/shop\/guerlain-aqua-allegoria-forte-rosa-rossa-125ml\/"},"modified":"2025-08-18T15:42:43","modified_gmt":"2025-08-18T15:42:43","slug":"guerlain-aqua-allegoria-forte-rosa-rossa-125ml","status":"publish","type":"product","link":"https:\/\/www.freeshopfrontiera.ch\/fr\/shop\/guerlain-aqua-allegoria-forte-rosa-rossa-125ml\/","title":{"rendered":"GUERLAIN Aqua Allegoria Forte Rosa Rossa 125ml"},"content":{"rendered":"<p data-start=\"1747\" data-end=\"1854\"><strong data-start=\"1747\" data-end=\"1852\">GUERLAIN Aqua Allegoria Forte Rosa Rossa Eau de Parfum 125ml \u2013 \u00c9l\u00e9gance Florale et Intensit\u00e9 Raffin\u00e9e<\/strong><\/p>\n<p data-start=\"1856\" data-end=\"2215\">D\u00e9couvrez <strong data-start=\"1866\" data-end=\"1910\">GUERLAIN Aqua Allegoria Forte Rosa Rossa<\/strong>, une Eau de Parfum qui c\u00e9l\u00e8bre la beaut\u00e9 de la rose rouge dans toute son intensit\u00e9 et sa finesse. Issue de la prestigieuse collection <strong data-start=\"2045\" data-end=\"2069\">Aqua Allegoria Forte<\/strong>, ce parfum unisexe est con\u00e7u pour ceux qui recherchent une fragrance sophistiqu\u00e9e, durable et enveloppante, id\u00e9ale \u00e0 tout moment de la journ\u00e9e.<\/p>\n<p data-start=\"2217\" data-end=\"2657\">Les notes de t\u00eate s\u2019ouvrent sur une touche fra\u00eeche et lumineuse, d\u00e9voilant un c\u0153ur floral domin\u00e9 par la <strong data-start=\"2321\" data-end=\"2335\">rose rouge<\/strong>, symbole d\u2019\u00e9l\u00e9gance, de passion et de f\u00e9minit\u00e9. La fragrance \u00e9volue en un accord harmonieux combinant la d\u00e9licatesse des p\u00e9tales de rose avec de l\u00e9g\u00e8res touches aromatiques et bois\u00e9es, apportant profondeur et personnalit\u00e9. La base raffin\u00e9e laisse un sillage \u00e9l\u00e9gant et persistant, captivant tous ceux qui la per\u00e7oivent.<\/p>\n<p data-start=\"2659\" data-end=\"2987\">Parfait pour un usage quotidien ou pour des occasions sp\u00e9ciales, <strong data-start=\"2724\" data-end=\"2744\">Forte Rosa Rossa<\/strong> est id\u00e9al pour ceux qui recherchent une fragrance florale intense mais \u00e9quilibr\u00e9e, adapt\u00e9e \u00e0 toutes les saisons. Le flacon de 125ml allie praticit\u00e9 et \u00e9l\u00e9gance, constituant \u00e9galement un excellent cadeau pour les amateurs de parfums de luxe.<\/p>\n<p data-start=\"2989\" data-end=\"3226\">Avec <strong data-start=\"2994\" data-end=\"3038\">GUERLAIN Aqua Allegoria Forte Rosa Rossa<\/strong>, chaque jour devient un voyage sensoriel entre \u00e9l\u00e9gance, passion et raffinement. Ajoutez cette fragrance iconique \u00e0 votre collection et d\u00e9couvrez l\u2019excellence olfactive sign\u00e9e Guerlain<\/p>\n<p data-start=\"1368\" data-end=\"1615\">Follow us! <a href=\"https:\/\/www.instagram.com\/freeshopswiss\/\" target=\"_blank\" rel=\"noopener\">@freeshopswiss<\/a><\/p>\n","protected":false},"excerpt":{"rendered":"<p>D\u00e9couvrez <strong data-start=\"1866\" data-end=\"1910\">GUERLAIN Aqua Allegoria Forte Rosa Rossa<\/strong>, une Eau de Parfum qui c\u00e9l\u00e8bre la beaut\u00e9 de la rose rouge dans toute son intensit\u00e9 et sa finesse.<\/p>\n","protected":false},"featured_media":34717,"comment_status":"open","ping_status":"closed","template":"","meta":[],"pwb-brand":[2199],"product_brand":[],"product_cat":[87,109],"product_tag":[252,296,789,97,4367],"class_list":{"0":"post-34704","1":"product","2":"type-product","3":"status-publish","4":"has-post-thumbnail","6":"pwb-brand-guerlain","7":"product_cat-parfums","8":"product_cat-pour-elle","9":"product_tag-eau-de-parfum-fr","10":"product_tag-femme","11":"product_tag-womens-fragrances-fr","12":"product_tag-parfums","13":"product_tag-special-printemps","15":"first","16":"instock","17":"sale","18":"taxable","19":"shipping-taxable","20":"purchasable","21":"product-type-simple"},"brands":[{"id":2199,"name":"Guerlain","slug":"guerlain"}],"_links":{"self":[{"href":"https:\/\/www.freeshopfrontiera.ch\/fr\/wp-json\/wp\/v2\/product\/34704","targetHints":{"allow":["GET"]}}],"collection":[{"href":"https:\/\/www.freeshopfrontiera.ch\/fr\/wp-json\/wp\/v2\/product"}],"about":[{"href":"https:\/\/www.freeshopfrontiera.ch\/fr\/wp-json\/wp\/v2\/types\/product"}],"replies":[{"embeddable":true,"href":"https:\/\/www.freeshopfrontiera.ch\/fr\/wp-json\/wp\/v2\/comments?post=34704"}],"version-history":[{"count":1,"href":"https:\/\/www.freeshopfrontiera.ch\/fr\/wp-json\/wp\/v2\/product\/34704\/revisions"}],"predecessor-version":[{"id":34710,"href":"https:\/\/www.freeshopfrontiera.ch\/fr\/wp-json\/wp\/v2\/product\/34704\/revisions\/34710"}],"wp:featuredmedia":[{"embeddable":true,"href":"https:\/\/www.freeshopfrontiera.ch\/fr\/wp-json\/wp\/v2\/media\/34717"}],"wp:attachment":[{"href":"https:\/\/www.freeshopfrontiera.ch\/fr\/wp-json\/wp\/v2\/media?parent=34704"}],"wp:term":[{"taxonomy":"pwb-brand","embeddable":true,"href":"https:\/\/www.freeshopfrontiera.ch\/fr\/wp-json\/wp\/v2\/pwb-brand?post=34704"},{"taxonomy":"product_brand","embeddable":true,"href":"https:\/\/www.freeshopfrontiera.ch\/fr\/wp-json\/wp\/v2\/product_brand?post=34704"},{"taxonomy":"product_cat","embeddable":true,"href":"https:\/\/www.freeshopfrontiera.ch\/fr\/wp-json\/wp\/v2\/product_cat?post=34704"},{"taxonomy":"product_tag","embeddable":true,"href":"https:\/\/www.freeshopfrontiera.ch\/fr\/wp-json\/wp\/v2\/product_tag?post=34704"}],"curies":[{"name":"wp","href":"https:\/\/api.w.org\/{rel}","templated":true}]}}