{"id":34727,"date":"2025-08-19T08:13:09","date_gmt":"2025-08-19T08:13:09","guid":{"rendered":"https:\/\/www.freeshopfrontiera.ch\/shop\/guerlain-aqua-allegoria-forte-florabloom-125ml\/"},"modified":"2025-08-19T08:17:16","modified_gmt":"2025-08-19T08:17:16","slug":"guerlain-aqua-allegoria-forte-florabloom-125ml","status":"publish","type":"product","link":"https:\/\/www.freeshopfrontiera.ch\/fr\/shop\/guerlain-aqua-allegoria-forte-florabloom-125ml\/","title":{"rendered":"GUERLAIN Aqua Allegoria Forte Florabloom 125ml"},"content":{"rendered":"<p data-start=\"1826\" data-end=\"2190\"><strong data-start=\"1826\" data-end=\"1890\">GUERLAIN Aqua Allegoria Forte Florabloom Eau de Parfum 125ml<\/strong> est une cr\u00e9ation olfactive \u00e9clatante et intense qui exprime toute la puissance et la po\u00e9sie de la nature en fleurs. Issue de la c\u00e9l\u00e8bre collection <strong data-start=\"2038\" data-end=\"2056\">Aqua Allegoria<\/strong> de Guerlain, cette fragrance \u00e9voque une promenade \u00e0 travers des jardins luxuriants, baign\u00e9s de lumi\u00e8re et de couleurs printani\u00e8res.<\/p>\n<p data-start=\"2192\" data-end=\"2603\">D\u00e8s les premi\u00e8res notes, Florabloom Forte s\u00e9duit par son ouverture lumineuse et p\u00e9tillante, empreinte de fra\u00eecheur et d\u2019\u00e9nergie. Au c\u0153ur de la composition, un bouquet raffin\u00e9 de <strong data-start=\"2370\" data-end=\"2399\">jasmin, rose et tub\u00e9reuse<\/strong> d\u00e9ploie toute son \u00e9l\u00e9gance et sa sensualit\u00e9. Ces fleurs iconiques sont sublim\u00e9es par des nuances fruit\u00e9es et solaires qui apportent \u00e9quilibre et harmonie \u00e0 la fragrance, sans jamais perdre sa vivacit\u00e9.<\/p>\n<p data-start=\"2605\" data-end=\"2941\">Les <strong data-start=\"2609\" data-end=\"2626\">notes de fond<\/strong> d\u00e9voilent une chaleur enveloppante et persistante, offrant une profondeur raffin\u00e9e qui prolonge le sillage avec \u00e9l\u00e9gance. Cet \u00e9quilibre entre fra\u00eecheur lumineuse et intensit\u00e9 florale fait d\u2019Aqua Allegoria Forte Florabloom un parfum polyvalent, id\u00e9al aussi bien pour le quotidien que pour les occasions sp\u00e9ciales.<\/p>\n<p data-start=\"2943\" data-end=\"3229\">Log\u00e9e dans le flacon embl\u00e9matique <strong data-start=\"2977\" data-end=\"2997\">\u00e0 motif de ruche<\/strong>, symbole de la collection Aqua Allegoria, Florabloom Forte est bien plus qu\u2019un parfum : c\u2019est un hommage \u00e0 la beaut\u00e9 intemporelle de la nature. Chaque d\u00e9tail refl\u00e8te le savoir-faire et la passion de Guerlain pour l\u2019art du parfum.<\/p>\n<p data-start=\"3231\" data-end=\"3413\">Florabloom Forte est une invitation \u00e0 vivre chaque instant avec intensit\u00e9, \u00e0 se laisser envelopper par la force des fleurs et \u00e0 r\u00e9v\u00e9ler une f\u00e9minit\u00e9 moderne, \u00e9l\u00e9gante et lumineuse.<\/p>\n<p data-start=\"1688\" data-end=\"2046\">Follow us! <a href=\"https:\/\/www.instagram.com\/freeshopswiss\/\" target=\"_blank\" rel=\"noopener\">@freeshopswiss<\/a><\/p>\n","protected":false},"excerpt":{"rendered":"<p><strong data-start=\"1826\" data-end=\"1890\">GUERLAIN Aqua Allegoria Forte Florabloom Eau de Parfum 125ml<\/strong> est une cr\u00e9ation olfactive \u00e9clatante et intense qui exprime toute la puissance et la po\u00e9sie de la nature en fleurs.<\/p>\n","protected":false},"featured_media":34722,"comment_status":"open","ping_status":"closed","template":"","meta":[],"pwb-brand":[2199],"product_brand":[],"product_cat":[87,109],"product_tag":[252,296,789,97],"class_list":{"0":"post-34727","1":"product","2":"type-product","3":"status-publish","4":"has-post-thumbnail","6":"pwb-brand-guerlain","7":"product_cat-parfums","8":"product_cat-pour-elle","9":"product_tag-eau-de-parfum-fr","10":"product_tag-femme","11":"product_tag-womens-fragrances-fr","12":"product_tag-parfums","14":"first","15":"outofstock","16":"sale","17":"taxable","18":"shipping-taxable","19":"purchasable","20":"product-type-simple"},"brands":[{"id":2199,"name":"Guerlain","slug":"guerlain"}],"_links":{"self":[{"href":"https:\/\/www.freeshopfrontiera.ch\/fr\/wp-json\/wp\/v2\/product\/34727","targetHints":{"allow":["GET"]}}],"collection":[{"href":"https:\/\/www.freeshopfrontiera.ch\/fr\/wp-json\/wp\/v2\/product"}],"about":[{"href":"https:\/\/www.freeshopfrontiera.ch\/fr\/wp-json\/wp\/v2\/types\/product"}],"replies":[{"embeddable":true,"href":"https:\/\/www.freeshopfrontiera.ch\/fr\/wp-json\/wp\/v2\/comments?post=34727"}],"version-history":[{"count":1,"href":"https:\/\/www.freeshopfrontiera.ch\/fr\/wp-json\/wp\/v2\/product\/34727\/revisions"}],"predecessor-version":[{"id":34730,"href":"https:\/\/www.freeshopfrontiera.ch\/fr\/wp-json\/wp\/v2\/product\/34727\/revisions\/34730"}],"wp:featuredmedia":[{"embeddable":true,"href":"https:\/\/www.freeshopfrontiera.ch\/fr\/wp-json\/wp\/v2\/media\/34722"}],"wp:attachment":[{"href":"https:\/\/www.freeshopfrontiera.ch\/fr\/wp-json\/wp\/v2\/media?parent=34727"}],"wp:term":[{"taxonomy":"pwb-brand","embeddable":true,"href":"https:\/\/www.freeshopfrontiera.ch\/fr\/wp-json\/wp\/v2\/pwb-brand?post=34727"},{"taxonomy":"product_brand","embeddable":true,"href":"https:\/\/www.freeshopfrontiera.ch\/fr\/wp-json\/wp\/v2\/product_brand?post=34727"},{"taxonomy":"product_cat","embeddable":true,"href":"https:\/\/www.freeshopfrontiera.ch\/fr\/wp-json\/wp\/v2\/product_cat?post=34727"},{"taxonomy":"product_tag","embeddable":true,"href":"https:\/\/www.freeshopfrontiera.ch\/fr\/wp-json\/wp\/v2\/product_tag?post=34727"}],"curies":[{"name":"wp","href":"https:\/\/api.w.org\/{rel}","templated":true}]}}