{"id":34767,"date":"2025-08-20T10:26:03","date_gmt":"2025-08-20T10:26:03","guid":{"rendered":"https:\/\/www.freeshopfrontiera.ch\/shop\/giorgio-armani-si-parfum\/"},"modified":"2025-08-20T10:31:26","modified_gmt":"2025-08-20T10:31:26","slug":"giorgio-armani-si-parfum","status":"publish","type":"product","link":"https:\/\/www.freeshopfrontiera.ch\/fr\/shop\/giorgio-armani-si-parfum\/","title":{"rendered":"GIORGIO ARMANI Si\u00b4 Parfum"},"content":{"rendered":"<p data-start=\"1364\" data-end=\"1401\"><strong data-start=\"1364\" data-end=\"1399\">Giorgio Armani S\u00ec Eau de Parfum<\/strong><\/p>\n<p data-start=\"1403\" data-end=\"1651\"><strong data-start=\"1403\" data-end=\"1438\">Giorgio Armani S\u00ec Eau de Parfum<\/strong> est une v\u00e9ritable ode \u00e0 la f\u00e9minit\u00e9 moderne : \u00e9l\u00e9gante, intense et intemporelle. Une fragrance cr\u00e9\u00e9e pour la femme s\u00fbre d\u2019elle, qui dit \u00ab Oui \u00bb \u00e0 la vie, aux \u00e9motions et \u00e0 la libert\u00e9 d\u2019exprimer sa personnalit\u00e9.<\/p>\n<p data-start=\"1653\" data-end=\"2033\">La composition s\u2019ouvre sur des notes lumineuses et fruit\u00e9es de <strong data-start=\"1716\" data-end=\"1736\">nectar de cassis<\/strong>, synonymes de fra\u00eecheur et de vivacit\u00e9. Au c\u0153ur, un bouquet raffin\u00e9 de <strong data-start=\"1808\" data-end=\"1823\">rose de mai<\/strong> et de <strong data-start=\"1830\" data-end=\"1841\">freesia<\/strong> r\u00e9v\u00e8le gr\u00e2ce et d\u00e9licatesse. En fond, les accords chaleureux et enveloppants de <strong data-start=\"1922\" data-end=\"1961\">vanille, patchouli et bois pr\u00e9cieux<\/strong> offrent profondeur et sensualit\u00e9, laissant une empreinte inoubliable.<\/p>\n<p data-start=\"2035\" data-end=\"2252\">Le flacon, aux lignes pures et au design minimaliste, incarne parfaitement l\u2019\u00e9l\u00e9gance de la Maison Armani : verre transparent r\u00e9v\u00e9lant la teinte dor\u00e9e du parfum, surmont\u00e9 d\u2019un bouchon noir brillant au style raffin\u00e9.<\/p>\n<p data-start=\"2254\" data-end=\"2397\">Polyvalent et sophistiqu\u00e9, <strong data-start=\"2281\" data-end=\"2301\">S\u00ec Eau de Parfum<\/strong> se porte aussi bien le jour que le soir, sublimant chaque instant d\u2019\u00e9l\u00e9gance et de s\u00e9duction.<\/p>\n<p data-start=\"2399\" data-end=\"2499\"><strong data-start=\"2399\" data-end=\"2497\">Avec Giorgio Armani S\u00ec Eau de Parfum, dites \u201cOui\u201d \u00e0 l\u2019\u00e9l\u00e9gance et au courage d\u2019\u00eatre vous-m\u00eame.<\/strong><\/p>\n<p data-start=\"1674\" data-end=\"1775\">Follow us! <a href=\"https:\/\/www.instagram.com\/freeshopswiss\/\" target=\"_blank\" rel=\"noopener\">@freeshopswiss<\/a><\/p>\n","protected":false},"excerpt":{"rendered":"<p><strong data-start=\"1403\" data-end=\"1438\">Giorgio Armani S\u00ec Eau de Parfum<\/strong> est une v\u00e9ritable ode \u00e0 la f\u00e9minit\u00e9 moderne : \u00e9l\u00e9gante, intense et intemporelle.<\/p>\n","protected":false},"featured_media":34747,"comment_status":"open","ping_status":"closed","template":"","meta":[],"pwb-brand":[263],"product_brand":[],"product_cat":[87,109],"product_tag":[252,296,789,97],"class_list":{"0":"post-34767","1":"product","2":"type-product","3":"status-publish","4":"has-post-thumbnail","6":"pwb-brand-giorgio-armani","7":"product_cat-parfums","8":"product_cat-pour-elle","9":"product_tag-eau-de-parfum-fr","10":"product_tag-femme","11":"product_tag-womens-fragrances-fr","12":"product_tag-parfums","14":"first","15":"instock","16":"sale","17":"taxable","18":"shipping-taxable","19":"purchasable","20":"product-type-variable","21":"has-default-attributes"},"brands":[{"id":263,"name":"Giorgio Armani","slug":"giorgio-armani"}],"_links":{"self":[{"href":"https:\/\/www.freeshopfrontiera.ch\/fr\/wp-json\/wp\/v2\/product\/34767","targetHints":{"allow":["GET"]}}],"collection":[{"href":"https:\/\/www.freeshopfrontiera.ch\/fr\/wp-json\/wp\/v2\/product"}],"about":[{"href":"https:\/\/www.freeshopfrontiera.ch\/fr\/wp-json\/wp\/v2\/types\/product"}],"replies":[{"embeddable":true,"href":"https:\/\/www.freeshopfrontiera.ch\/fr\/wp-json\/wp\/v2\/comments?post=34767"}],"version-history":[{"count":3,"href":"https:\/\/www.freeshopfrontiera.ch\/fr\/wp-json\/wp\/v2\/product\/34767\/revisions"}],"predecessor-version":[{"id":34776,"href":"https:\/\/www.freeshopfrontiera.ch\/fr\/wp-json\/wp\/v2\/product\/34767\/revisions\/34776"}],"wp:featuredmedia":[{"embeddable":true,"href":"https:\/\/www.freeshopfrontiera.ch\/fr\/wp-json\/wp\/v2\/media\/34747"}],"wp:attachment":[{"href":"https:\/\/www.freeshopfrontiera.ch\/fr\/wp-json\/wp\/v2\/media?parent=34767"}],"wp:term":[{"taxonomy":"pwb-brand","embeddable":true,"href":"https:\/\/www.freeshopfrontiera.ch\/fr\/wp-json\/wp\/v2\/pwb-brand?post=34767"},{"taxonomy":"product_brand","embeddable":true,"href":"https:\/\/www.freeshopfrontiera.ch\/fr\/wp-json\/wp\/v2\/product_brand?post=34767"},{"taxonomy":"product_cat","embeddable":true,"href":"https:\/\/www.freeshopfrontiera.ch\/fr\/wp-json\/wp\/v2\/product_cat?post=34767"},{"taxonomy":"product_tag","embeddable":true,"href":"https:\/\/www.freeshopfrontiera.ch\/fr\/wp-json\/wp\/v2\/product_tag?post=34767"}],"curies":[{"name":"wp","href":"https:\/\/api.w.org\/{rel}","templated":true}]}}