{"id":34817,"date":"2025-08-26T08:12:30","date_gmt":"2025-08-26T08:12:30","guid":{"rendered":"https:\/\/www.freeshopfrontiera.ch\/shop\/gucci-flora-gorgeous-gardenia-eau-de-parfum-intense-100ml\/"},"modified":"2025-08-26T08:19:10","modified_gmt":"2025-08-26T08:19:10","slug":"gucci-flora-gorgeous-gardenia-eau-de-parfum-intense-100ml","status":"publish","type":"product","link":"https:\/\/www.freeshopfrontiera.ch\/fr\/shop\/gucci-flora-gorgeous-gardenia-eau-de-parfum-intense-100ml\/","title":{"rendered":"GUCCI Flora Gorgeous Gardenia Eau de Parfum Intense 100ml"},"content":{"rendered":"<h3 data-start=\"1986\" data-end=\"2088\">GUCCI Flora Gorgeous Gardenia Eau de Parfum Intense \u2013 Un bouquet floral sophistiqu\u00e9 et envo\u00fbtant<\/h3>\n<p data-start=\"2090\" data-end=\"2459\"><strong data-start=\"2090\" data-end=\"2145\">GUCCI Flora Gorgeous Gardenia Eau de Parfum Intense<\/strong> est une fragrance f\u00e9minine qui c\u00e9l\u00e8bre la beaut\u00e9 des fleurs dans toute leur intensit\u00e9, devenant ainsi un parfum iconique et irr\u00e9sistible. Id\u00e9al pour les femmes qui aiment se distinguer avec \u00e9l\u00e9gance et personnalit\u00e9, cet Eau de Parfum r\u00e9unit raffinement, sensualit\u00e9 et modernit\u00e9 en une cr\u00e9ation olfactive unique.<\/p>\n<p data-start=\"2461\" data-end=\"2927\">La composition s\u2019ouvre sur des notes p\u00e9tillantes et lumineuses qui captent l\u2019attention d\u00e8s le premier instant. Au c\u0153ur, la <strong data-start=\"2584\" data-end=\"2604\">gard\u00e9nia blanche<\/strong>, symbole de f\u00e9minit\u00e9 et de puret\u00e9, s\u2019\u00e9panouit \u00e0 travers des accents cr\u00e9meux et velout\u00e9s, conf\u00e9rant au parfum un caract\u00e8re sophistiqu\u00e9 et enveloppant. Le sillage intense et persistant est sublim\u00e9 par des accords chaleureux et sensuels qui rendent cette fragrance inoubliable, parfaite en toute occasion, du matin au soir.<\/p>\n<p data-start=\"2929\" data-end=\"3211\">Le flacon refl\u00e8te le style inimitable de la maison GUCCI : \u00e9l\u00e9gant, raffin\u00e9 et orn\u00e9 de d\u00e9tails modernes inspir\u00e9s de l\u2019iconique collection Flora. Sa teinte intense et ses motifs floraux en font bien plus qu\u2019un parfum : un v\u00e9ritable objet de collection qui sublime chaque coiffeuse.<\/p>\n<p data-start=\"3213\" data-end=\"3289\"><strong data-start=\"3213\" data-end=\"3287\">Pourquoi choisir GUCCI Flora Gorgeous Gardenia Eau de Parfum Intense ?<\/strong><\/p>\n<ul data-start=\"3290\" data-end=\"3550\">\n<li data-start=\"3290\" data-end=\"3351\">\n<p data-start=\"3292\" data-end=\"3351\">Une fragrance florale intense, f\u00e9minine et contemporaine.<\/p>\n<\/li>\n<li data-start=\"3352\" data-end=\"3435\">\n<p data-start=\"3354\" data-end=\"3435\">Id\u00e9ale pour celles qui recherchent un parfum au sillage durable et enveloppant.<\/p>\n<\/li>\n<li data-start=\"3436\" data-end=\"3495\">\n<p data-start=\"3438\" data-end=\"3495\">L\u2019incarnation du style \u00e9l\u00e9gant et sophistiqu\u00e9 de GUCCI.<\/p>\n<\/li>\n<li data-start=\"3496\" data-end=\"3550\">\n<p data-start=\"3498\" data-end=\"3550\">Le cadeau de luxe parfait pour une femme sp\u00e9ciale.<\/p>\n<\/li>\n<\/ul>\n<p data-start=\"3552\" data-end=\"3808\">Porter GUCCI Flora Gorgeous Gardenia Intense, c\u2019est s\u2019immerger dans un univers de sensualit\u00e9, de raffinement et de libert\u00e9 d\u2019expression. C\u2019est le parfum qui c\u00e9l\u00e8bre la beaut\u00e9 authentique, destin\u00e9 \u00e0 celles qui souhaitent se sentir uniques et inoubliables<\/p>\n<p data-start=\"1777\" data-end=\"2020\">Follow us! <a href=\"https:\/\/www.instagram.com\/freeshopswiss\/\" target=\"_blank\" rel=\"noopener\">@freeshopswiss<\/a><\/p>\n","protected":false},"excerpt":{"rendered":"<p><strong data-start=\"2090\" data-end=\"2145\">GUCCI Flora Gorgeous Gardenia Eau de Parfum Intense<\/strong> est une fragrance f\u00e9minine qui c\u00e9l\u00e8bre la beaut\u00e9 des fleurs dans toute leur intensit\u00e9, devenant ainsi un parfum iconique et irr\u00e9sistible.<\/p>\n","protected":false},"featured_media":34797,"comment_status":"open","ping_status":"closed","template":"","meta":[],"pwb-brand":[270],"product_brand":[],"product_cat":[87,109],"product_tag":[252,296,789,97],"class_list":{"0":"post-34817","1":"product","2":"type-product","3":"status-publish","4":"has-post-thumbnail","6":"pwb-brand-gucci","7":"product_cat-parfums","8":"product_cat-pour-elle","9":"product_tag-eau-de-parfum-fr","10":"product_tag-femme","11":"product_tag-womens-fragrances-fr","12":"product_tag-parfums","14":"first","15":"outofstock","16":"taxable","17":"shipping-taxable","18":"product-type-variable","19":"has-default-attributes"},"brands":[{"id":270,"name":"Gucci","slug":"gucci"}],"_links":{"self":[{"href":"https:\/\/www.freeshopfrontiera.ch\/fr\/wp-json\/wp\/v2\/product\/34817","targetHints":{"allow":["GET"]}}],"collection":[{"href":"https:\/\/www.freeshopfrontiera.ch\/fr\/wp-json\/wp\/v2\/product"}],"about":[{"href":"https:\/\/www.freeshopfrontiera.ch\/fr\/wp-json\/wp\/v2\/types\/product"}],"replies":[{"embeddable":true,"href":"https:\/\/www.freeshopfrontiera.ch\/fr\/wp-json\/wp\/v2\/comments?post=34817"}],"version-history":[{"count":1,"href":"https:\/\/www.freeshopfrontiera.ch\/fr\/wp-json\/wp\/v2\/product\/34817\/revisions"}],"predecessor-version":[{"id":34825,"href":"https:\/\/www.freeshopfrontiera.ch\/fr\/wp-json\/wp\/v2\/product\/34817\/revisions\/34825"}],"wp:featuredmedia":[{"embeddable":true,"href":"https:\/\/www.freeshopfrontiera.ch\/fr\/wp-json\/wp\/v2\/media\/34797"}],"wp:attachment":[{"href":"https:\/\/www.freeshopfrontiera.ch\/fr\/wp-json\/wp\/v2\/media?parent=34817"}],"wp:term":[{"taxonomy":"pwb-brand","embeddable":true,"href":"https:\/\/www.freeshopfrontiera.ch\/fr\/wp-json\/wp\/v2\/pwb-brand?post=34817"},{"taxonomy":"product_brand","embeddable":true,"href":"https:\/\/www.freeshopfrontiera.ch\/fr\/wp-json\/wp\/v2\/product_brand?post=34817"},{"taxonomy":"product_cat","embeddable":true,"href":"https:\/\/www.freeshopfrontiera.ch\/fr\/wp-json\/wp\/v2\/product_cat?post=34817"},{"taxonomy":"product_tag","embeddable":true,"href":"https:\/\/www.freeshopfrontiera.ch\/fr\/wp-json\/wp\/v2\/product_tag?post=34817"}],"curies":[{"name":"wp","href":"https:\/\/api.w.org\/{rel}","templated":true}]}}