{"id":34851,"date":"2025-08-26T08:51:48","date_gmt":"2025-08-26T08:51:48","guid":{"rendered":"https:\/\/www.freeshopfrontiera.ch\/shop\/marc-jacobs-perfect-absolute-eau-de-parfum\/"},"modified":"2025-10-25T11:00:22","modified_gmt":"2025-10-25T11:00:22","slug":"marc-jacobs-perfect-absolute-eau-de-parfum","status":"publish","type":"product","link":"https:\/\/www.freeshopfrontiera.ch\/fr\/shop\/marc-jacobs-perfect-absolute-eau-de-parfum\/","title":{"rendered":"MARC JACOBS Perfect Absolute Eau de Parfum"},"content":{"rendered":"<h3 data-start=\"2052\" data-end=\"2143\">MARC JACOBS Perfect Absolute Eau de Parfum \u2013 Un parfum intense, moderne et surprenant<\/h3>\n<p data-start=\"2145\" data-end=\"2513\"><strong data-start=\"2145\" data-end=\"2191\">MARC JACOBS Perfect Absolute Eau de Parfum<\/strong> incarne une f\u00e9minit\u00e9 audacieuse, libre et authentique. Une fragrance qui invite \u00e0 c\u00e9l\u00e9brer son unicit\u00e9 sans compromis, id\u00e9ale pour celles qui souhaitent se d\u00e9marquer avec style et originalit\u00e9. Plus intense et enveloppant que la version classique, ce parfum s\u00e9duit les sens avec un bouquet riche, sensuel et inoubliable.<\/p>\n<p data-start=\"2515\" data-end=\"2972\">La pyramide olfactive s\u2019ouvre sur la fra\u00eecheur juteuse de la <strong data-start=\"2576\" data-end=\"2585\">figue<\/strong>, sublim\u00e9e par de d\u00e9licieuses notes de <strong data-start=\"2624\" data-end=\"2635\">caramel<\/strong> qui offrent un d\u00e9part inattendu et irr\u00e9sistible. En son c\u0153ur, la d\u00e9licatesse lumineuse du <strong data-start=\"2726\" data-end=\"2736\">jasmin<\/strong> se d\u00e9ploie avec \u00e9l\u00e9gance, apportant une touche florale raffin\u00e9e et envo\u00fbtante. Les notes de fond d\u2019<strong data-start=\"2836\" data-end=\"2845\">ambre<\/strong> ferment la composition avec chaleur et intensit\u00e9, laissant un sillage profond et sensuel qui persiste longtemps sur la peau.<\/p>\n<p data-start=\"2974\" data-end=\"3256\">Le flacon refl\u00e8te l\u2019esth\u00e9tique unique et ludique de Marc Jacobs : son bouchon iconique, orn\u00e9 de d\u00e9tails color\u00e9s et excentriques, en fait un v\u00e9ritable objet de collection. Ce parfum se distingue autant par son caract\u00e8re olfactif affirm\u00e9 que par le design marquant de son packaging.<\/p>\n<p data-start=\"3258\" data-end=\"3325\"><strong data-start=\"3258\" data-end=\"3323\">Pourquoi choisir MARC JACOBS Perfect Absolute Eau de Parfum ?<\/strong><\/p>\n<ul data-start=\"3326\" data-end=\"3692\">\n<li data-start=\"3326\" data-end=\"3401\">\n<p data-start=\"3328\" data-end=\"3401\">Une fragrance intense et persistante qui met en valeur la personnalit\u00e9.<\/p>\n<\/li>\n<li data-start=\"3402\" data-end=\"3491\">\n<p data-start=\"3404\" data-end=\"3491\">Des notes irr\u00e9sistibles de figue et de caramel, \u00e9quilibr\u00e9es par l\u2019\u00e9l\u00e9gance du jasmin.<\/p>\n<\/li>\n<li data-start=\"3492\" data-end=\"3562\">\n<p data-start=\"3494\" data-end=\"3562\">Une base d\u2019ambre sensuelle pour un sillage profond et inoubliable.<\/p>\n<\/li>\n<li data-start=\"3563\" data-end=\"3623\">\n<p data-start=\"3565\" data-end=\"3623\">Un flacon iconique au design ludique et collectionnable.<\/p>\n<\/li>\n<li data-start=\"3624\" data-end=\"3692\">\n<p data-start=\"3626\" data-end=\"3692\">Id\u00e9al pour les femmes qui aiment un style moderne et distinctif.<\/p>\n<\/li>\n<\/ul>\n<p data-start=\"3694\" data-end=\"3874\">Porter <strong data-start=\"3701\" data-end=\"3721\">Perfect Absolute<\/strong>, c\u2019est affirmer son individualit\u00e9 avec courage et l\u00e9g\u00e8ret\u00e9. Un parfum qui c\u00e9l\u00e8bre la beaut\u00e9 d\u2019\u00eatre soi-m\u00eame et rend chaque moment unique et m\u00e9morable<\/p>\n<p data-start=\"1981\" data-end=\"2187\">Follow us! <a href=\"https:\/\/www.instagram.com\/freeshopswiss\/\" target=\"_blank\" rel=\"noopener\">@freeshopswiss<\/a><\/p>\n","protected":false},"excerpt":{"rendered":"<p><strong data-start=\"2145\" data-end=\"2191\">MARC JACOBS Perfect Absolute Eau de Parfum<\/strong> incarne une f\u00e9minit\u00e9 audacieuse, libre et authentique. Une fragrance qui invite \u00e0 c\u00e9l\u00e9brer son unicit\u00e9 sans compromis, id\u00e9ale pour celles qui souhaitent se d\u00e9marquer avec style et originalit\u00e9.<\/p>\n","protected":false},"featured_media":34831,"comment_status":"open","ping_status":"closed","template":"","meta":[],"pwb-brand":[286],"product_brand":[],"product_cat":[87,109],"product_tag":[252,296,789,97],"class_list":{"0":"post-34851","1":"product","2":"type-product","3":"status-publish","4":"has-post-thumbnail","6":"pwb-brand-marc-jacobs","7":"product_cat-parfums","8":"product_cat-pour-elle","9":"product_tag-eau-de-parfum-fr","10":"product_tag-femme","11":"product_tag-womens-fragrances-fr","12":"product_tag-parfums","14":"first","15":"outofstock","16":"sale","17":"taxable","18":"shipping-taxable","19":"purchasable","20":"product-type-variable","21":"has-default-attributes"},"brands":[{"id":286,"name":"Marc Jacobs","slug":"marc-jacobs"}],"_links":{"self":[{"href":"https:\/\/www.freeshopfrontiera.ch\/fr\/wp-json\/wp\/v2\/product\/34851","targetHints":{"allow":["GET"]}}],"collection":[{"href":"https:\/\/www.freeshopfrontiera.ch\/fr\/wp-json\/wp\/v2\/product"}],"about":[{"href":"https:\/\/www.freeshopfrontiera.ch\/fr\/wp-json\/wp\/v2\/types\/product"}],"replies":[{"embeddable":true,"href":"https:\/\/www.freeshopfrontiera.ch\/fr\/wp-json\/wp\/v2\/comments?post=34851"}],"version-history":[{"count":3,"href":"https:\/\/www.freeshopfrontiera.ch\/fr\/wp-json\/wp\/v2\/product\/34851\/revisions"}],"predecessor-version":[{"id":34865,"href":"https:\/\/www.freeshopfrontiera.ch\/fr\/wp-json\/wp\/v2\/product\/34851\/revisions\/34865"}],"wp:featuredmedia":[{"embeddable":true,"href":"https:\/\/www.freeshopfrontiera.ch\/fr\/wp-json\/wp\/v2\/media\/34831"}],"wp:attachment":[{"href":"https:\/\/www.freeshopfrontiera.ch\/fr\/wp-json\/wp\/v2\/media?parent=34851"}],"wp:term":[{"taxonomy":"pwb-brand","embeddable":true,"href":"https:\/\/www.freeshopfrontiera.ch\/fr\/wp-json\/wp\/v2\/pwb-brand?post=34851"},{"taxonomy":"product_brand","embeddable":true,"href":"https:\/\/www.freeshopfrontiera.ch\/fr\/wp-json\/wp\/v2\/product_brand?post=34851"},{"taxonomy":"product_cat","embeddable":true,"href":"https:\/\/www.freeshopfrontiera.ch\/fr\/wp-json\/wp\/v2\/product_cat?post=34851"},{"taxonomy":"product_tag","embeddable":true,"href":"https:\/\/www.freeshopfrontiera.ch\/fr\/wp-json\/wp\/v2\/product_tag?post=34851"}],"curies":[{"name":"wp","href":"https:\/\/api.w.org\/{rel}","templated":true}]}}