{"id":34880,"date":"2025-08-26T09:51:06","date_gmt":"2025-08-26T09:51:06","guid":{"rendered":"https:\/\/www.freeshopfrontiera.ch\/shop\/guerlain-vetiver-de-guerlain-parfum-vapo-100ml\/"},"modified":"2025-08-26T09:54:44","modified_gmt":"2025-08-26T09:54:44","slug":"guerlain-vetiver-de-guerlain-parfum-vapo-100ml","status":"publish","type":"product","link":"https:\/\/www.freeshopfrontiera.ch\/fr\/shop\/guerlain-vetiver-de-guerlain-parfum-vapo-100ml\/","title":{"rendered":"GUERLAIN Vetiver de Guerlain Parfum Vapo 100ml"},"content":{"rendered":"<p><strong data-start=\"1528\" data-end=\"1578\">GUERLAIN Vetiver de Guerlain Parfum Vapo 100ml<\/strong> est un parfum masculin iconique qui c\u00e9l\u00e8bre l\u2019\u00e9l\u00e9gance intemporelle et la sophistication discr\u00e8te. Lanc\u00e9 en 1961, ce parfum est un v\u00e9ritable classique qui a travers\u00e9 les g\u00e9n\u00e9rations tout en conservant son authenticit\u00e9 et son style distinctif.<\/p>\n<p>La composition olfactive incarne la force et la noblesse du <strong data-start=\"1882\" data-end=\"1893\">v\u00e9tiver<\/strong>, enrichie de notes aromatiques et \u00e9pic\u00e9es qui en accentuent la profondeur. Il s\u2019ouvre sur un accord frais et l\u00e9g\u00e8rement amer de <strong data-start=\"2022\" data-end=\"2043\">baies de geni\u00e8vre<\/strong> et de <strong data-start=\"2050\" data-end=\"2063\">cardamome<\/strong>, suivi d\u2019un c\u0153ur \u00e9l\u00e9gant de <strong data-start=\"2092\" data-end=\"2103\">v\u00e9tiver<\/strong>, <strong data-start=\"2105\" data-end=\"2122\">bois de c\u00e8dre<\/strong> et touches de <strong data-start=\"2137\" data-end=\"2149\">r\u00e9glisse<\/strong>, apportant raffinement et caract\u00e8re. La base est chaude et enveloppante gr\u00e2ce \u00e0 des notes fum\u00e9es et des <strong data-start=\"2254\" data-end=\"2269\">f\u00e8ves tonka<\/strong>, cr\u00e9ant un \u00e9quilibre parfait entre luminosit\u00e9 et terre, puissance et \u00e9l\u00e9gance. Le r\u00e9sultat est un parfum sophistiqu\u00e9, intense et durable, id\u00e9al pour l\u2019homme moderne qui souhaite se d\u00e9marquer avec style, du quotidien aux occasions sp\u00e9ciales. Le flacon refl\u00e8te l\u2019\u00e9l\u00e9gance intemporelle de Guerlain : simple mais raffin\u00e9, parfait pour \u00eatre expos\u00e9 ou offert en cadeau de luxe.<\/p>\n<p><strong data-start=\"2642\" data-end=\"2681\">GUERLAIN Vetiver de Guerlain Parfum<\/strong> est bien plus qu\u2019un parfum : c\u2019est une ic\u00f4ne olfactive repr\u00e9sentant raffinement, personnalit\u00e9 et long\u00e9vit\u00e9, pens\u00e9 pour ceux qui appr\u00e9cient l\u2019\u00e9l\u00e9gance durable et souhaitent laisser une impression m\u00e9morable<\/p>\n<p>&nbsp;<\/p>\n<p>Follow us! <a href=\"https:\/\/www.instagram.com\/freeshopswiss\/\" target=\"_blank\" rel=\"noopener\">@freeshopswiss<\/a><\/p>\n","protected":false},"excerpt":{"rendered":"<p><strong data-start=\"1528\" data-end=\"1578\">GUERLAIN Vetiver de Guerlain Parfum Vapo 100ml<\/strong> est un parfum masculin iconique qui c\u00e9l\u00e8bre l\u2019\u00e9l\u00e9gance intemporelle et la sophistication discr\u00e8te.<\/p>\n","protected":false},"featured_media":34872,"comment_status":"open","ping_status":"closed","template":"","meta":[],"pwb-brand":[2199],"product_brand":[],"product_cat":[87,89],"product_tag":[252,1629,143,97],"class_list":{"0":"post-34880","1":"product","2":"type-product","3":"status-publish","4":"has-post-thumbnail","6":"pwb-brand-guerlain","7":"product_cat-parfums","8":"product_cat-pour-lui","9":"product_tag-eau-de-parfum-fr","10":"product_tag-mens-fragrances-fr","11":"product_tag-homme","12":"product_tag-parfums","14":"first","15":"instock","16":"sale","17":"taxable","18":"shipping-taxable","19":"purchasable","20":"product-type-simple"},"brands":[{"id":2199,"name":"Guerlain","slug":"guerlain"}],"_links":{"self":[{"href":"https:\/\/www.freeshopfrontiera.ch\/fr\/wp-json\/wp\/v2\/product\/34880","targetHints":{"allow":["GET"]}}],"collection":[{"href":"https:\/\/www.freeshopfrontiera.ch\/fr\/wp-json\/wp\/v2\/product"}],"about":[{"href":"https:\/\/www.freeshopfrontiera.ch\/fr\/wp-json\/wp\/v2\/types\/product"}],"replies":[{"embeddable":true,"href":"https:\/\/www.freeshopfrontiera.ch\/fr\/wp-json\/wp\/v2\/comments?post=34880"}],"version-history":[{"count":2,"href":"https:\/\/www.freeshopfrontiera.ch\/fr\/wp-json\/wp\/v2\/product\/34880\/revisions"}],"predecessor-version":[{"id":34884,"href":"https:\/\/www.freeshopfrontiera.ch\/fr\/wp-json\/wp\/v2\/product\/34880\/revisions\/34884"}],"wp:featuredmedia":[{"embeddable":true,"href":"https:\/\/www.freeshopfrontiera.ch\/fr\/wp-json\/wp\/v2\/media\/34872"}],"wp:attachment":[{"href":"https:\/\/www.freeshopfrontiera.ch\/fr\/wp-json\/wp\/v2\/media?parent=34880"}],"wp:term":[{"taxonomy":"pwb-brand","embeddable":true,"href":"https:\/\/www.freeshopfrontiera.ch\/fr\/wp-json\/wp\/v2\/pwb-brand?post=34880"},{"taxonomy":"product_brand","embeddable":true,"href":"https:\/\/www.freeshopfrontiera.ch\/fr\/wp-json\/wp\/v2\/product_brand?post=34880"},{"taxonomy":"product_cat","embeddable":true,"href":"https:\/\/www.freeshopfrontiera.ch\/fr\/wp-json\/wp\/v2\/product_cat?post=34880"},{"taxonomy":"product_tag","embeddable":true,"href":"https:\/\/www.freeshopfrontiera.ch\/fr\/wp-json\/wp\/v2\/product_tag?post=34880"}],"curies":[{"name":"wp","href":"https:\/\/api.w.org\/{rel}","templated":true}]}}