{"id":34894,"date":"2025-08-26T10:13:10","date_gmt":"2025-08-26T10:13:10","guid":{"rendered":"https:\/\/www.freeshopfrontiera.ch\/shop\/guerlain-lhomme-ideal-eau-de-parfum-vapo-100ml\/"},"modified":"2025-08-26T10:23:50","modified_gmt":"2025-08-26T10:23:50","slug":"guerlain-lhomme-ideal-eau-de-parfum-vapo-100ml","status":"publish","type":"product","link":"https:\/\/www.freeshopfrontiera.ch\/fr\/shop\/guerlain-lhomme-ideal-eau-de-parfum-vapo-100ml\/","title":{"rendered":"GUERLAIN L&rsquo;Homme Ideal Eau de Parfum Vapo 100ml"},"content":{"rendered":"<p><strong data-start=\"1331\" data-end=\"1382\">GUERLAIN L\u2019Homme Id\u00e9al Eau de Parfum Vapo 100ml<\/strong> est un parfum masculin qui incarne l\u2019\u00e9l\u00e9gance, la sensualit\u00e9 et le raffinement. Lanc\u00e9 en 2016, ce parfum oriental bois\u00e9 a \u00e9t\u00e9 cr\u00e9\u00e9 par les ma\u00eetres parfumeurs Thierry Wasser et Delphine Jelk pour offrir une exp\u00e9rience olfactive unique et s\u00e9duisante.<\/p>\n<p>La composition s\u2019ouvre sur des notes de t\u00eate d\u2019<strong data-start=\"1679\" data-end=\"1689\">amande<\/strong>, d\u2019<strong data-start=\"1693\" data-end=\"1703\">\u00e9pices<\/strong>, de <strong data-start=\"1708\" data-end=\"1719\">lavande<\/strong>, de <strong data-start=\"1724\" data-end=\"1737\">bergamote<\/strong>, de <strong data-start=\"1742\" data-end=\"1753\">romarin<\/strong> et de <strong data-start=\"1760\" data-end=\"1768\">thym<\/strong>, cr\u00e9ant une introduction fra\u00eeche et captivante. Le c\u0153ur r\u00e9v\u00e8le des notes de <strong data-start=\"1845\" data-end=\"1855\">cerise<\/strong>, de <strong data-start=\"1860\" data-end=\"1871\">vanille<\/strong>, d\u2019<strong data-start=\"1875\" data-end=\"1885\">encens<\/strong> et de <strong data-start=\"1892\" data-end=\"1908\">rose bulgare<\/strong>, ajoutant des nuances riches et complexes. Enfin, la fragrance repose sur des notes de fond de <strong data-start=\"2004\" data-end=\"2012\" data-is-only-node=\"\">cuir<\/strong>, de <strong data-start=\"2017\" data-end=\"2031\">f\u00e8ve tonka<\/strong> et de <strong data-start=\"2038\" data-end=\"2056\">bois de santal<\/strong>, offrant une finition chaude et longue dur\u00e9e. Le flacon conserve sa forme originale, teint\u00e9 d\u2019ambre avec un logo orange vif, et pr\u00e9sente un bouchon lourd et affirm\u00e9 avec un motif guilloch\u00e9 inspir\u00e9 de l\u2019horlogerie.<\/p>\n<p><strong data-start=\"2271\" data-end=\"2311\">GUERLAIN L\u2019Homme Id\u00e9al Eau de Parfum<\/strong> est bien plus qu\u2019un parfum : c\u2019est une ic\u00f4ne olfactive repr\u00e9sentant raffinement, personnalit\u00e9 et long\u00e9vit\u00e9, con\u00e7ue pour l\u2019homme moderne qui souhaite laisser une impression m\u00e9morable en toutes circonstances<\/p>\n<p>Follow us! <a href=\"https:\/\/www.instagram.com\/freeshopswiss\/\" target=\"_blank\" rel=\"noopener\">@freeshopswiss<\/a><\/p>\n","protected":false},"excerpt":{"rendered":"<p><strong data-start=\"1331\" data-end=\"1382\">GUERLAIN L\u2019Homme Id\u00e9al Eau de Parfum Vapo 100ml<\/strong> est un parfum masculin qui incarne l\u2019\u00e9l\u00e9gance, la sensualit\u00e9 et le raffinement.<\/p>\n","protected":false},"featured_media":34890,"comment_status":"open","ping_status":"closed","template":"","meta":[],"pwb-brand":[2199],"product_brand":[],"product_cat":[87,89],"product_tag":[252,1629,143,97],"class_list":{"0":"post-34894","1":"product","2":"type-product","3":"status-publish","4":"has-post-thumbnail","6":"pwb-brand-guerlain","7":"product_cat-parfums","8":"product_cat-pour-lui","9":"product_tag-eau-de-parfum-fr","10":"product_tag-mens-fragrances-fr","11":"product_tag-homme","12":"product_tag-parfums","14":"first","15":"outofstock","16":"sale","17":"taxable","18":"shipping-taxable","19":"purchasable","20":"product-type-simple"},"brands":[{"id":2199,"name":"Guerlain","slug":"guerlain"}],"_links":{"self":[{"href":"https:\/\/www.freeshopfrontiera.ch\/fr\/wp-json\/wp\/v2\/product\/34894","targetHints":{"allow":["GET"]}}],"collection":[{"href":"https:\/\/www.freeshopfrontiera.ch\/fr\/wp-json\/wp\/v2\/product"}],"about":[{"href":"https:\/\/www.freeshopfrontiera.ch\/fr\/wp-json\/wp\/v2\/types\/product"}],"replies":[{"embeddable":true,"href":"https:\/\/www.freeshopfrontiera.ch\/fr\/wp-json\/wp\/v2\/comments?post=34894"}],"version-history":[{"count":1,"href":"https:\/\/www.freeshopfrontiera.ch\/fr\/wp-json\/wp\/v2\/product\/34894\/revisions"}],"predecessor-version":[{"id":34900,"href":"https:\/\/www.freeshopfrontiera.ch\/fr\/wp-json\/wp\/v2\/product\/34894\/revisions\/34900"}],"wp:featuredmedia":[{"embeddable":true,"href":"https:\/\/www.freeshopfrontiera.ch\/fr\/wp-json\/wp\/v2\/media\/34890"}],"wp:attachment":[{"href":"https:\/\/www.freeshopfrontiera.ch\/fr\/wp-json\/wp\/v2\/media?parent=34894"}],"wp:term":[{"taxonomy":"pwb-brand","embeddable":true,"href":"https:\/\/www.freeshopfrontiera.ch\/fr\/wp-json\/wp\/v2\/pwb-brand?post=34894"},{"taxonomy":"product_brand","embeddable":true,"href":"https:\/\/www.freeshopfrontiera.ch\/fr\/wp-json\/wp\/v2\/product_brand?post=34894"},{"taxonomy":"product_cat","embeddable":true,"href":"https:\/\/www.freeshopfrontiera.ch\/fr\/wp-json\/wp\/v2\/product_cat?post=34894"},{"taxonomy":"product_tag","embeddable":true,"href":"https:\/\/www.freeshopfrontiera.ch\/fr\/wp-json\/wp\/v2\/product_tag?post=34894"}],"curies":[{"name":"wp","href":"https:\/\/api.w.org\/{rel}","templated":true}]}}