{"id":34908,"date":"2025-08-26T10:37:00","date_gmt":"2025-08-26T10:37:00","guid":{"rendered":"https:\/\/www.freeshopfrontiera.ch\/shop\/guerlain-linstant-de-guerlain-pour-homme-eau-de-parfum-100ml\/"},"modified":"2025-08-26T10:46:52","modified_gmt":"2025-08-26T10:46:52","slug":"guerlain-linstant-de-guerlain-pour-homme-eau-de-parfum-100ml","status":"publish","type":"product","link":"https:\/\/www.freeshopfrontiera.ch\/fr\/shop\/guerlain-linstant-de-guerlain-pour-homme-eau-de-parfum-100ml\/","title":{"rendered":"GUERLAIN L&rsquo;Instant de Guerlain Pour Homme Eau de Parfum 100ml"},"content":{"rendered":"<h3 data-start=\"1892\" data-end=\"1974\"><strong data-start=\"1896\" data-end=\"1972\">GUERLAIN L\u2019Instant de Guerlain Pour Homme Eau de Parfum 100ml<\/strong><\/h3>\n<p data-start=\"1976\" data-end=\"2371\">D\u00e9couvrez <strong data-start=\"1986\" data-end=\"2036\">L\u2019Instant de Guerlain Pour Homme Eau de Parfum<\/strong>, une interpr\u00e9tation sophistiqu\u00e9e et moderne du classique masculin sign\u00e9 Guerlain. Con\u00e7u pour l\u2019homme \u00e9l\u00e9gant et s\u00fbr de lui, il allie raffinement et personnalit\u00e9, transformant chaque instant en une exp\u00e9rience unique. Parfait pour ceux qui souhaitent se d\u00e9marquer avec subtilit\u00e9, L\u2019Instant de Guerlain incarne l\u2019\u00e9l\u00e9gance intemporelle.<\/p>\n<p data-start=\"2373\" data-end=\"2890\">D\u00e8s la premi\u00e8re vaporisation, les notes de <strong data-start=\"2416\" data-end=\"2459\">bergamote, citron, anis et pamplemousse<\/strong> offrent une fra\u00eecheur imm\u00e9diate et lumineuse, d\u00e9licatement rehauss\u00e9e par le <strong data-start=\"2536\" data-end=\"2546\">jasmin<\/strong> pour une touche sensuelle subtile. Le c\u0153ur se d\u00e9veloppe avec <strong data-start=\"2608\" data-end=\"2667\">cacao, patchouli, bois de santal, th\u00e9, c\u00e8dre et lavande<\/strong>, offrant une composition riche et complexe pleine de profondeur et de caract\u00e8re. Enfin, les notes de <strong data-start=\"2769\" data-end=\"2796\">musc, hibiscus et \u00e9l\u00e9mi<\/strong> forment une base persistante et enveloppante, garantissant un sillage \u00e9l\u00e9gant et m\u00e9morable.<\/p>\n<p data-start=\"2892\" data-end=\"3132\">Pr\u00e9sent\u00e9 dans un flacon au design \u00e9pur\u00e9 et sophistiqu\u00e9, le verre transparent laisse appara\u00eetre le liquide ambr\u00e9, symbole de chaleur et de richesse olfactive, tandis que le bouchon noir et les lignes \u00e9l\u00e9gantes expriment modernit\u00e9 et style.<\/p>\n<p data-start=\"3134\" data-end=\"3485\">Id\u00e9al pour toutes les occasions, <strong data-start=\"3167\" data-end=\"3203\">L\u2019Instant de Guerlain Pour Homme<\/strong> convient aussi bien aux journ\u00e9es de travail qu\u2019aux soir\u00e9es sp\u00e9ciales, offrant un parfum polyvalent qui accompagne l\u2019homme s\u00fbr de lui tout au long de la journ\u00e9e. Sa composition complexe en fait un parfum distinctif, capable de laisser une impression durable sans \u00eatre envahissant.<\/p>\n<p data-start=\"3487\" data-end=\"3840\">Indispensable pour les amateurs de parfums masculins de haute gamme, <strong data-start=\"3556\" data-end=\"3612\">L\u2019Instant de Guerlain Pour Homme Eau de Parfum 100ml<\/strong> est le choix parfait pour ceux qui recherchent \u00e9l\u00e9gance, raffinement et caract\u00e8re en une seule fragrance. Ajoutez-le \u00e0 votre collection et vivez l\u2019exp\u00e9rience d\u2019un parfum qui transforme chaque instant en un moment inoubliable<\/p>\n<p data-start=\"1707\" data-end=\"2055\">Follow us! <a href=\"https:\/\/www.instagram.com\/freeshopswiss\/\" target=\"_blank\" rel=\"noopener\">@freeshopswiss<\/a><\/p>\n","protected":false},"excerpt":{"rendered":"<p>D\u00e9couvrez <strong data-start=\"1986\" data-end=\"2036\">L\u2019Instant de Guerlain Pour Homme Eau de Parfum<\/strong>, une interpr\u00e9tation sophistiqu\u00e9e et moderne du classique masculin sign\u00e9 Guerlain.<\/p>\n","protected":false},"featured_media":34904,"comment_status":"open","ping_status":"closed","template":"","meta":[],"pwb-brand":[2199],"product_brand":[],"product_cat":[87,89],"product_tag":[252,1629,143,97],"class_list":{"0":"post-34908","1":"product","2":"type-product","3":"status-publish","4":"has-post-thumbnail","6":"pwb-brand-guerlain","7":"product_cat-parfums","8":"product_cat-pour-lui","9":"product_tag-eau-de-parfum-fr","10":"product_tag-mens-fragrances-fr","11":"product_tag-homme","12":"product_tag-parfums","14":"first","15":"instock","16":"sale","17":"taxable","18":"shipping-taxable","19":"purchasable","20":"product-type-simple"},"brands":[{"id":2199,"name":"Guerlain","slug":"guerlain"}],"_links":{"self":[{"href":"https:\/\/www.freeshopfrontiera.ch\/fr\/wp-json\/wp\/v2\/product\/34908","targetHints":{"allow":["GET"]}}],"collection":[{"href":"https:\/\/www.freeshopfrontiera.ch\/fr\/wp-json\/wp\/v2\/product"}],"about":[{"href":"https:\/\/www.freeshopfrontiera.ch\/fr\/wp-json\/wp\/v2\/types\/product"}],"replies":[{"embeddable":true,"href":"https:\/\/www.freeshopfrontiera.ch\/fr\/wp-json\/wp\/v2\/comments?post=34908"}],"version-history":[{"count":1,"href":"https:\/\/www.freeshopfrontiera.ch\/fr\/wp-json\/wp\/v2\/product\/34908\/revisions"}],"predecessor-version":[{"id":34912,"href":"https:\/\/www.freeshopfrontiera.ch\/fr\/wp-json\/wp\/v2\/product\/34908\/revisions\/34912"}],"wp:featuredmedia":[{"embeddable":true,"href":"https:\/\/www.freeshopfrontiera.ch\/fr\/wp-json\/wp\/v2\/media\/34904"}],"wp:attachment":[{"href":"https:\/\/www.freeshopfrontiera.ch\/fr\/wp-json\/wp\/v2\/media?parent=34908"}],"wp:term":[{"taxonomy":"pwb-brand","embeddable":true,"href":"https:\/\/www.freeshopfrontiera.ch\/fr\/wp-json\/wp\/v2\/pwb-brand?post=34908"},{"taxonomy":"product_brand","embeddable":true,"href":"https:\/\/www.freeshopfrontiera.ch\/fr\/wp-json\/wp\/v2\/product_brand?post=34908"},{"taxonomy":"product_cat","embeddable":true,"href":"https:\/\/www.freeshopfrontiera.ch\/fr\/wp-json\/wp\/v2\/product_cat?post=34908"},{"taxonomy":"product_tag","embeddable":true,"href":"https:\/\/www.freeshopfrontiera.ch\/fr\/wp-json\/wp\/v2\/product_tag?post=34908"}],"curies":[{"name":"wp","href":"https:\/\/api.w.org\/{rel}","templated":true}]}}