{"id":34921,"date":"2025-08-27T07:31:10","date_gmt":"2025-08-27T07:31:10","guid":{"rendered":"https:\/\/www.freeshopfrontiera.ch\/shop\/guerlain-homme-eau-de-parfum-100ml\/"},"modified":"2025-08-27T07:37:42","modified_gmt":"2025-08-27T07:37:42","slug":"guerlain-homme-eau-de-parfum-100ml","status":"publish","type":"product","link":"https:\/\/www.freeshopfrontiera.ch\/fr\/shop\/guerlain-homme-eau-de-parfum-100ml\/","title":{"rendered":"GUERLAIN Homme Eau de Parfum 100ml"},"content":{"rendered":"<p data-start=\"1649\" data-end=\"2041\"><strong data-start=\"1649\" data-end=\"1687\">Guerlain Homme Eau de Parfum 100ml<\/strong> incarne l\u2019\u00e9quilibre parfait entre fra\u00eecheur et intensit\u00e9, pens\u00e9 pour l\u2019homme moderne qui recherche l\u2019\u00e9l\u00e9gance tout en affirmant son originalit\u00e9. Construite autour de l\u2019accord inattendu du mojito, la fragrance s\u2019ouvre sur des notes p\u00e9tillantes de citron vert, de menthe et de bergamote, relev\u00e9es d\u2019une touche de rhum sensuelle qui apporte du caract\u00e8re.<\/p>\n<p data-start=\"2043\" data-end=\"2341\">En son c\u0153ur, des accents floraux et verts insufflent vitalit\u00e9 et naturel, tandis que le fond r\u00e9v\u00e8le la profondeur du patchouli, du c\u00e8dre et du v\u00e9tiver. Cette base bois\u00e9e assure persistance et sophistication, rendant la fragrance id\u00e9ale aussi bien au quotidien que lors d\u2019occasions plus \u00e9l\u00e9gantes.<\/p>\n<p data-start=\"2343\" data-end=\"2568\">Le flacon refl\u00e8te cette philosophie : lignes \u00e9pur\u00e9es, design moderne et d\u00e9tails raffin\u00e9s. Le capot satin\u00e9 orn\u00e9 d\u2019un guilloch\u00e9 s\u2019inspire de l\u2019univers de l\u2019horlogerie de luxe, soulignant le savoir-faire artisanal de Guerlain.<\/p>\n<p data-start=\"2570\" data-end=\"2816\">Appr\u00e9ci\u00e9 pour sa fra\u00eecheur vivifiante, Guerlain Homme Eau de Parfum s\u00e9duit particuli\u00e8rement pendant les saisons chaudes, mais reste une valeur s\u00fbre toute l\u2019ann\u00e9e. Original et subtil, il offre une aura lumineuse qui se distingue avec discr\u00e9tion.<\/p>\n<p data-start=\"2818\" data-end=\"3039\">En r\u00e9sum\u00e9, <strong data-start=\"2829\" data-end=\"2872\">Guerlain Homme Eau de Parfum Vapo 100ml<\/strong> est le choix id\u00e9al pour l\u2019homme dynamique et charismatique en qu\u00eate d\u2019un parfum frais, vibrant et \u00e9l\u00e9gant, capable de laisser une empreinte raffin\u00e9e et inoubliable.<\/p>\n<p data-start=\"1694\" data-end=\"1935\">Follow us! <a href=\"https:\/\/www.instagram.com\/freeshopswiss\/\" target=\"_blank\" rel=\"noopener\">@freeshopswiss<\/a><\/p>\n","protected":false},"excerpt":{"rendered":"<p><strong data-start=\"1649\" data-end=\"1687\">Guerlain Homme Eau de Parfum 100ml<\/strong> incarne l\u2019\u00e9quilibre parfait entre fra\u00eecheur et intensit\u00e9, pens\u00e9 pour l\u2019homme moderne qui recherche l\u2019\u00e9l\u00e9gance tout en affirmant son originalit\u00e9.<\/p>\n","protected":false},"featured_media":34917,"comment_status":"open","ping_status":"closed","template":"","meta":[],"pwb-brand":[2199],"product_brand":[],"product_cat":[87,89],"product_tag":[252,1629,143,97],"class_list":{"0":"post-34921","1":"product","2":"type-product","3":"status-publish","4":"has-post-thumbnail","6":"pwb-brand-guerlain","7":"product_cat-parfums","8":"product_cat-pour-lui","9":"product_tag-eau-de-parfum-fr","10":"product_tag-mens-fragrances-fr","11":"product_tag-homme","12":"product_tag-parfums","14":"first","15":"instock","16":"sale","17":"taxable","18":"shipping-taxable","19":"purchasable","20":"product-type-simple"},"brands":[{"id":2199,"name":"Guerlain","slug":"guerlain"}],"_links":{"self":[{"href":"https:\/\/www.freeshopfrontiera.ch\/fr\/wp-json\/wp\/v2\/product\/34921","targetHints":{"allow":["GET"]}}],"collection":[{"href":"https:\/\/www.freeshopfrontiera.ch\/fr\/wp-json\/wp\/v2\/product"}],"about":[{"href":"https:\/\/www.freeshopfrontiera.ch\/fr\/wp-json\/wp\/v2\/types\/product"}],"replies":[{"embeddable":true,"href":"https:\/\/www.freeshopfrontiera.ch\/fr\/wp-json\/wp\/v2\/comments?post=34921"}],"version-history":[{"count":1,"href":"https:\/\/www.freeshopfrontiera.ch\/fr\/wp-json\/wp\/v2\/product\/34921\/revisions"}],"predecessor-version":[{"id":34924,"href":"https:\/\/www.freeshopfrontiera.ch\/fr\/wp-json\/wp\/v2\/product\/34921\/revisions\/34924"}],"wp:featuredmedia":[{"embeddable":true,"href":"https:\/\/www.freeshopfrontiera.ch\/fr\/wp-json\/wp\/v2\/media\/34917"}],"wp:attachment":[{"href":"https:\/\/www.freeshopfrontiera.ch\/fr\/wp-json\/wp\/v2\/media?parent=34921"}],"wp:term":[{"taxonomy":"pwb-brand","embeddable":true,"href":"https:\/\/www.freeshopfrontiera.ch\/fr\/wp-json\/wp\/v2\/pwb-brand?post=34921"},{"taxonomy":"product_brand","embeddable":true,"href":"https:\/\/www.freeshopfrontiera.ch\/fr\/wp-json\/wp\/v2\/product_brand?post=34921"},{"taxonomy":"product_cat","embeddable":true,"href":"https:\/\/www.freeshopfrontiera.ch\/fr\/wp-json\/wp\/v2\/product_cat?post=34921"},{"taxonomy":"product_tag","embeddable":true,"href":"https:\/\/www.freeshopfrontiera.ch\/fr\/wp-json\/wp\/v2\/product_tag?post=34921"}],"curies":[{"name":"wp","href":"https:\/\/api.w.org\/{rel}","templated":true}]}}