{"id":34961,"date":"2025-08-27T09:32:15","date_gmt":"2025-08-27T09:32:15","guid":{"rendered":"https:\/\/www.freeshopfrontiera.ch\/shop\/lattafa-safwaan-lautre-oud-eau-de-parfum-100ml\/"},"modified":"2025-08-27T09:37:53","modified_gmt":"2025-08-27T09:37:53","slug":"lattafa-safwaan-lautre-oud-eau-de-parfum-100ml","status":"publish","type":"product","link":"https:\/\/www.freeshopfrontiera.ch\/fr\/shop\/lattafa-safwaan-lautre-oud-eau-de-parfum-100ml\/","title":{"rendered":"LATTAFA Safwaan L&rsquo;Autre Oud Eau de Parfum 100ml"},"content":{"rendered":"<p><strong data-start=\"1981\" data-end=\"2033\">Lattafa Safwaan L&rsquo;Autre Oud Eau de Parfum 100\u202fml<\/strong> est un parfum unisexe sophistiqu\u00e9 et moderne, con\u00e7u pour ceux qui souhaitent une fragrance distinctive, \u00e9l\u00e9gante et durable sans se ruiner. Cet Eau de Parfum de 100\u202fml offre une excellente tenue et une projection mod\u00e9r\u00e9e, id\u00e9al pour un usage quotidien ainsi que pour des soir\u00e9es ou des occasions sp\u00e9ciales. La pyramide olfactive s\u2019ouvre sur des notes fra\u00eeches et fruit\u00e9es de <strong data-start=\"2409\" data-end=\"2418\">pomme<\/strong> et une touche \u00e9pic\u00e9e de <strong data-start=\"2443\" data-end=\"2453\">poivre<\/strong>, cr\u00e9ant une premi\u00e8re impression vive et stimulante qui capte imm\u00e9diatement l\u2019attention. Le c\u0153ur se d\u00e9veloppe en une composition chaude et enveloppante avec du <strong data-start=\"2613\" data-end=\"2623\">safran<\/strong>, <strong data-start=\"2625\" data-end=\"2636\">caramel<\/strong>, <strong data-start=\"2638\" data-end=\"2647\">c\u00e8dre<\/strong> et <strong data-start=\"2651\" data-end=\"2659\">musc<\/strong>, apportant profondeur et caract\u00e8re \u00e0 la fragrance.<\/p>\n<p>La base est riche et persistante, combinant <strong data-start=\"2755\" data-end=\"2763\">musc<\/strong>, <strong data-start=\"2765\" data-end=\"2776\">vanille<\/strong> et <strong data-start=\"2780\" data-end=\"2799\">oud tolu balsam<\/strong>, laissant un sillage \u00e9l\u00e9gant, l\u00e9g\u00e8rement ambr\u00e9 et sensuel sur la peau, typique des parfums orientaux raffin\u00e9s. Le design du flacon refl\u00e8te l\u2019\u00e9l\u00e9gance de la fragrance : un verre sobre avec des d\u00e9tails dor\u00e9s, accompagn\u00e9 d\u2019un vaporisateur qui assure une application uniforme et confortable. Le flacon de 100\u202fml garantit une utilisation prolong\u00e9e et constitue \u00e9galement un cadeau de qualit\u00e9. L\u2019association de fra\u00eecheur, de chaleur et de douceur rend Safwaan L&rsquo;Autre Oud extr\u00eamement polyvalent, adapt\u00e9 aux hommes comme aux femmes qui aiment les parfums orientaux modernes et raffin\u00e9s. Les utilisateurs rapportent une tenue de 6 \u00e0 8 heures et un sillage captivant pendant les premi\u00e8res heures, qui s\u2019att\u00e9nue progressivement sans devenir envahissant.<\/p>\n<p>En r\u00e9sum\u00e9, <strong data-start=\"3555\" data-end=\"3586\">Lattafa Safwaan L&rsquo;Autre Oud<\/strong> est une solution accessible et de qualit\u00e9 pour tous ceux qui recherchent un parfum unisexe \u00e9l\u00e9gant et durable, se distinguant par son m\u00e9lange sophistiqu\u00e9 de notes fruit\u00e9es, \u00e9pic\u00e9es et orientales, offrant une exp\u00e9rience olfactive intense et m\u00e9morable sans compromis.<\/p>\n<p>&nbsp;<\/p>\n<p>Follow us! <a href=\"https:\/\/www.instagram.com\/freeshopswiss\/\" target=\"_blank\" rel=\"noopener\">@freeshopswiss<\/a><\/p>\n","protected":false},"excerpt":{"rendered":"<p><strong data-start=\"1981\" data-end=\"2033\">Lattafa Safwaan L&rsquo;Autre Oud Eau de Parfum 100\u202fml<\/strong> est un parfum unisexe sophistiqu\u00e9 et moderne, con\u00e7u pour ceux qui souhaitent une fragrance distinctive, \u00e9l\u00e9gante et durable sans se ruiner.<\/p>\n","protected":false},"featured_media":34953,"comment_status":"open","ping_status":"closed","template":"","meta":[],"pwb-brand":[772],"product_brand":[],"product_cat":[87,109,89],"product_tag":[252,296,143,97,594],"class_list":{"0":"post-34961","1":"product","2":"type-product","3":"status-publish","4":"has-post-thumbnail","6":"pwb-brand-lattafa","7":"product_cat-parfums","8":"product_cat-pour-elle","9":"product_cat-pour-lui","10":"product_tag-eau-de-parfum-fr","11":"product_tag-femme","12":"product_tag-homme","13":"product_tag-parfums","14":"product_tag-unisex-fr-2","16":"first","17":"outofstock","18":"sale","19":"taxable","20":"shipping-taxable","21":"purchasable","22":"product-type-simple"},"brands":[{"id":772,"name":"Lattafa","slug":"lattafa"}],"_links":{"self":[{"href":"https:\/\/www.freeshopfrontiera.ch\/fr\/wp-json\/wp\/v2\/product\/34961","targetHints":{"allow":["GET"]}}],"collection":[{"href":"https:\/\/www.freeshopfrontiera.ch\/fr\/wp-json\/wp\/v2\/product"}],"about":[{"href":"https:\/\/www.freeshopfrontiera.ch\/fr\/wp-json\/wp\/v2\/types\/product"}],"replies":[{"embeddable":true,"href":"https:\/\/www.freeshopfrontiera.ch\/fr\/wp-json\/wp\/v2\/comments?post=34961"}],"version-history":[{"count":1,"href":"https:\/\/www.freeshopfrontiera.ch\/fr\/wp-json\/wp\/v2\/product\/34961\/revisions"}],"predecessor-version":[{"id":34966,"href":"https:\/\/www.freeshopfrontiera.ch\/fr\/wp-json\/wp\/v2\/product\/34961\/revisions\/34966"}],"wp:featuredmedia":[{"embeddable":true,"href":"https:\/\/www.freeshopfrontiera.ch\/fr\/wp-json\/wp\/v2\/media\/34953"}],"wp:attachment":[{"href":"https:\/\/www.freeshopfrontiera.ch\/fr\/wp-json\/wp\/v2\/media?parent=34961"}],"wp:term":[{"taxonomy":"pwb-brand","embeddable":true,"href":"https:\/\/www.freeshopfrontiera.ch\/fr\/wp-json\/wp\/v2\/pwb-brand?post=34961"},{"taxonomy":"product_brand","embeddable":true,"href":"https:\/\/www.freeshopfrontiera.ch\/fr\/wp-json\/wp\/v2\/product_brand?post=34961"},{"taxonomy":"product_cat","embeddable":true,"href":"https:\/\/www.freeshopfrontiera.ch\/fr\/wp-json\/wp\/v2\/product_cat?post=34961"},{"taxonomy":"product_tag","embeddable":true,"href":"https:\/\/www.freeshopfrontiera.ch\/fr\/wp-json\/wp\/v2\/product_tag?post=34961"}],"curies":[{"name":"wp","href":"https:\/\/api.w.org\/{rel}","templated":true}]}}