{"id":34976,"date":"2025-08-27T09:54:06","date_gmt":"2025-08-27T09:54:06","guid":{"rendered":"https:\/\/www.freeshopfrontiera.ch\/shop\/zadig-voltaire-this-is-him-burning-love-eau-de-toilette-50ml\/"},"modified":"2025-08-27T09:57:10","modified_gmt":"2025-08-27T09:57:10","slug":"zadig-voltaire-this-is-him-burning-love-eau-de-toilette-50ml","status":"publish","type":"product","link":"https:\/\/www.freeshopfrontiera.ch\/fr\/shop\/zadig-voltaire-this-is-him-burning-love-eau-de-toilette-50ml\/","title":{"rendered":"ZADIG &#038; VOLTAIRE This is Him! Burning Love Eau de Toilette 50ml"},"content":{"rendered":"<p><strong data-start=\"1378\" data-end=\"1446\">ZADIG &amp; VOLTAIRE This is Him! Burning Love Eau de Toilette 50\u202fml<\/strong> est un parfum masculin audacieux et magn\u00e9tique, con\u00e7u pour ceux qui souhaitent une fragrance distinctive et sensuelle.<\/p>\n<p>La composition s\u2019ouvre sur des notes fra\u00eeches et d\u2019agrumes d\u2019<strong data-start=\"1627\" data-end=\"1637\">orange<\/strong>, cr\u00e9ant une premi\u00e8re impression vive et stimulante. Le c\u0153ur enveloppant de <strong data-start=\"1713\" data-end=\"1721\">rhum<\/strong> apporte profondeur et caract\u00e8re, ajoutant une touche intrigante et intense. La base de <strong data-start=\"1809\" data-end=\"1835\">vanille, ambre et bois<\/strong> offre chaleur et sensualit\u00e9, laissant un sillage doux et persistant sur la peau. Cette combinaison unique de fra\u00eecheur, douceur et notes \u00e9pic\u00e9es rend le parfum polyvalent, adapt\u00e9 \u00e0 un usage quotidien ainsi qu\u2019aux soir\u00e9es sp\u00e9ciales. Le flacon de 50\u202fml pr\u00e9sente un design moderne avec des couleurs vives, refl\u00e9tant l\u2019\u00e9nergie et la passion du parfum, et est \u00e9l\u00e9gant et pratique, id\u00e9al \u00e9galement comme cadeau raffin\u00e9. Les utilisateurs appr\u00e9cient la long\u00e9vit\u00e9 et la projection \u00e9quilibr\u00e9es de la fragrance, offrant une exp\u00e9rience olfactive intense sans \u00eatre excessive.<\/p>\n<p><strong data-start=\"2399\" data-end=\"2428\">This is Him! Burning Love<\/strong> est le choix parfait pour les hommes qui souhaitent se d\u00e9marquer avec un parfum unique et captivant, alliant audace, sensualit\u00e9 et sophistication dans une exp\u00e9rience olfactive m\u00e9morable.<\/p>\n<p>&nbsp;<\/p>\n<p>Follow us! <a href=\"https:\/\/www.instagram.com\/freeshopswiss\/\" target=\"_blank\" rel=\"noopener\">@freeshopswiss<\/a><\/p>\n","protected":false},"excerpt":{"rendered":"<p><strong data-start=\"1378\" data-end=\"1446\">ZADIG &amp; VOLTAIRE This is Him! Burning Love Eau de Toilette 50\u202fml<\/strong> est un parfum masculin audacieux et magn\u00e9tique, con\u00e7u pour ceux qui souhaitent une fragrance distinctive et sensuelle.<\/p>\n","protected":false},"featured_media":34972,"comment_status":"open","ping_status":"closed","template":"","meta":[],"pwb-brand":[390],"product_brand":[],"product_cat":[87,89],"product_tag":[141,1629,143],"class_list":{"0":"post-34976","1":"product","2":"type-product","3":"status-publish","4":"has-post-thumbnail","6":"pwb-brand-zadig-voltaire","7":"product_cat-parfums","8":"product_cat-pour-lui","9":"product_tag-eau-de-toilette-fr","10":"product_tag-mens-fragrances-fr","11":"product_tag-homme","13":"first","14":"instock","15":"sale","16":"taxable","17":"shipping-taxable","18":"purchasable","19":"product-type-simple"},"brands":[{"id":390,"name":"ZADIG &amp; VOLTAIRE","slug":"zadig-voltaire"}],"_links":{"self":[{"href":"https:\/\/www.freeshopfrontiera.ch\/fr\/wp-json\/wp\/v2\/product\/34976","targetHints":{"allow":["GET"]}}],"collection":[{"href":"https:\/\/www.freeshopfrontiera.ch\/fr\/wp-json\/wp\/v2\/product"}],"about":[{"href":"https:\/\/www.freeshopfrontiera.ch\/fr\/wp-json\/wp\/v2\/types\/product"}],"replies":[{"embeddable":true,"href":"https:\/\/www.freeshopfrontiera.ch\/fr\/wp-json\/wp\/v2\/comments?post=34976"}],"version-history":[{"count":1,"href":"https:\/\/www.freeshopfrontiera.ch\/fr\/wp-json\/wp\/v2\/product\/34976\/revisions"}],"predecessor-version":[{"id":34979,"href":"https:\/\/www.freeshopfrontiera.ch\/fr\/wp-json\/wp\/v2\/product\/34976\/revisions\/34979"}],"wp:featuredmedia":[{"embeddable":true,"href":"https:\/\/www.freeshopfrontiera.ch\/fr\/wp-json\/wp\/v2\/media\/34972"}],"wp:attachment":[{"href":"https:\/\/www.freeshopfrontiera.ch\/fr\/wp-json\/wp\/v2\/media?parent=34976"}],"wp:term":[{"taxonomy":"pwb-brand","embeddable":true,"href":"https:\/\/www.freeshopfrontiera.ch\/fr\/wp-json\/wp\/v2\/pwb-brand?post=34976"},{"taxonomy":"product_brand","embeddable":true,"href":"https:\/\/www.freeshopfrontiera.ch\/fr\/wp-json\/wp\/v2\/product_brand?post=34976"},{"taxonomy":"product_cat","embeddable":true,"href":"https:\/\/www.freeshopfrontiera.ch\/fr\/wp-json\/wp\/v2\/product_cat?post=34976"},{"taxonomy":"product_tag","embeddable":true,"href":"https:\/\/www.freeshopfrontiera.ch\/fr\/wp-json\/wp\/v2\/product_tag?post=34976"}],"curies":[{"name":"wp","href":"https:\/\/api.w.org\/{rel}","templated":true}]}}