{"id":35037,"date":"2025-09-01T09:35:39","date_gmt":"2025-09-01T09:35:39","guid":{"rendered":"https:\/\/www.freeshopfrontiera.ch\/shop\/burberry-week-end-women-100ml\/"},"modified":"2025-12-15T09:57:15","modified_gmt":"2025-12-15T09:57:15","slug":"burberry-week-end-women-100ml","status":"publish","type":"product","link":"https:\/\/www.freeshopfrontiera.ch\/fr\/shop\/burberry-week-end-women-100ml\/","title":{"rendered":"BURBERRY Week End Women Eau de Parfum 100ml"},"content":{"rendered":"<p data-start=\"3667\" data-end=\"4000\">D\u00e9couvrez <strong data-start=\"3677\" data-end=\"3718\">BURBERRY Week End Women Eau de Parfum<\/strong>, une fragrance iconique qui c\u00e9l\u00e8bre la libert\u00e9, la joie et la l\u00e9g\u00e8ret\u00e9 des instants les plus authentiques. Cr\u00e9\u00e9e par la maison britannique Burberry, elle est le parfum id\u00e9al pour la femme qui aime vivre avec \u00e9l\u00e9gance et naturel, transformant chaque jour en un moment inoubliable.<\/p>\n<p data-start=\"4002\" data-end=\"4485\">La composition olfactive s\u2019ouvre sur des notes p\u00e9tillantes et lumineuses de mandarine, de bergamote et de sauge, qui procurent imm\u00e9diatement \u00e9nergie et vitalit\u00e9. En c\u0153ur, un d\u00e9licat bouquet floral d\u2019iris, de jacinthe bleue, de rose sauvage et de cyclamen exprime toute la f\u00e9minit\u00e9 et le romantisme. En fond, les accords doux et velout\u00e9s de bois chauds, de musc et d\u2019une touche de vanille apportent profondeur et sensualit\u00e9, cr\u00e9ant un \u00e9quilibre parfait entre fra\u00eecheur et intensit\u00e9.<\/p>\n<p data-start=\"4487\" data-end=\"4802\">Le flacon, \u00e9l\u00e9gant et minimaliste, refl\u00e8te le style raffin\u00e9 et essentiel de Burberry, avec ses lignes pures et ses d\u00e9tails subtils qui \u00e9voquent l\u2019\u00e9l\u00e9gance britannique intemporelle. Sa simplicit\u00e9 r\u00e9v\u00e8le un caract\u00e8re affirm\u00e9, \u00e0 l\u2019image de la femme qui choisit ce parfum : ind\u00e9pendante, authentique et pleine de vie.<\/p>\n<p data-start=\"4804\" data-end=\"4992\"><strong data-start=\"4804\" data-end=\"4856\">BURBERRY Week End Women Eau de Parfum Vapo 100ml<\/strong> est le compagnon id\u00e9al pour toutes les occasions. L\u00e9ger et frais en journ\u00e9e, il r\u00e9v\u00e8le le soir venu un sillage chaud et irr\u00e9sistible.<\/p>\n<p data-start=\"4994\" data-end=\"5184\">Cette fragrance est un excellent choix pour celles qui recherchent un parfum \u00e9l\u00e9gant et polyvalent au quotidien, mais aussi une id\u00e9e cadeau pr\u00e9cieuse pour surprendre une personne sp\u00e9ciale.<\/p>\n<p data-start=\"5186\" data-end=\"5381\">Commandez d\u00e8s maintenant <strong data-start=\"5211\" data-end=\"5263\">BURBERRY Week End Women Eau de Parfum Vapo 100ml<\/strong> et laissez-vous s\u00e9duire par son sillage frais, d\u00e9licat et intemporel : l\u2019essence d\u2019un week-end \u00e0 vivre chaque jour.<\/p>\n<p data-start=\"1795\" data-end=\"1980\">Follow us! <a href=\"https:\/\/www.instagram.com\/freeshopswiss\/\" target=\"_blank\" rel=\"noopener\">@freeshopswiss<\/a><\/p>\n","protected":false},"excerpt":{"rendered":"<p>D\u00e9couvrez <strong data-start=\"3677\" data-end=\"3718\">BURBERRY Week End Women Eau de Parfum<\/strong>, une fragrance iconique qui c\u00e9l\u00e8bre la libert\u00e9, la joie et la l\u00e9g\u00e8ret\u00e9 des instants les plus authentiques.<\/p>\n","protected":false},"featured_media":35416,"comment_status":"open","ping_status":"closed","template":"","meta":[],"pwb-brand":[261],"product_brand":[],"product_cat":[87,109],"product_tag":[252,296,789],"class_list":{"0":"post-35037","1":"product","2":"type-product","3":"status-publish","4":"has-post-thumbnail","6":"pwb-brand-burberry","7":"product_cat-parfums","8":"product_cat-pour-elle","9":"product_tag-eau-de-parfum-fr","10":"product_tag-femme","11":"product_tag-womens-fragrances-fr","13":"first","14":"outofstock","15":"sale","16":"taxable","17":"shipping-taxable","18":"purchasable","19":"product-type-simple"},"brands":[{"id":261,"name":"Burberry","slug":"burberry"}],"_links":{"self":[{"href":"https:\/\/www.freeshopfrontiera.ch\/fr\/wp-json\/wp\/v2\/product\/35037","targetHints":{"allow":["GET"]}}],"collection":[{"href":"https:\/\/www.freeshopfrontiera.ch\/fr\/wp-json\/wp\/v2\/product"}],"about":[{"href":"https:\/\/www.freeshopfrontiera.ch\/fr\/wp-json\/wp\/v2\/types\/product"}],"replies":[{"embeddable":true,"href":"https:\/\/www.freeshopfrontiera.ch\/fr\/wp-json\/wp\/v2\/comments?post=35037"}],"version-history":[{"count":3,"href":"https:\/\/www.freeshopfrontiera.ch\/fr\/wp-json\/wp\/v2\/product\/35037\/revisions"}],"predecessor-version":[{"id":37933,"href":"https:\/\/www.freeshopfrontiera.ch\/fr\/wp-json\/wp\/v2\/product\/35037\/revisions\/37933"}],"wp:featuredmedia":[{"embeddable":true,"href":"https:\/\/www.freeshopfrontiera.ch\/fr\/wp-json\/wp\/v2\/media\/35416"}],"wp:attachment":[{"href":"https:\/\/www.freeshopfrontiera.ch\/fr\/wp-json\/wp\/v2\/media?parent=35037"}],"wp:term":[{"taxonomy":"pwb-brand","embeddable":true,"href":"https:\/\/www.freeshopfrontiera.ch\/fr\/wp-json\/wp\/v2\/pwb-brand?post=35037"},{"taxonomy":"product_brand","embeddable":true,"href":"https:\/\/www.freeshopfrontiera.ch\/fr\/wp-json\/wp\/v2\/product_brand?post=35037"},{"taxonomy":"product_cat","embeddable":true,"href":"https:\/\/www.freeshopfrontiera.ch\/fr\/wp-json\/wp\/v2\/product_cat?post=35037"},{"taxonomy":"product_tag","embeddable":true,"href":"https:\/\/www.freeshopfrontiera.ch\/fr\/wp-json\/wp\/v2\/product_tag?post=35037"}],"curies":[{"name":"wp","href":"https:\/\/api.w.org\/{rel}","templated":true}]}}