{"id":35060,"date":"2025-09-01T11:54:10","date_gmt":"2025-09-01T11:54:10","guid":{"rendered":"https:\/\/www.freeshopfrontiera.ch\/shop\/narciso-rodriguez-set-for-her-3\/"},"modified":"2025-12-12T11:54:10","modified_gmt":"2025-12-12T11:54:10","slug":"narciso-rodriguez-set-for-her-3","status":"publish","type":"product","link":"https:\/\/www.freeshopfrontiera.ch\/fr\/shop\/narciso-rodriguez-set-for-her-3\/","title":{"rendered":"NARCISO RODRIGUEZ SET For Her"},"content":{"rendered":"<h3 data-start=\"3828\" data-end=\"3956\">NARCISO RODRIGUEZ SET For Her Eau de Toilette Vapo 100ml + Body Lotion 50ml + Mini 7.5ml \u2013 L\u2019\u00e9l\u00e9gance f\u00e9minine intemporelle<\/h3>\n<p data-start=\"3958\" data-end=\"4368\">D\u00e9couvrez le charme \u00e9ternel de <strong data-start=\"3989\" data-end=\"4034\">NARCISO RODRIGUEZ For Her Eau de Toilette<\/strong> avec ce coffret exclusif, parfait comme cadeau raffin\u00e9 ou comme plaisir personnel. Symbole de f\u00e9minit\u00e9 sensuelle et sophistiqu\u00e9e, la fragrance s\u2019accompagne de deux alli\u00e9s incontournables : une <strong data-start=\"4228\" data-end=\"4248\">Body Lotion 50ml<\/strong>, qui hydrate et parfume d\u00e9licatement la peau, et un <strong data-start=\"4301\" data-end=\"4330\">Mini Eau de Toilette 7.5ml<\/strong>, id\u00e9al \u00e0 emporter partout avec soi.<\/p>\n<p data-start=\"4370\" data-end=\"4760\">Le <strong data-start=\"4373\" data-end=\"4400\">For Her Eau de Toilette<\/strong> est devenu une v\u00e9ritable ic\u00f4ne contemporaine de la parfumerie. Sa composition s\u2019ouvre sur des notes d\u00e9licates et lumineuses de fleur d\u2019oranger et d\u2019osmanthus, suivies d\u2019un c\u0153ur enveloppant de musc \u2013 signature des cr\u00e9ations Narciso Rodriguez. En fond, l\u2019ambre et les notes bois\u00e9es apportent intensit\u00e9 et profondeur, cr\u00e9ant un sillage \u00e9l\u00e9gant et irr\u00e9sistible.<\/p>\n<p data-start=\"4762\" data-end=\"5050\">La <strong data-start=\"4765\" data-end=\"4785\">Body Lotion 50ml<\/strong> compl\u00e8te le rituel sensoriel en laissant la peau douce et velout\u00e9e, tout en intensifiant le parfum. Le <strong data-start=\"4889\" data-end=\"4918\">Mini Eau de Toilette 7.5ml<\/strong> est l\u2019accessoire parfait \u00e0 glisser dans le sac ou \u00e0 emporter en voyage, pour avoir toujours avec soi l\u2019essence unique de For Her.<\/p>\n<p data-start=\"5052\" data-end=\"5209\">Le coffret, au design minimaliste et raffin\u00e9, refl\u00e8te le style inimitable de <strong data-start=\"5129\" data-end=\"5150\">Narciso Rodriguez<\/strong>, o\u00f9 modernit\u00e9 et f\u00e9minit\u00e9 s\u2019harmonisent \u00e0 la perfection.<\/p>\n<p data-start=\"5211\" data-end=\"5439\"><strong data-start=\"5211\" data-end=\"5297\">NARCISO RODRIGUEZ SET For Her Eau de Toilette 100ml + Body Lotion 50ml + Mini 7.5ml<\/strong> est le choix id\u00e9al pour celles qui aiment les parfums sophistiqu\u00e9s et sensuels, adapt\u00e9s aussi bien aux occasions sp\u00e9ciales qu\u2019au quotidien.<\/p>\n<p data-start=\"5441\" data-end=\"5625\">Commandez d\u00e8s maintenant ce coffret exclusif et laissez-vous s\u00e9duire par l\u2019harmonie intemporelle de <strong data-start=\"5541\" data-end=\"5552\">For Her<\/strong>, une fragrance qui c\u00e9l\u00e8bre toute la force et la beaut\u00e9 de la f\u00e9minit\u00e9<\/p>\n<p data-start=\"1912\" data-end=\"2083\">Follow us! <a href=\"https:\/\/www.instagram.com\/freeshopswiss\/\" target=\"_blank\" rel=\"noopener\">@freeshopswiss<\/a><\/p>\n","protected":false},"excerpt":{"rendered":"<p>D\u00e9couvrez le charme \u00e9ternel de <strong data-start=\"3989\" data-end=\"4034\">NARCISO RODRIGUEZ For Her Eau de Toilette<\/strong> avec ce coffret exclusif, parfait comme cadeau raffin\u00e9.<\/p>\n","protected":false},"featured_media":37817,"comment_status":"open","ping_status":"closed","template":"","meta":[],"pwb-brand":[284],"product_brand":[],"product_cat":[87,109,484,4192],"product_tag":[459,461,141,296,5050,5074,4367],"class_list":{"0":"post-35060","1":"product","2":"type-product","3":"status-publish","4":"has-post-thumbnail","6":"pwb-brand-narciso-rodriguez","7":"product_cat-parfums","8":"product_cat-pour-elle","9":"product_cat-coffret","10":"product_cat-offers-coffret","11":"product_tag-coffret","12":"product_tag-coffrets-femme","13":"product_tag-eau-de-toilette-fr","14":"product_tag-femme","15":"product_tag-fete-des-meres","16":"product_tag-parfums-pour-la-fete-des-meres","17":"product_tag-special-printemps","19":"first","20":"instock","21":"sale","22":"taxable","23":"shipping-taxable","24":"purchasable","25":"product-type-simple"},"brands":[{"id":284,"name":"Narciso Rodriguez","slug":"narciso-rodriguez"}],"_links":{"self":[{"href":"https:\/\/www.freeshopfrontiera.ch\/fr\/wp-json\/wp\/v2\/product\/35060","targetHints":{"allow":["GET"]}}],"collection":[{"href":"https:\/\/www.freeshopfrontiera.ch\/fr\/wp-json\/wp\/v2\/product"}],"about":[{"href":"https:\/\/www.freeshopfrontiera.ch\/fr\/wp-json\/wp\/v2\/types\/product"}],"replies":[{"embeddable":true,"href":"https:\/\/www.freeshopfrontiera.ch\/fr\/wp-json\/wp\/v2\/comments?post=35060"}],"version-history":[{"count":3,"href":"https:\/\/www.freeshopfrontiera.ch\/fr\/wp-json\/wp\/v2\/product\/35060\/revisions"}],"predecessor-version":[{"id":37833,"href":"https:\/\/www.freeshopfrontiera.ch\/fr\/wp-json\/wp\/v2\/product\/35060\/revisions\/37833"}],"wp:featuredmedia":[{"embeddable":true,"href":"https:\/\/www.freeshopfrontiera.ch\/fr\/wp-json\/wp\/v2\/media\/37817"}],"wp:attachment":[{"href":"https:\/\/www.freeshopfrontiera.ch\/fr\/wp-json\/wp\/v2\/media?parent=35060"}],"wp:term":[{"taxonomy":"pwb-brand","embeddable":true,"href":"https:\/\/www.freeshopfrontiera.ch\/fr\/wp-json\/wp\/v2\/pwb-brand?post=35060"},{"taxonomy":"product_brand","embeddable":true,"href":"https:\/\/www.freeshopfrontiera.ch\/fr\/wp-json\/wp\/v2\/product_brand?post=35060"},{"taxonomy":"product_cat","embeddable":true,"href":"https:\/\/www.freeshopfrontiera.ch\/fr\/wp-json\/wp\/v2\/product_cat?post=35060"},{"taxonomy":"product_tag","embeddable":true,"href":"https:\/\/www.freeshopfrontiera.ch\/fr\/wp-json\/wp\/v2\/product_tag?post=35060"}],"curies":[{"name":"wp","href":"https:\/\/api.w.org\/{rel}","templated":true}]}}