{"id":35074,"date":"2025-09-01T12:52:45","date_gmt":"2025-09-01T12:52:45","guid":{"rendered":"https:\/\/www.freeshopfrontiera.ch\/shop\/dolcegabbana-set-q\/"},"modified":"2025-12-26T00:00:25","modified_gmt":"2025-12-26T00:00:25","slug":"dolcegabbana-set-q","status":"publish","type":"product","link":"https:\/\/www.freeshopfrontiera.ch\/fr\/shop\/dolcegabbana-set-q\/","title":{"rendered":"DOLCE&#038;GABBANA SET Q"},"content":{"rendered":"<h3 data-start=\"3783\" data-end=\"3868\">DOLCE&amp;GABBANA SET Q Eau de Parfum 100ml + Mini EdP 10ml \u2013 La royaut\u00e9 au f\u00e9minin<\/h3>\n<p data-start=\"3870\" data-end=\"4186\">D\u00e9couvrez l\u2019\u00e9l\u00e9gance magn\u00e9tique de <strong data-start=\"3905\" data-end=\"3938\">DOLCE&amp;GABBANA Q Eau de Parfum<\/strong> avec ce coffret exclusif, con\u00e7u pour les femmes qui veulent vivre chaque jour avec gr\u00e2ce et d\u00e9termination. Inspir\u00e9e par la force et le charisme de la reine moderne, la fragrance est accompagn\u00e9e d\u2019un format mini de 10ml, id\u00e9al \u00e0 emporter partout.<\/p>\n<p data-start=\"4188\" data-end=\"4662\"><strong data-start=\"4188\" data-end=\"4230\">Q by Dolce&amp;Gabbana Eau de Parfum 100ml<\/strong> est un parfum vif, raffin\u00e9 et f\u00e9minin qui c\u00e9l\u00e8bre le pouvoir de la passion. La composition s\u2019ouvre sur des notes fra\u00eeches et lumineuses de citron de Sicile et de cerise rouge, qui apportent \u00e9nergie et vitalit\u00e9. Au c\u0153ur, la d\u00e9licatesse des fleurs blanches se m\u00eale \u00e0 des nuances fruit\u00e9es, cr\u00e9ant un \u00e9quilibre harmonieux et s\u00e9duisant. Le fond d\u00e9voile des accords bois\u00e9s et musqu\u00e9s \u00e9l\u00e9gants, ajoutant profondeur et une touche royale.<\/p>\n<p data-start=\"4664\" data-end=\"4827\">La <strong data-start=\"4667\" data-end=\"4684\">Mini EdP 10ml<\/strong> est l\u2019alli\u00e9e parfaite pour garder avec vous, \u00e0 tout moment, le charme de ce parfum \u2013 en voyage ou pour se rafra\u00eechir au cours de la journ\u00e9e.<\/p>\n<p data-start=\"4829\" data-end=\"5094\">Le flacon, surmont\u00e9 d\u2019un bouchon dor\u00e9 en forme de couronne, refl\u00e8te l\u2019esprit royal de <strong data-start=\"4915\" data-end=\"4934\">Dolce&amp;Gabbana Q<\/strong> : un v\u00e9ritable symbole de f\u00e9minit\u00e9, de puissance et de s\u00e9duction. Raffin\u00e9 et moderne, il incarne l\u2019essence d\u2019une femme ind\u00e9pendante, \u00e9l\u00e9gante et s\u00fbre d\u2019elle.<\/p>\n<p data-start=\"5096\" data-end=\"5295\"><strong data-start=\"5096\" data-end=\"5155\">DOLCE&amp;GABBANA SET Q Eau de Parfum 100ml + Mini EdP 10ml<\/strong> est le choix parfait pour celles qui recherchent un parfum lumineux et affirm\u00e9, id\u00e9al pour le quotidien comme pour les grandes occasions.<\/p>\n<p data-start=\"5297\" data-end=\"5498\">Commandez d\u00e8s maintenant ce coffret exclusif et laissez-vous s\u00e9duire par la royaut\u00e9 sensuelle de <strong data-start=\"5394\" data-end=\"5427\">DOLCE&amp;GABBANA Q Eau de Parfum<\/strong> : un v\u00e9ritable hymne \u00e0 la passion et \u00e0 la force de la femme moderne<\/p>\n<p data-start=\"1727\" data-end=\"1909\">Follow us! <a href=\"https:\/\/www.instagram.com\/freeshopswiss\/\" target=\"_blank\" rel=\"noopener\">@freeshopswiss<\/a><\/p>\n","protected":false},"excerpt":{"rendered":"<p>D\u00e9couvrez l\u2019\u00e9l\u00e9gance magn\u00e9tique de <strong data-start=\"3905\" data-end=\"3938\">DOLCE&amp;GABBANA Q Eau de Parfum<\/strong> avec ce coffret exclusif, con\u00e7u pour les femmes qui veulent vivre chaque jour avec gr\u00e2ce et d\u00e9termination.<\/p>\n","protected":false},"featured_media":38352,"comment_status":"open","ping_status":"closed","template":"","meta":[],"pwb-brand":[272],"product_brand":[],"product_cat":[87,109],"product_tag":[459,461,296,4348,789],"class_list":{"0":"post-35074","1":"product","2":"type-product","3":"status-publish","4":"has-post-thumbnail","6":"pwb-brand-dolcegabbana","7":"product_cat-parfums","8":"product_cat-pour-elle","9":"product_tag-coffret","10":"product_tag-coffrets-femme","11":"product_tag-femme","12":"product_tag-fete-des-femmes","13":"product_tag-womens-fragrances-fr","15":"first","16":"outofstock","17":"sale","18":"taxable","19":"shipping-taxable","20":"purchasable","21":"product-type-simple"},"brands":[{"id":272,"name":"Dolce&amp;Gabbana","slug":"dolcegabbana"}],"_links":{"self":[{"href":"https:\/\/www.freeshopfrontiera.ch\/fr\/wp-json\/wp\/v2\/product\/35074","targetHints":{"allow":["GET"]}}],"collection":[{"href":"https:\/\/www.freeshopfrontiera.ch\/fr\/wp-json\/wp\/v2\/product"}],"about":[{"href":"https:\/\/www.freeshopfrontiera.ch\/fr\/wp-json\/wp\/v2\/types\/product"}],"replies":[{"embeddable":true,"href":"https:\/\/www.freeshopfrontiera.ch\/fr\/wp-json\/wp\/v2\/comments?post=35074"}],"version-history":[{"count":1,"href":"https:\/\/www.freeshopfrontiera.ch\/fr\/wp-json\/wp\/v2\/product\/35074\/revisions"}],"predecessor-version":[{"id":35079,"href":"https:\/\/www.freeshopfrontiera.ch\/fr\/wp-json\/wp\/v2\/product\/35074\/revisions\/35079"}],"wp:featuredmedia":[{"embeddable":true,"href":"https:\/\/www.freeshopfrontiera.ch\/fr\/wp-json\/wp\/v2\/media\/38352"}],"wp:attachment":[{"href":"https:\/\/www.freeshopfrontiera.ch\/fr\/wp-json\/wp\/v2\/media?parent=35074"}],"wp:term":[{"taxonomy":"pwb-brand","embeddable":true,"href":"https:\/\/www.freeshopfrontiera.ch\/fr\/wp-json\/wp\/v2\/pwb-brand?post=35074"},{"taxonomy":"product_brand","embeddable":true,"href":"https:\/\/www.freeshopfrontiera.ch\/fr\/wp-json\/wp\/v2\/product_brand?post=35074"},{"taxonomy":"product_cat","embeddable":true,"href":"https:\/\/www.freeshopfrontiera.ch\/fr\/wp-json\/wp\/v2\/product_cat?post=35074"},{"taxonomy":"product_tag","embeddable":true,"href":"https:\/\/www.freeshopfrontiera.ch\/fr\/wp-json\/wp\/v2\/product_tag?post=35074"}],"curies":[{"name":"wp","href":"https:\/\/api.w.org\/{rel}","templated":true}]}}