{"id":35092,"date":"2025-09-01T15:30:53","date_gmt":"2025-09-01T15:30:53","guid":{"rendered":"https:\/\/www.freeshopfrontiera.ch\/shop\/bulgari-splendida-patchouli-tentation\/"},"modified":"2025-09-01T15:35:35","modified_gmt":"2025-09-01T15:35:35","slug":"bulgari-splendida-patchouli-tentation","status":"publish","type":"product","link":"https:\/\/www.freeshopfrontiera.ch\/fr\/shop\/bulgari-splendida-patchouli-tentation\/","title":{"rendered":"BULGARI Splendida Patchouli Tentation"},"content":{"rendered":"<h3 data-start=\"3865\" data-end=\"3977\">BULGARI Splendida Patchouli Tentation Eau de Parfum \u2013 L\u2019\u00e9l\u00e9gance du patchouli dans un sillage irr\u00e9sistible<\/h3>\n<p data-start=\"3979\" data-end=\"4386\">D\u00e9couvrez <strong data-start=\"3989\" data-end=\"4044\">BULGARI Splendida Patchouli Tentation Eau de Parfum<\/strong>, une fragrance intense et raffin\u00e9e qui sublime la f\u00e9minit\u00e9 contemporaine \u00e0 travers l\u2019accord iconique du patchouli, v\u00e9ritable symbole de sensualit\u00e9 et de magn\u00e9tisme. Issue de la prestigieuse <strong data-start=\"4235\" data-end=\"4259\">collection Splendida<\/strong>, ce parfum rend hommage au pouvoir de s\u00e9duction de la femme moderne, capable d\u2019allier force et douceur en parfaite harmonie.<\/p>\n<p data-start=\"4388\" data-end=\"4872\">Le bouquet olfactif s\u2019ouvre sur des notes d\u2019agrumes p\u00e9tillantes et lumineuses, qui apportent une fra\u00eecheur enveloppante et pr\u00e9parent les sens \u00e0 l\u2019intensit\u00e9 du c\u0153ur. Le <strong data-start=\"4556\" data-end=\"4569\">patchouli<\/strong> en est la star, r\u00e9v\u00e9l\u00e9 dans toute sa richesse : \u00e9l\u00e9gant, envo\u00fbtant et l\u00e9g\u00e8rement terreux, il se m\u00eale \u00e0 des touches florales d\u00e9licates pour cr\u00e9er un contraste harmonieux et sophistiqu\u00e9. En fond, des accords chauds et persistants de bois pr\u00e9cieux et de muscs velout\u00e9s d\u00e9voilent profondeur et caract\u00e8re.<\/p>\n<p data-start=\"4874\" data-end=\"5170\">Le flacon, lumineux et raffin\u00e9, refl\u00e8te la philosophie de la ligne Splendida : un design qui associe puret\u00e9 et luxe, sublim\u00e9 par des d\u00e9tails \u00e9l\u00e9gants \u00e9voquant l\u2019excellence de la maison Bulgari. Chaque vaporisation est une invitation \u00e0 d\u00e9couvrir la beaut\u00e9 intemporelle et l\u2019art de la parfumerie.<\/p>\n<p data-start=\"5172\" data-end=\"5502\"><strong data-start=\"5172\" data-end=\"5227\">BULGARI Splendida Patchouli Tentation Eau de Parfum<\/strong> est le choix id\u00e9al pour celles qui aiment les fragrances sophistiqu\u00e9es et intenses. Parfait pour le soir, mais tout aussi captivant en journ\u00e9e gr\u00e2ce \u00e0 son caract\u00e8re audacieux et sensuel. Un parfum qui ne passe jamais inaper\u00e7u, laissant une empreinte unique et inoubliable.<\/p>\n<p data-start=\"5504\" data-end=\"5739\">Offrez-vous le luxe d\u2019une fragrance iconique : commandez d\u00e8s maintenant <strong data-start=\"5576\" data-end=\"5631\">BULGARI Splendida Patchouli Tentation Eau de Parfum<\/strong> et laissez-vous s\u00e9duire par le charme magn\u00e9tique du patchouli, l\u2019essence la plus envo\u00fbtante de la nature.<\/p>\n<p data-start=\"1810\" data-end=\"2021\">Follow us! <a href=\"https:\/\/www.instagram.com\/freeshopswiss\/\" target=\"_blank\" rel=\"noopener\">@freeshopswiss<\/a><\/p>\n","protected":false},"excerpt":{"rendered":"<p>D\u00e9couvrez <strong data-start=\"3989\" data-end=\"4044\">BULGARI Splendida Patchouli Tentation Eau de Parfum<\/strong>, une fragrance intense et raffin\u00e9e qui sublime la f\u00e9minit\u00e9 contemporaine \u00e0 travers l\u2019accord iconique du patchouli, v\u00e9ritable symbole de sensualit\u00e9 et de magn\u00e9tisme.<\/p>\n","protected":false},"featured_media":35084,"comment_status":"open","ping_status":"closed","template":"","meta":[],"pwb-brand":[399],"product_brand":[],"product_cat":[87,109],"product_tag":[252,296,789,97],"class_list":{"0":"post-35092","1":"product","2":"type-product","3":"status-publish","4":"has-post-thumbnail","6":"pwb-brand-bulgari","7":"product_cat-parfums","8":"product_cat-pour-elle","9":"product_tag-eau-de-parfum-fr","10":"product_tag-femme","11":"product_tag-womens-fragrances-fr","12":"product_tag-parfums","14":"first","15":"instock","16":"sale","17":"taxable","18":"shipping-taxable","19":"purchasable","20":"product-type-simple"},"brands":[{"id":399,"name":"Bulgari","slug":"bulgari"}],"_links":{"self":[{"href":"https:\/\/www.freeshopfrontiera.ch\/fr\/wp-json\/wp\/v2\/product\/35092","targetHints":{"allow":["GET"]}}],"collection":[{"href":"https:\/\/www.freeshopfrontiera.ch\/fr\/wp-json\/wp\/v2\/product"}],"about":[{"href":"https:\/\/www.freeshopfrontiera.ch\/fr\/wp-json\/wp\/v2\/types\/product"}],"replies":[{"embeddable":true,"href":"https:\/\/www.freeshopfrontiera.ch\/fr\/wp-json\/wp\/v2\/comments?post=35092"}],"version-history":[{"count":1,"href":"https:\/\/www.freeshopfrontiera.ch\/fr\/wp-json\/wp\/v2\/product\/35092\/revisions"}],"predecessor-version":[{"id":35096,"href":"https:\/\/www.freeshopfrontiera.ch\/fr\/wp-json\/wp\/v2\/product\/35092\/revisions\/35096"}],"wp:featuredmedia":[{"embeddable":true,"href":"https:\/\/www.freeshopfrontiera.ch\/fr\/wp-json\/wp\/v2\/media\/35084"}],"wp:attachment":[{"href":"https:\/\/www.freeshopfrontiera.ch\/fr\/wp-json\/wp\/v2\/media?parent=35092"}],"wp:term":[{"taxonomy":"pwb-brand","embeddable":true,"href":"https:\/\/www.freeshopfrontiera.ch\/fr\/wp-json\/wp\/v2\/pwb-brand?post=35092"},{"taxonomy":"product_brand","embeddable":true,"href":"https:\/\/www.freeshopfrontiera.ch\/fr\/wp-json\/wp\/v2\/product_brand?post=35092"},{"taxonomy":"product_cat","embeddable":true,"href":"https:\/\/www.freeshopfrontiera.ch\/fr\/wp-json\/wp\/v2\/product_cat?post=35092"},{"taxonomy":"product_tag","embeddable":true,"href":"https:\/\/www.freeshopfrontiera.ch\/fr\/wp-json\/wp\/v2\/product_tag?post=35092"}],"curies":[{"name":"wp","href":"https:\/\/api.w.org\/{rel}","templated":true}]}}