{"id":35163,"date":"2025-09-03T08:36:43","date_gmt":"2025-09-03T08:36:43","guid":{"rendered":"https:\/\/www.freeshopfrontiera.ch\/shop\/creed-oud-zarian-eau-de-parfum\/"},"modified":"2025-09-03T08:44:41","modified_gmt":"2025-09-03T08:44:41","slug":"creed-oud-zarian-eau-de-parfum","status":"publish","type":"product","link":"https:\/\/www.freeshopfrontiera.ch\/fr\/shop\/creed-oud-zarian-eau-de-parfum\/","title":{"rendered":"CREED Oud Zarian Eau de Parfum"},"content":{"rendered":"<p data-start=\"2985\" data-end=\"3040\"><strong data-start=\"2985\" data-end=\"3038\">CREED Oud Zarian Eau de Parfum Vaporisateur 100ml<\/strong><\/p>\n<p data-start=\"3042\" data-end=\"3340\">Un parfum qui incarne le luxe, le raffinement et l\u2019\u00e9l\u00e9gance intemporelle. <strong data-start=\"3116\" data-end=\"3130\">Oud Zarian<\/strong> de Creed est une cr\u00e9ation exclusive qui c\u00e9l\u00e8bre l\u2019art de la parfumerie en mariant la richesse profonde de l\u2019oud \u00e0 des nuances lumineuses et sophistiqu\u00e9es, pour une exp\u00e9rience olfactive unique et inoubliable.<\/p>\n<p data-start=\"3342\" data-end=\"3675\">Les notes de t\u00eate s\u2019ouvrent sur une fra\u00eecheur envo\u00fbtante, annon\u00e7ant un c\u0153ur opulent domin\u00e9 par le bois d\u2019oud, envelopp\u00e9 d\u2019accents \u00e9pic\u00e9s et d\u2019un bouquet floral raffin\u00e9. En notes de fond, l\u2019ambre et le musc r\u00e9v\u00e8lent toute leur puissance sensuelle, fusionnant avec la pr\u00e9ciosit\u00e9 de l\u2019oud pour un sillage chaud, intense et persistant.<\/p>\n<p data-start=\"3677\" data-end=\"4038\"><strong data-start=\"3677\" data-end=\"3697\">CREED Oud Zarian<\/strong> est un parfum magn\u00e9tique et enveloppant, id\u00e9al pour celles et ceux qui aiment les fragrances audacieuses et \u00e9l\u00e9gantes, capables de laisser une empreinte distinctive en toutes circonstances. Son aura myst\u00e9rieuse et raffin\u00e9e le rend parfait aussi bien pour l\u2019homme que pour la femme, dans un \u00e9quilibre subtil entre puissance et d\u00e9licatesse.<\/p>\n<p data-start=\"4040\" data-end=\"4067\">\u2728 <strong data-start=\"4042\" data-end=\"4065\">Atouts principaux :<\/strong><\/p>\n<ul data-start=\"4068\" data-end=\"4251\">\n<li data-start=\"4068\" data-end=\"4109\">\n<p data-start=\"4070\" data-end=\"4109\">Eau de Parfum intense et sophistiqu\u00e9e<\/p>\n<\/li>\n<li data-start=\"4110\" data-end=\"4165\">\n<p data-start=\"4112\" data-end=\"4165\">Oud pr\u00e9cieux associ\u00e9 \u00e0 des notes \u00e9pic\u00e9es et ambr\u00e9es<\/p>\n<\/li>\n<li data-start=\"4166\" data-end=\"4207\">\n<p data-start=\"4168\" data-end=\"4207\">Parfum unisexe, \u00e9l\u00e9gant et magn\u00e9tique<\/p>\n<\/li>\n<li data-start=\"4208\" data-end=\"4251\">\n<p data-start=\"4210\" data-end=\"4251\">Tenue longue dur\u00e9e et sillage envo\u00fbtant<\/p>\n<\/li>\n<\/ul>\n<p data-start=\"4253\" data-end=\"4439\">D\u00e9couvrez l\u2019attrait irr\u00e9sistible de <strong data-start=\"4289\" data-end=\"4323\">CREED Oud Zarian Eau de Parfum<\/strong> : un voyage sensoriel entre luxe et myst\u00e8re, con\u00e7u pour celles et ceux qui souhaitent se d\u00e9marquer avec \u00e9l\u00e9gance.<\/p>\n<p data-start=\"4253\" data-end=\"4439\">\n<p data-start=\"4253\" data-end=\"4439\">Follow us! <a href=\"https:\/\/www.instagram.com\/freeshopswiss\/\" target=\"_blank\" rel=\"noopener\">@freeshopswiss<\/a><\/p>\n","protected":false},"excerpt":{"rendered":"<p>Un profumo che incarna lusso, raffinatezza ed eleganza senza tempo. <strong data-start=\"383\" data-end=\"397\">Oud Zarian<\/strong> di Creed \u00e8 una fragranza esclusiva che celebra l\u2019arte profumiera della Maison.<\/p>\n","protected":false},"featured_media":35145,"comment_status":"open","ping_status":"closed","template":"","meta":[],"pwb-brand":[403],"product_brand":[],"product_cat":[87,109,89],"product_tag":[252,296,789,1629,143,97,594],"class_list":{"0":"post-35163","1":"product","2":"type-product","3":"status-publish","4":"has-post-thumbnail","6":"pwb-brand-creed","7":"product_cat-parfums","8":"product_cat-pour-elle","9":"product_cat-pour-lui","10":"product_tag-eau-de-parfum-fr","11":"product_tag-femme","12":"product_tag-womens-fragrances-fr","13":"product_tag-mens-fragrances-fr","14":"product_tag-homme","15":"product_tag-parfums","16":"product_tag-unisex-fr-2","18":"first","19":"instock","20":"taxable","21":"shipping-taxable","22":"purchasable","23":"product-type-variable"},"brands":[{"id":403,"name":"Creed","slug":"creed"}],"_links":{"self":[{"href":"https:\/\/www.freeshopfrontiera.ch\/fr\/wp-json\/wp\/v2\/product\/35163","targetHints":{"allow":["GET"]}}],"collection":[{"href":"https:\/\/www.freeshopfrontiera.ch\/fr\/wp-json\/wp\/v2\/product"}],"about":[{"href":"https:\/\/www.freeshopfrontiera.ch\/fr\/wp-json\/wp\/v2\/types\/product"}],"replies":[{"embeddable":true,"href":"https:\/\/www.freeshopfrontiera.ch\/fr\/wp-json\/wp\/v2\/comments?post=35163"}],"version-history":[{"count":2,"href":"https:\/\/www.freeshopfrontiera.ch\/fr\/wp-json\/wp\/v2\/product\/35163\/revisions"}],"predecessor-version":[{"id":35174,"href":"https:\/\/www.freeshopfrontiera.ch\/fr\/wp-json\/wp\/v2\/product\/35163\/revisions\/35174"}],"wp:featuredmedia":[{"embeddable":true,"href":"https:\/\/www.freeshopfrontiera.ch\/fr\/wp-json\/wp\/v2\/media\/35145"}],"wp:attachment":[{"href":"https:\/\/www.freeshopfrontiera.ch\/fr\/wp-json\/wp\/v2\/media?parent=35163"}],"wp:term":[{"taxonomy":"pwb-brand","embeddable":true,"href":"https:\/\/www.freeshopfrontiera.ch\/fr\/wp-json\/wp\/v2\/pwb-brand?post=35163"},{"taxonomy":"product_brand","embeddable":true,"href":"https:\/\/www.freeshopfrontiera.ch\/fr\/wp-json\/wp\/v2\/product_brand?post=35163"},{"taxonomy":"product_cat","embeddable":true,"href":"https:\/\/www.freeshopfrontiera.ch\/fr\/wp-json\/wp\/v2\/product_cat?post=35163"},{"taxonomy":"product_tag","embeddable":true,"href":"https:\/\/www.freeshopfrontiera.ch\/fr\/wp-json\/wp\/v2\/product_tag?post=35163"}],"curies":[{"name":"wp","href":"https:\/\/api.w.org\/{rel}","templated":true}]}}