{"id":35188,"date":"2025-09-03T09:49:25","date_gmt":"2025-09-03T09:49:25","guid":{"rendered":"https:\/\/www.freeshopfrontiera.ch\/shop\/medicube-zero-foam-cleanser-120ml\/"},"modified":"2025-09-03T09:54:11","modified_gmt":"2025-09-03T09:54:11","slug":"medicube-zero-foam-cleanser-120ml","status":"publish","type":"product","link":"https:\/\/www.freeshopfrontiera.ch\/fr\/shop\/medicube-zero-foam-cleanser-120ml\/","title":{"rendered":"MEDICUBE Zero Foam Cleanser 120ml"},"content":{"rendered":"<h3 data-start=\"3611\" data-end=\"3663\"><strong data-start=\"3615\" data-end=\"3663\">MEDICUBE Zero Foam Cleanser 120ml<\/strong><\/h3>\n<p data-start=\"3665\" data-end=\"3739\"><strong data-start=\"3665\" data-end=\"3739\">MEDICUBE Zero Foam Cleanser 120ml \u2013 Nettoyant Visage Doux et Purifiant<\/strong><\/p>\n<p data-start=\"3741\" data-end=\"4121\">Offrez \u00e0 votre peau sensible et sujette aux imperfections un nettoyage en profondeur avec le <strong data-start=\"3834\" data-end=\"3871\">MEDICUBE Zero Foam Cleanser 120ml<\/strong>, un nettoyant moussant cor\u00e9en con\u00e7u pour un usage quotidien. Sa formule douce mais efficace \u00e9limine les impuret\u00e9s, l\u2019exc\u00e8s de s\u00e9bum et les r\u00e9sidus de maquillage, laissant la peau fra\u00eeche, douce et \u00e9quilibr\u00e9e. Parfait pour la routine matin et soir.<\/p>\n<p data-start=\"4123\" data-end=\"4575\">Enrichi en <strong data-start=\"4134\" data-end=\"4155\">extraits naturels<\/strong> tels que les feuilles de gaulth\u00e9rie (source naturelle d\u2019acide salicylique), le coing et la m\u00e9lisse, il purifie, apaise et hydrate la peau. Ces ingr\u00e9dients aident \u00e0 r\u00e9duire les imperfections, minimiser les pores et am\u00e9liorer la texture cutan\u00e9e. De plus, la technologie <strong data-start=\"4424\" data-end=\"4440\">Pollushield\u2122<\/strong> prot\u00e8ge la peau contre la pollution et les particules fines, renfor\u00e7ant la barri\u00e8re cutan\u00e9e et favorisant un teint sain et lumineux.<\/p>\n<p data-start=\"4577\" data-end=\"4940\">Test\u00e9 dermatologiquement et hypoallerg\u00e9nique, le <strong data-start=\"4626\" data-end=\"4657\">MEDICUBE Zero Foam Cleanser<\/strong> convient m\u00eame aux peaux les plus sensibles. Mode d\u2019emploi : mouiller le visage, faire mousser une petite quantit\u00e9 de produit, masser d\u00e9licatement le visage et le cou, puis rincer \u00e0 l\u2019eau ti\u00e8de. Pour de meilleurs r\u00e9sultats, utiliser quotidiennement avec d\u2019autres produits MEDICUBE.<\/p>\n<p data-start=\"4942\" data-end=\"5180\">Id\u00e9al pour ceux qui recherchent un nettoyant efficace mais doux, le <strong data-start=\"5010\" data-end=\"5038\">Zero Foam Cleanser 120ml<\/strong> est un indispensable de la routine beaut\u00e9 cor\u00e9enne. Commandez maintenant et profitez d\u2019une peau purifi\u00e9e, hydrat\u00e9e et prot\u00e9g\u00e9e chaque jour<\/p>\n<p data-start=\"1709\" data-end=\"2041\">Follow us! <a href=\"https:\/\/www.instagram.com\/freeshopswiss\/\" target=\"_blank\" rel=\"noopener\">@freeshopswiss<\/a><\/p>\n","protected":false},"excerpt":{"rendered":"<p>Offrez \u00e0 votre peau sensible et sujette aux imperfections un nettoyage en profondeur avec le <strong data-start=\"3834\" data-end=\"3871\">MEDICUBE Zero Foam Cleanser 120ml<\/strong><\/p>\n","protected":false},"featured_media":35180,"comment_status":"open","ping_status":"closed","template":"","meta":[],"pwb-brand":[1000],"product_brand":[],"product_cat":[109,295,3768,545],"product_tag":[296,3611,417,301,4367],"class_list":{"0":"post-35188","1":"product","2":"type-product","3":"status-publish","4":"has-post-thumbnail","6":"pwb-brand-medicube","7":"product_cat-pour-elle","8":"product_cat-traitements","9":"product_cat-k-beauty-fr","10":"product_cat-soin-du-visage","11":"product_tag-femme","12":"product_tag-k-beauty-fr","13":"product_tag-soins-fr","14":"product_tag-soins-du-visage","15":"product_tag-special-printemps","17":"first","18":"outofstock","19":"sale","20":"taxable","21":"shipping-taxable","22":"purchasable","23":"product-type-simple"},"brands":[{"id":1000,"name":"Medicube","slug":"medicube"}],"_links":{"self":[{"href":"https:\/\/www.freeshopfrontiera.ch\/fr\/wp-json\/wp\/v2\/product\/35188","targetHints":{"allow":["GET"]}}],"collection":[{"href":"https:\/\/www.freeshopfrontiera.ch\/fr\/wp-json\/wp\/v2\/product"}],"about":[{"href":"https:\/\/www.freeshopfrontiera.ch\/fr\/wp-json\/wp\/v2\/types\/product"}],"replies":[{"embeddable":true,"href":"https:\/\/www.freeshopfrontiera.ch\/fr\/wp-json\/wp\/v2\/comments?post=35188"}],"version-history":[{"count":1,"href":"https:\/\/www.freeshopfrontiera.ch\/fr\/wp-json\/wp\/v2\/product\/35188\/revisions"}],"predecessor-version":[{"id":35191,"href":"https:\/\/www.freeshopfrontiera.ch\/fr\/wp-json\/wp\/v2\/product\/35188\/revisions\/35191"}],"wp:featuredmedia":[{"embeddable":true,"href":"https:\/\/www.freeshopfrontiera.ch\/fr\/wp-json\/wp\/v2\/media\/35180"}],"wp:attachment":[{"href":"https:\/\/www.freeshopfrontiera.ch\/fr\/wp-json\/wp\/v2\/media?parent=35188"}],"wp:term":[{"taxonomy":"pwb-brand","embeddable":true,"href":"https:\/\/www.freeshopfrontiera.ch\/fr\/wp-json\/wp\/v2\/pwb-brand?post=35188"},{"taxonomy":"product_brand","embeddable":true,"href":"https:\/\/www.freeshopfrontiera.ch\/fr\/wp-json\/wp\/v2\/product_brand?post=35188"},{"taxonomy":"product_cat","embeddable":true,"href":"https:\/\/www.freeshopfrontiera.ch\/fr\/wp-json\/wp\/v2\/product_cat?post=35188"},{"taxonomy":"product_tag","embeddable":true,"href":"https:\/\/www.freeshopfrontiera.ch\/fr\/wp-json\/wp\/v2\/product_tag?post=35188"}],"curies":[{"name":"wp","href":"https:\/\/api.w.org\/{rel}","templated":true}]}}