{"id":35213,"date":"2025-09-03T10:07:06","date_gmt":"2025-09-03T10:07:06","guid":{"rendered":"https:\/\/www.freeshopfrontiera.ch\/shop\/medicube-zero-pore-pad-2-0-155gr-70pcs\/"},"modified":"2025-09-03T10:10:18","modified_gmt":"2025-09-03T10:10:18","slug":"medicube-zero-pore-pad-2-0-155gr-70pcs","status":"publish","type":"product","link":"https:\/\/www.freeshopfrontiera.ch\/fr\/shop\/medicube-zero-pore-pad-2-0-155gr-70pcs\/","title":{"rendered":"MEDICUBE Zero Pore Pad 2.0 155gr (70pcs)"},"content":{"rendered":"<h3 data-start=\"3502\" data-end=\"3564\"><strong data-start=\"3506\" data-end=\"3564\">MEDICUBE Zero Pore Pad 2.0 155g (70 pi\u00e8ces)<\/strong><\/h3>\n<p data-start=\"3566\" data-end=\"3657\"><strong data-start=\"3566\" data-end=\"3657\">MEDICUBE Zero Pore Pad 2.0 \u2013 70 Pads Jetables pour des Pores Purifi\u00e9s et une Peau Lisse<\/strong><\/p>\n<p data-start=\"3659\" data-end=\"3962\">D\u00e9couvrez la puissance des soins cor\u00e9ens avec <strong data-start=\"3705\" data-end=\"3735\">MEDICUBE Zero Pore Pad 2.0<\/strong>, un traitement innovant compos\u00e9 de 70 pads jetables con\u00e7us pour purifier, exfolier et affiner les pores. Parfait pour les peaux mixtes, grasses et sujettes aux imperfections, avec des r\u00e9sultats visibles en quelques semaines.<\/p>\n<p data-start=\"3964\" data-end=\"3998\"><strong data-start=\"3964\" data-end=\"3998\">Caract\u00e9ristiques principales :<\/strong><\/p>\n<ul data-start=\"4000\" data-end=\"4698\">\n<li data-start=\"4000\" data-end=\"4173\">\n<p data-start=\"4002\" data-end=\"4173\"><strong data-start=\"4002\" data-end=\"4039\">Exfoliation douce mais efficace :<\/strong> Contient 4,5 % d\u2019acide lactique (AHA) et 0,45 % d\u2019acide salicylique (BHA) pour \u00e9liminer les cellules mortes et d\u00e9boucher les pores.<\/p>\n<\/li>\n<li data-start=\"4174\" data-end=\"4348\">\n<p data-start=\"4176\" data-end=\"4348\"><strong data-start=\"4176\" data-end=\"4207\">Formule botanique avanc\u00e9e :<\/strong> Enrichi en extraits naturels tels que l\u2019\u00e9corce de saule blanc, centella asiatica, camomille et lavande, qui apaisent et hydratent la peau.<\/p>\n<\/li>\n<li data-start=\"4349\" data-end=\"4519\">\n<p data-start=\"4351\" data-end=\"4519\"><strong data-start=\"4351\" data-end=\"4383\">Technologie double texture :<\/strong> Chaque pad a un c\u00f4t\u00e9 rugueux pour un exfoliant en profondeur et un c\u00f4t\u00e9 lisse pour tonifier et pr\u00e9parer la peau aux \u00e9tapes suivantes.<\/p>\n<\/li>\n<li data-start=\"4520\" data-end=\"4698\">\n<p data-start=\"4522\" data-end=\"4698\"><strong data-start=\"4522\" data-end=\"4546\">R\u00e9sultats visibles :<\/strong> Des \u00e9tudes cliniques montrent une r\u00e9duction visible des pores et une am\u00e9lioration de l\u2019apparence de la peau en seulement deux semaines d\u2019utilisation.<\/p>\n<\/li>\n<\/ul>\n<p data-start=\"4700\" data-end=\"4906\"><strong data-start=\"4700\" data-end=\"4719\">Mode d\u2019emploi :<\/strong> Apr\u00e8s le nettoyage, faire glisser le pad sur le visage, en commen\u00e7ant par la zone T et en allant vers l\u2019ext\u00e9rieur. \u00c9viter le contour des yeux. Utilisable quotidiennement matin et soir.<\/p>\n<p data-start=\"4908\" data-end=\"5161\">Le <strong data-start=\"4911\" data-end=\"4941\">MEDICUBE Zero Pore Pad 2.0<\/strong> est id\u00e9al pour une peau plus lisse, lumineuse et avec des pores affin\u00e9s. Parfait aussi comme cadeau pour les amateurs de skincare cor\u00e9enne ou pour ceux qui recherchent des solutions efficaces contre les imperfections.<\/p>\n<p data-start=\"1164\" data-end=\"1282\">Follow us! <a href=\"https:\/\/www.instagram.com\/freeshopswiss\/\" target=\"_blank\" rel=\"noopener\">@freeshopswiss<\/a><\/p>\n","protected":false},"excerpt":{"rendered":"<p>D\u00e9couvrez la puissance des soins cor\u00e9ens avec <strong data-start=\"3705\" data-end=\"3735\">MEDICUBE Zero Pore Pad 2.0<\/strong>, un traitement innovant compos\u00e9 de 70 pads jetables con\u00e7us pour purifier.<\/p>\n","protected":false},"featured_media":35197,"comment_status":"open","ping_status":"closed","template":"","meta":[],"pwb-brand":[],"product_brand":[],"product_cat":[295,3768,545],"product_tag":[296,3611,417,301],"class_list":{"0":"post-35213","1":"product","2":"type-product","3":"status-publish","4":"has-post-thumbnail","6":"product_cat-traitements","7":"product_cat-k-beauty-fr","8":"product_cat-soin-du-visage","9":"product_tag-femme","10":"product_tag-k-beauty-fr","11":"product_tag-soins-fr","12":"product_tag-soins-du-visage","14":"first","15":"instock","16":"sale","17":"taxable","18":"shipping-taxable","19":"purchasable","20":"product-type-simple"},"brands":[],"_links":{"self":[{"href":"https:\/\/www.freeshopfrontiera.ch\/fr\/wp-json\/wp\/v2\/product\/35213","targetHints":{"allow":["GET"]}}],"collection":[{"href":"https:\/\/www.freeshopfrontiera.ch\/fr\/wp-json\/wp\/v2\/product"}],"about":[{"href":"https:\/\/www.freeshopfrontiera.ch\/fr\/wp-json\/wp\/v2\/types\/product"}],"replies":[{"embeddable":true,"href":"https:\/\/www.freeshopfrontiera.ch\/fr\/wp-json\/wp\/v2\/comments?post=35213"}],"version-history":[{"count":1,"href":"https:\/\/www.freeshopfrontiera.ch\/fr\/wp-json\/wp\/v2\/product\/35213\/revisions"}],"predecessor-version":[{"id":35217,"href":"https:\/\/www.freeshopfrontiera.ch\/fr\/wp-json\/wp\/v2\/product\/35213\/revisions\/35217"}],"wp:featuredmedia":[{"embeddable":true,"href":"https:\/\/www.freeshopfrontiera.ch\/fr\/wp-json\/wp\/v2\/media\/35197"}],"wp:attachment":[{"href":"https:\/\/www.freeshopfrontiera.ch\/fr\/wp-json\/wp\/v2\/media?parent=35213"}],"wp:term":[{"taxonomy":"pwb-brand","embeddable":true,"href":"https:\/\/www.freeshopfrontiera.ch\/fr\/wp-json\/wp\/v2\/pwb-brand?post=35213"},{"taxonomy":"product_brand","embeddable":true,"href":"https:\/\/www.freeshopfrontiera.ch\/fr\/wp-json\/wp\/v2\/product_brand?post=35213"},{"taxonomy":"product_cat","embeddable":true,"href":"https:\/\/www.freeshopfrontiera.ch\/fr\/wp-json\/wp\/v2\/product_cat?post=35213"},{"taxonomy":"product_tag","embeddable":true,"href":"https:\/\/www.freeshopfrontiera.ch\/fr\/wp-json\/wp\/v2\/product_tag?post=35213"}],"curies":[{"name":"wp","href":"https:\/\/api.w.org\/{rel}","templated":true}]}}