{"id":35283,"date":"2025-09-08T09:35:14","date_gmt":"2025-09-08T09:35:14","guid":{"rendered":"https:\/\/www.freeshopfrontiera.ch\/shop\/medicube-deep-vita-c-capsule-cream-55gr\/"},"modified":"2025-09-08T09:45:48","modified_gmt":"2025-09-08T09:45:48","slug":"medicube-deep-vita-c-capsule-cream-55gr","status":"publish","type":"product","link":"https:\/\/www.freeshopfrontiera.ch\/fr\/shop\/medicube-deep-vita-c-capsule-cream-55gr\/","title":{"rendered":"MEDICUBE Deep Vita C Capsule Cream 55gr"},"content":{"rendered":"<p data-start=\"5007\" data-end=\"5111\"><strong data-start=\"5007\" data-end=\"5109\">MEDICUBE Deep Vita C Capsule Cream 55gr \u2013 Cr\u00e8me \u00e9claircissante \u00e0 la vitamine C haute concentration<\/strong><\/p>\n<p data-start=\"5113\" data-end=\"5529\">La <strong data-start=\"5116\" data-end=\"5159\">MEDICUBE Deep Vita C Capsule Cream 55gr<\/strong> est une cr\u00e8me visage innovante con\u00e7ue pour celles et ceux qui souhaitent une peau plus lumineuse, ferme et uniforme. Sa formule contient des <strong data-start=\"5301\" data-end=\"5339\">capsules concentr\u00e9es de vitamine C<\/strong>, reconnues pour leurs puissantes propri\u00e9t\u00e9s antioxydantes et \u00e9claircissantes, qui aident \u00e0 lutter contre les radicaux libres, r\u00e9duire les taches pigmentaires et r\u00e9v\u00e9ler un teint \u00e9clatant.<\/p>\n<p data-start=\"5531\" data-end=\"5799\">Gr\u00e2ce \u00e0 sa technologie en capsules, la vitamine C est lib\u00e9r\u00e9e progressivement et reste stable, \u00e9vitant ainsi l\u2019oxydation et la perte d\u2019efficacit\u00e9. Cela rend la cr\u00e8me particuli\u00e8rement adapt\u00e9e aux peaux sensibles, souvent r\u00e9actives aux soins \u00e0 base de vitamine C pure.<\/p>\n<p data-start=\"5801\" data-end=\"6037\">Sa texture riche mais l\u00e9g\u00e8re p\u00e9n\u00e8tre rapidement sans effet gras, laissant la peau douce, souple et hydrat\u00e9e. Avec une utilisation r\u00e9guli\u00e8re, la peau devient plus \u00e9lastique, lisse et lumineuse, tandis que les irr\u00e9gularit\u00e9s s\u2019estompent.<\/p>\n<p data-start=\"6039\" data-end=\"6067\"><strong data-start=\"6039\" data-end=\"6065\">Principaux b\u00e9n\u00e9fices :<\/strong><\/p>\n<ul data-start=\"6068\" data-end=\"6437\">\n<li data-start=\"6068\" data-end=\"6157\">\n<p data-start=\"6070\" data-end=\"6157\">Complexe de <strong data-start=\"6082\" data-end=\"6107\">vitamine C encapsul\u00e9e<\/strong> pour une stabilit\u00e9 et une efficacit\u00e9 maximales.<\/p>\n<\/li>\n<li data-start=\"6158\" data-end=\"6222\">\n<p data-start=\"6160\" data-end=\"6222\">Effet \u00e9claircissant : att\u00e9nue les taches et unifie le teint.<\/p>\n<\/li>\n<li data-start=\"6223\" data-end=\"6318\">\n<p data-start=\"6225\" data-end=\"6318\">Protection antioxydante puissante contre le stress oxydatif et le vieillissement pr\u00e9matur\u00e9.<\/p>\n<\/li>\n<li data-start=\"6319\" data-end=\"6382\">\n<p data-start=\"6321\" data-end=\"6382\">Hydratation intense avec une texture soyeuse et non grasse.<\/p>\n<\/li>\n<li data-start=\"6383\" data-end=\"6437\">\n<p data-start=\"6385\" data-end=\"6437\">Convient \u00e0 tous les types de peau, m\u00eame sensibles.<\/p>\n<\/li>\n<\/ul>\n<p data-start=\"6439\" data-end=\"6639\">Avec la <strong data-start=\"6447\" data-end=\"6490\">MEDICUBE Deep Vita C Capsule Cream 55gr<\/strong>, votre routine de soin devient un traitement intensif : hydratez, illuminez et prot\u00e9gez votre peau pour un \u00e9clat jeune et naturel jour apr\u00e8s jour.<\/p>\n<p data-start=\"1627\" data-end=\"1821\">Follow us! <a href=\"https:\/\/www.instagram.com\/freeshopswiss\/\" target=\"_blank\" rel=\"noopener\">@freeshopswiss<\/a><\/p>\n","protected":false},"excerpt":{"rendered":"<p>La <strong data-start=\"5116\" data-end=\"5159\">MEDICUBE Deep Vita C Capsule Cream 55gr<\/strong> est une cr\u00e8me visage innovante con\u00e7ue pour celles et ceux qui souhaitent une peau plus lumineuse, ferme et uniforme.<\/p>\n","protected":false},"featured_media":35275,"comment_status":"open","ping_status":"closed","template":"","meta":[],"pwb-brand":[1000],"product_brand":[],"product_cat":[109,295,3768,545],"product_tag":[296,4348,3611,417,301,4367],"class_list":{"0":"post-35283","1":"product","2":"type-product","3":"status-publish","4":"has-post-thumbnail","6":"pwb-brand-medicube","7":"product_cat-pour-elle","8":"product_cat-traitements","9":"product_cat-k-beauty-fr","10":"product_cat-soin-du-visage","11":"product_tag-femme","12":"product_tag-fete-des-femmes","13":"product_tag-k-beauty-fr","14":"product_tag-soins-fr","15":"product_tag-soins-du-visage","16":"product_tag-special-printemps","18":"first","19":"instock","20":"sale","21":"taxable","22":"shipping-taxable","23":"purchasable","24":"product-type-simple"},"brands":[{"id":1000,"name":"Medicube","slug":"medicube"}],"_links":{"self":[{"href":"https:\/\/www.freeshopfrontiera.ch\/fr\/wp-json\/wp\/v2\/product\/35283","targetHints":{"allow":["GET"]}}],"collection":[{"href":"https:\/\/www.freeshopfrontiera.ch\/fr\/wp-json\/wp\/v2\/product"}],"about":[{"href":"https:\/\/www.freeshopfrontiera.ch\/fr\/wp-json\/wp\/v2\/types\/product"}],"replies":[{"embeddable":true,"href":"https:\/\/www.freeshopfrontiera.ch\/fr\/wp-json\/wp\/v2\/comments?post=35283"}],"version-history":[{"count":2,"href":"https:\/\/www.freeshopfrontiera.ch\/fr\/wp-json\/wp\/v2\/product\/35283\/revisions"}],"predecessor-version":[{"id":35290,"href":"https:\/\/www.freeshopfrontiera.ch\/fr\/wp-json\/wp\/v2\/product\/35283\/revisions\/35290"}],"wp:featuredmedia":[{"embeddable":true,"href":"https:\/\/www.freeshopfrontiera.ch\/fr\/wp-json\/wp\/v2\/media\/35275"}],"wp:attachment":[{"href":"https:\/\/www.freeshopfrontiera.ch\/fr\/wp-json\/wp\/v2\/media?parent=35283"}],"wp:term":[{"taxonomy":"pwb-brand","embeddable":true,"href":"https:\/\/www.freeshopfrontiera.ch\/fr\/wp-json\/wp\/v2\/pwb-brand?post=35283"},{"taxonomy":"product_brand","embeddable":true,"href":"https:\/\/www.freeshopfrontiera.ch\/fr\/wp-json\/wp\/v2\/product_brand?post=35283"},{"taxonomy":"product_cat","embeddable":true,"href":"https:\/\/www.freeshopfrontiera.ch\/fr\/wp-json\/wp\/v2\/product_cat?post=35283"},{"taxonomy":"product_tag","embeddable":true,"href":"https:\/\/www.freeshopfrontiera.ch\/fr\/wp-json\/wp\/v2\/product_tag?post=35283"}],"curies":[{"name":"wp","href":"https:\/\/api.w.org\/{rel}","templated":true}]}}