{"id":35367,"date":"2025-09-08T11:22:47","date_gmt":"2025-09-08T11:22:47","guid":{"rendered":"https:\/\/www.freeshopfrontiera.ch\/shop\/medicube-pdrn-pink-vita-coating-mask-1-sheet-22g\/"},"modified":"2025-09-08T11:24:49","modified_gmt":"2025-09-08T11:24:49","slug":"medicube-pdrn-pink-vita-coating-mask-1-sheet-22g","status":"publish","type":"product","link":"https:\/\/www.freeshopfrontiera.ch\/fr\/shop\/medicube-pdrn-pink-vita-coating-mask-1-sheet-22g\/","title":{"rendered":"MEDICUBE PDRN Pink Vita Coating Mask 1 sheet (22g)"},"content":{"rendered":"<p data-start=\"3590\" data-end=\"3708\"><strong data-start=\"3590\" data-end=\"3706\">MEDICUBE PDRN Pink Vita Coating Mask 1 sheet (22g) \u2013 Masque nourrissant et illuminateur au PDRN et aux vitamines<\/strong><\/p>\n<p data-start=\"3710\" data-end=\"4084\">Le <strong data-start=\"3713\" data-end=\"3767\">MEDICUBE PDRN Pink Vita Coating Mask 1 sheet (22g)<\/strong> est un masque en tissu innovant con\u00e7u pour offrir un boost imm\u00e9diat de vitalit\u00e9, d\u2019hydratation et d\u2019\u00e9clat. Enrichi en <strong data-start=\"3886\" data-end=\"3920\">PDRN (Polydeoxyribonucleotide)<\/strong> et en complexe vitamin\u00e9 puissant, ce soin monodose agit en profondeur pour r\u00e9g\u00e9n\u00e9rer la peau, am\u00e9liorer sa fermet\u00e9 et r\u00e9v\u00e9ler un teint plus lumineux et uniforme.<\/p>\n<p data-start=\"4086\" data-end=\"4401\">Le <strong data-start=\"4089\" data-end=\"4097\">PDRN<\/strong> est un ingr\u00e9dient biotechnologique reconnu pour stimuler la r\u00e9g\u00e9n\u00e9ration cellulaire et favoriser la r\u00e9paration cutan\u00e9e. Associ\u00e9 \u00e0 un <strong data-start=\"4231\" data-end=\"4257\">complexe multivitamin\u00e9<\/strong> (dont la vitamine C et la niacinamide\/B3), il aide \u00e0 r\u00e9duire les signes de fatigue, \u00e0 am\u00e9liorer l\u2019\u00e9lasticit\u00e9 et \u00e0 raviver l\u2019\u00e9clat de la peau.<\/p>\n<p data-start=\"4403\" data-end=\"4651\">Son essence concentr\u00e9e cr\u00e9e un <strong data-start=\"4434\" data-end=\"4453\">effet \u201ccoating\u201d<\/strong>, formant une fine barri\u00e8re qui retient l\u2019hydratation et lib\u00e8re progressivement les actifs. Apr\u00e8s application, la peau est instantan\u00e9ment rafra\u00eechie, nourrie et lumineuse, avec un confort durable.<\/p>\n<p data-start=\"1095\" data-end=\"1372\">Follow us! <a href=\"https:\/\/www.instagram.com\/freeshopswiss\/\" target=\"_blank\" rel=\"noopener\">@freeshopswiss<\/a><\/p>\n","protected":false},"excerpt":{"rendered":"<p>Le <strong data-start=\"3713\" data-end=\"3767\">MEDICUBE PDRN Pink Vita Coating Mask 1 sheet (22g)<\/strong> est un masque en tissu innovant con\u00e7u pour offrir un boost imm\u00e9diat de vitalit\u00e9, d\u2019hydratation et d\u2019\u00e9clat.<\/p>\n","protected":false},"featured_media":35363,"comment_status":"open","ping_status":"closed","template":"","meta":[],"pwb-brand":[1000],"product_brand":[],"product_cat":[138,109,295,3768,545],"product_tag":[296,3611,417,301],"class_list":{"0":"post-35367","1":"product","2":"type-product","3":"status-publish","4":"has-post-thumbnail","6":"pwb-brand-medicube","7":"product_cat-offre","8":"product_cat-pour-elle","9":"product_cat-traitements","10":"product_cat-k-beauty-fr","11":"product_cat-soin-du-visage","12":"product_tag-femme","13":"product_tag-k-beauty-fr","14":"product_tag-soins-fr","15":"product_tag-soins-du-visage","17":"first","18":"instock","19":"sale","20":"taxable","21":"shipping-taxable","22":"purchasable","23":"product-type-simple"},"brands":[{"id":1000,"name":"Medicube","slug":"medicube"}],"_links":{"self":[{"href":"https:\/\/www.freeshopfrontiera.ch\/fr\/wp-json\/wp\/v2\/product\/35367","targetHints":{"allow":["GET"]}}],"collection":[{"href":"https:\/\/www.freeshopfrontiera.ch\/fr\/wp-json\/wp\/v2\/product"}],"about":[{"href":"https:\/\/www.freeshopfrontiera.ch\/fr\/wp-json\/wp\/v2\/types\/product"}],"replies":[{"embeddable":true,"href":"https:\/\/www.freeshopfrontiera.ch\/fr\/wp-json\/wp\/v2\/comments?post=35367"}],"version-history":[{"count":1,"href":"https:\/\/www.freeshopfrontiera.ch\/fr\/wp-json\/wp\/v2\/product\/35367\/revisions"}],"predecessor-version":[{"id":35370,"href":"https:\/\/www.freeshopfrontiera.ch\/fr\/wp-json\/wp\/v2\/product\/35367\/revisions\/35370"}],"wp:featuredmedia":[{"embeddable":true,"href":"https:\/\/www.freeshopfrontiera.ch\/fr\/wp-json\/wp\/v2\/media\/35363"}],"wp:attachment":[{"href":"https:\/\/www.freeshopfrontiera.ch\/fr\/wp-json\/wp\/v2\/media?parent=35367"}],"wp:term":[{"taxonomy":"pwb-brand","embeddable":true,"href":"https:\/\/www.freeshopfrontiera.ch\/fr\/wp-json\/wp\/v2\/pwb-brand?post=35367"},{"taxonomy":"product_brand","embeddable":true,"href":"https:\/\/www.freeshopfrontiera.ch\/fr\/wp-json\/wp\/v2\/product_brand?post=35367"},{"taxonomy":"product_cat","embeddable":true,"href":"https:\/\/www.freeshopfrontiera.ch\/fr\/wp-json\/wp\/v2\/product_cat?post=35367"},{"taxonomy":"product_tag","embeddable":true,"href":"https:\/\/www.freeshopfrontiera.ch\/fr\/wp-json\/wp\/v2\/product_tag?post=35367"}],"curies":[{"name":"wp","href":"https:\/\/api.w.org\/{rel}","templated":true}]}}