{"id":35384,"date":"2025-09-08T11:49:20","date_gmt":"2025-09-08T11:49:20","guid":{"rendered":"https:\/\/www.freeshopfrontiera.ch\/shop\/medicube-deep-vita-c-glutathione-brightening-mask-1-sheet-22g\/"},"modified":"2025-09-08T11:53:28","modified_gmt":"2025-09-08T11:53:28","slug":"medicube-deep-vita-c-glutathione-brightening-mask-1-sheet-22g","status":"publish","type":"product","link":"https:\/\/www.freeshopfrontiera.ch\/fr\/shop\/medicube-deep-vita-c-glutathione-brightening-mask-1-sheet-22g\/","title":{"rendered":"MEDICUBE Deep Vita C Glutathione Brightening Mask 1 sheet (22g)"},"content":{"rendered":"<p data-start=\"3362\" data-end=\"3479\"><strong data-start=\"3362\" data-end=\"3477\">MEDICUBE Deep Vita C Glutathione Brightening Mask 1 sheet (22g) \u2013 Masque \u00e9clat \u00e0 la Vitamine C et au Glutathion<\/strong><\/p>\n<p data-start=\"3481\" data-end=\"3911\">Le <strong data-start=\"3484\" data-end=\"3551\">MEDICUBE Deep Vita C Glutathione Brightening Mask 1 sheet (22g)<\/strong> est un masque en tissu intensif con\u00e7u pour apporter un \u00e9clat imm\u00e9diat et am\u00e9liorer l\u2019uniformit\u00e9 du teint. Enrichi en <strong data-start=\"3669\" data-end=\"3704\">Vitamine C hautement concentr\u00e9e<\/strong> et en <strong data-start=\"3711\" data-end=\"3725\">Glutathion<\/strong>, deux puissants antioxydants, il agit en synergie pour r\u00e9duire l\u2019apparence des taches brunes, des signes de fatigue et du teint terne, r\u00e9v\u00e9lant une peau rayonnante et pleine de sant\u00e9.<\/p>\n<p data-start=\"3913\" data-end=\"4265\">La Vitamine C stimule la production de collag\u00e8ne, am\u00e9liorant la fermet\u00e9 et l\u2019\u00e9lasticit\u00e9 de la peau, tandis que le Glutathion prot\u00e8ge du stress oxydatif et favorise un teint plus clair et lumineux. Le tissu ultra-adh\u00e9rent lib\u00e8re progressivement son essence concentr\u00e9e, enveloppant le visage dans un soin revitalisant qui redonne fra\u00eecheur et vitalit\u00e9.<\/p>\n<p data-start=\"4267\" data-end=\"4295\"><strong data-start=\"4267\" data-end=\"4293\">Principaux b\u00e9n\u00e9fices :<\/strong><\/p>\n<ul data-start=\"4296\" data-end=\"4603\">\n<li data-start=\"4296\" data-end=\"4328\">\n<p data-start=\"4298\" data-end=\"4328\">Illumine et unifie le teint.<\/p>\n<\/li>\n<li data-start=\"4329\" data-end=\"4391\">\n<p data-start=\"4331\" data-end=\"4391\">R\u00e9duit l\u2019apparence des taches brunes et des irr\u00e9gularit\u00e9s.<\/p>\n<\/li>\n<li data-start=\"4392\" data-end=\"4455\">\n<p data-start=\"4394\" data-end=\"4455\">Action antioxydante gr\u00e2ce \u00e0 la Vitamine C et au Glutathion.<\/p>\n<\/li>\n<li data-start=\"4456\" data-end=\"4507\">\n<p data-start=\"4458\" data-end=\"4507\">Am\u00e9liore la fermet\u00e9 et l\u2019\u00e9lasticit\u00e9 de la peau.<\/p>\n<\/li>\n<li data-start=\"4508\" data-end=\"4550\">\n<p data-start=\"4510\" data-end=\"4550\">Hydratation l\u00e9g\u00e8re et rafra\u00eechissante.<\/p>\n<\/li>\n<li data-start=\"4551\" data-end=\"4603\">\n<p data-start=\"4553\" data-end=\"4603\">Formule douce, adapt\u00e9e \u00e0 tous les types de peau.<\/p>\n<\/li>\n<\/ul>\n<p>&nbsp;<\/p>\n<p>Follow us! <a href=\"https:\/\/www.instagram.com\/freeshopswiss\/\" target=\"_blank\" rel=\"noopener\">@freeshopswiss<\/a><\/p>\n","protected":false},"excerpt":{"rendered":"<p>Le <strong data-start=\"3484\" data-end=\"3551\">MEDICUBE Deep Vita C Glutathione Brightening Mask 1 sheet (22g)<\/strong> est un masque en tissu intensif con\u00e7u pour apporter un \u00e9clat imm\u00e9diat et am\u00e9liorer l\u2019uniformit\u00e9 du teint.<\/p>\n","protected":false},"featured_media":35376,"comment_status":"open","ping_status":"closed","template":"","meta":[],"pwb-brand":[1000],"product_brand":[],"product_cat":[138,109,295,3768,545],"product_tag":[296,3611,417,301,4367],"class_list":{"0":"post-35384","1":"product","2":"type-product","3":"status-publish","4":"has-post-thumbnail","6":"pwb-brand-medicube","7":"product_cat-offre","8":"product_cat-pour-elle","9":"product_cat-traitements","10":"product_cat-k-beauty-fr","11":"product_cat-soin-du-visage","12":"product_tag-femme","13":"product_tag-k-beauty-fr","14":"product_tag-soins-fr","15":"product_tag-soins-du-visage","16":"product_tag-special-printemps","18":"first","19":"instock","20":"sale","21":"taxable","22":"shipping-taxable","23":"purchasable","24":"product-type-simple"},"brands":[{"id":1000,"name":"Medicube","slug":"medicube"}],"_links":{"self":[{"href":"https:\/\/www.freeshopfrontiera.ch\/fr\/wp-json\/wp\/v2\/product\/35384","targetHints":{"allow":["GET"]}}],"collection":[{"href":"https:\/\/www.freeshopfrontiera.ch\/fr\/wp-json\/wp\/v2\/product"}],"about":[{"href":"https:\/\/www.freeshopfrontiera.ch\/fr\/wp-json\/wp\/v2\/types\/product"}],"replies":[{"embeddable":true,"href":"https:\/\/www.freeshopfrontiera.ch\/fr\/wp-json\/wp\/v2\/comments?post=35384"}],"version-history":[{"count":1,"href":"https:\/\/www.freeshopfrontiera.ch\/fr\/wp-json\/wp\/v2\/product\/35384\/revisions"}],"predecessor-version":[{"id":35388,"href":"https:\/\/www.freeshopfrontiera.ch\/fr\/wp-json\/wp\/v2\/product\/35384\/revisions\/35388"}],"wp:featuredmedia":[{"embeddable":true,"href":"https:\/\/www.freeshopfrontiera.ch\/fr\/wp-json\/wp\/v2\/media\/35376"}],"wp:attachment":[{"href":"https:\/\/www.freeshopfrontiera.ch\/fr\/wp-json\/wp\/v2\/media?parent=35384"}],"wp:term":[{"taxonomy":"pwb-brand","embeddable":true,"href":"https:\/\/www.freeshopfrontiera.ch\/fr\/wp-json\/wp\/v2\/pwb-brand?post=35384"},{"taxonomy":"product_brand","embeddable":true,"href":"https:\/\/www.freeshopfrontiera.ch\/fr\/wp-json\/wp\/v2\/product_brand?post=35384"},{"taxonomy":"product_cat","embeddable":true,"href":"https:\/\/www.freeshopfrontiera.ch\/fr\/wp-json\/wp\/v2\/product_cat?post=35384"},{"taxonomy":"product_tag","embeddable":true,"href":"https:\/\/www.freeshopfrontiera.ch\/fr\/wp-json\/wp\/v2\/product_tag?post=35384"}],"curies":[{"name":"wp","href":"https:\/\/api.w.org\/{rel}","templated":true}]}}