{"id":35432,"date":"2025-09-10T09:00:35","date_gmt":"2025-09-10T09:00:35","guid":{"rendered":"https:\/\/www.freeshopfrontiera.ch\/shop\/beauty-of-joseon-ground-rice-and-honey-glow-mask-150ml\/"},"modified":"2025-09-10T09:10:50","modified_gmt":"2025-09-10T09:10:50","slug":"beauty-of-joseon-ground-rice-and-honey-glow-mask-150ml","status":"publish","type":"product","link":"https:\/\/www.freeshopfrontiera.ch\/fr\/shop\/beauty-of-joseon-ground-rice-and-honey-glow-mask-150ml\/","title":{"rendered":"BEAUTY OF JOSEON Ground Rice and Honey Glow Mask 150ml"},"content":{"rendered":"<h2 data-start=\"3484\" data-end=\"3563\"><strong data-start=\"3492\" data-end=\"3561\">Beauty of Joseon Ground Rice and Honey Glow Mask 150ml<\/strong><\/h2>\n<p data-start=\"3565\" data-end=\"3849\">D\u00e9couvrez le secret d\u2019une peau \u00e9clatante avec la <strong data-start=\"3614\" data-end=\"3672\">Beauty of Joseon Ground Rice and Honey Glow Mask 150ml<\/strong>, un soin inspir\u00e9 des rituels traditionnels cor\u00e9ens Hanbang. Formul\u00e9e \u00e0 base de <strong data-start=\"3752\" data-end=\"3765\">riz moulu<\/strong> et de <strong data-start=\"3772\" data-end=\"3784\">miel pur<\/strong>, cette masque nourrit, hydrate et illumine la peau en douceur.<\/p>\n<ul data-start=\"3851\" data-end=\"4075\">\n<li data-start=\"3851\" data-end=\"3968\">\n<p data-start=\"3853\" data-end=\"3968\"><strong data-start=\"3853\" data-end=\"3860\">Riz<\/strong> : riche en vitamines et min\u00e9raux, il exfolie d\u00e9licatement les cellules mortes et affine le grain de peau.<\/p>\n<\/li>\n<li data-start=\"3969\" data-end=\"4075\">\n<p data-start=\"3971\" data-end=\"4075\"><strong data-start=\"3971\" data-end=\"3979\">Miel<\/strong> : hydratant naturel aux vertus apaisantes et r\u00e9paratrices, il laisse la peau douce et souple.<\/p>\n<\/li>\n<\/ul>\n<p data-start=\"4077\" data-end=\"4334\">Sa texture cr\u00e9meuse enveloppe le visage d\u2019un confort imm\u00e9diat et transforme votre routine beaut\u00e9 en un v\u00e9ritable moment de d\u00e9tente. Id\u00e9ale pour les peaux ternes ou fatigu\u00e9es, elle apporte un <strong data-start=\"4268\" data-end=\"4293\">effet glow instantan\u00e9<\/strong>, unifie le teint et redonne fra\u00eecheur.<\/p>\n<p data-start=\"4336\" data-end=\"4559\"><strong data-start=\"4336\" data-end=\"4374\">Convient \u00e0 tous les types de peaux<\/strong>, m\u00eame sensibles, cette masque peut \u00eatre utilis\u00e9e 2 \u00e0 3 fois par semaine comme soin intensif. Apr\u00e8s application, la peau est plus lisse, hydrat\u00e9e et pr\u00eate \u00e0 recevoir les autres soins.<\/p>\n<p data-start=\"4561\" data-end=\"4677\">Avec son format g\u00e9n\u00e9reux de <strong data-start=\"4589\" data-end=\"4598\">150ml<\/strong>, elle offre de nombreuses utilisations et un excellent rapport qualit\u00e9-prix.<\/p>\n<p data-start=\"4679\" data-end=\"4707\">\u2728 <strong data-start=\"4681\" data-end=\"4705\">Pourquoi l\u2019adopter ?<\/strong><\/p>\n<ul data-start=\"4708\" data-end=\"4889\">\n<li data-start=\"4708\" data-end=\"4753\">\n<p data-start=\"4710\" data-end=\"4753\">Formule inspir\u00e9e de la tradition cor\u00e9enne<\/p>\n<\/li>\n<li data-start=\"4754\" data-end=\"4796\">\n<p data-start=\"4756\" data-end=\"4796\">Hydratation et nutrition en profondeur<\/p>\n<\/li>\n<li data-start=\"4797\" data-end=\"4839\">\n<p data-start=\"4799\" data-end=\"4839\">Grain de peau affin\u00e9 et teint lumineux<\/p>\n<\/li>\n<li data-start=\"4840\" data-end=\"4889\">\n<p data-start=\"4842\" data-end=\"4889\">Soin doux mais efficace pour un \u00e9clat naturel<\/p>\n<\/li>\n<\/ul>\n<p data-start=\"4891\" data-end=\"5037\">Offrez \u00e0 votre routine la <strong data-start=\"4917\" data-end=\"4975\">Beauty of Joseon Ground Rice and Honey Glow Mask 150ml<\/strong> et r\u00e9v\u00e9lez toute la beaut\u00e9 intemporelle du skincare cor\u00e9en.<\/p>\n<p data-start=\"1913\" data-end=\"2066\">Follow us! <a href=\"https:\/\/www.instagram.com\/freeshopswiss\/\" target=\"_blank\" rel=\"noopener\">@freeshopswiss<\/a><\/p>\n","protected":false},"excerpt":{"rendered":"<p>D\u00e9couvrez le secret d\u2019une peau \u00e9clatante avec la <strong data-start=\"3614\" data-end=\"3672\">Beauty of Joseon Ground Rice and Honey Glow Mask 150ml<\/strong>, un soin inspir\u00e9 des rituels traditionnels cor\u00e9ens Hanbang.<\/p>\n","protected":false},"featured_media":35427,"comment_status":"open","ping_status":"closed","template":"","meta":[],"pwb-brand":[574],"product_brand":[],"product_cat":[109,295,3768,545],"product_tag":[296,3611,417,301,4367],"class_list":{"0":"post-35432","1":"product","2":"type-product","3":"status-publish","4":"has-post-thumbnail","6":"pwb-brand-beauty-of-joseon","7":"product_cat-pour-elle","8":"product_cat-traitements","9":"product_cat-k-beauty-fr","10":"product_cat-soin-du-visage","11":"product_tag-femme","12":"product_tag-k-beauty-fr","13":"product_tag-soins-fr","14":"product_tag-soins-du-visage","15":"product_tag-special-printemps","17":"first","18":"instock","19":"sale","20":"taxable","21":"shipping-taxable","22":"purchasable","23":"product-type-simple"},"brands":[{"id":574,"name":"Beauty of Joseon","slug":"beauty-of-joseon"}],"_links":{"self":[{"href":"https:\/\/www.freeshopfrontiera.ch\/fr\/wp-json\/wp\/v2\/product\/35432","targetHints":{"allow":["GET"]}}],"collection":[{"href":"https:\/\/www.freeshopfrontiera.ch\/fr\/wp-json\/wp\/v2\/product"}],"about":[{"href":"https:\/\/www.freeshopfrontiera.ch\/fr\/wp-json\/wp\/v2\/types\/product"}],"replies":[{"embeddable":true,"href":"https:\/\/www.freeshopfrontiera.ch\/fr\/wp-json\/wp\/v2\/comments?post=35432"}],"version-history":[{"count":2,"href":"https:\/\/www.freeshopfrontiera.ch\/fr\/wp-json\/wp\/v2\/product\/35432\/revisions"}],"predecessor-version":[{"id":35441,"href":"https:\/\/www.freeshopfrontiera.ch\/fr\/wp-json\/wp\/v2\/product\/35432\/revisions\/35441"}],"wp:featuredmedia":[{"embeddable":true,"href":"https:\/\/www.freeshopfrontiera.ch\/fr\/wp-json\/wp\/v2\/media\/35427"}],"wp:attachment":[{"href":"https:\/\/www.freeshopfrontiera.ch\/fr\/wp-json\/wp\/v2\/media?parent=35432"}],"wp:term":[{"taxonomy":"pwb-brand","embeddable":true,"href":"https:\/\/www.freeshopfrontiera.ch\/fr\/wp-json\/wp\/v2\/pwb-brand?post=35432"},{"taxonomy":"product_brand","embeddable":true,"href":"https:\/\/www.freeshopfrontiera.ch\/fr\/wp-json\/wp\/v2\/product_brand?post=35432"},{"taxonomy":"product_cat","embeddable":true,"href":"https:\/\/www.freeshopfrontiera.ch\/fr\/wp-json\/wp\/v2\/product_cat?post=35432"},{"taxonomy":"product_tag","embeddable":true,"href":"https:\/\/www.freeshopfrontiera.ch\/fr\/wp-json\/wp\/v2\/product_tag?post=35432"}],"curies":[{"name":"wp","href":"https:\/\/api.w.org\/{rel}","templated":true}]}}