{"id":35518,"date":"2025-09-12T09:59:52","date_gmt":"2025-09-12T09:59:52","guid":{"rendered":"https:\/\/www.freeshopfrontiera.ch\/shop\/moschino-set-toy-2-pearl-2\/"},"modified":"2025-10-25T18:36:48","modified_gmt":"2025-10-25T18:36:48","slug":"moschino-set-toy-2-pearl-2","status":"publish","type":"product","link":"https:\/\/www.freeshopfrontiera.ch\/fr\/shop\/moschino-set-toy-2-pearl-2\/","title":{"rendered":"MOSCHINO SET Toy 2 Pearl"},"content":{"rendered":"<p data-start=\"159\" data-end=\"383\">Laissez-vous s\u00e9duire par l\u2019univers \u00e0 la fois vif et raffin\u00e9 de <span class=\"hover:entity-accent entity-underline inline cursor-pointer align-baseline\"><span class=\"whitespace-normal\">Moschino<\/span><\/span> avec le coffret <strong data-start=\"276\" data-end=\"291\">Toy 2 Pearl<\/strong>, une \u00e9dition exclusive qui c\u00e9l\u00e8bre la f\u00e9minit\u00e9 avec une touche d\u2019ironie et d\u2019originalit\u00e9.<\/p>\n<p data-start=\"385\" data-end=\"408\">Ce coffret contient :<\/p>\n<ul data-start=\"409\" data-end=\"1032\">\n<li data-start=\"409\" data-end=\"667\">\n<p data-start=\"411\" data-end=\"667\"><strong data-start=\"411\" data-end=\"434\">Eau de Parfum 50 ml<\/strong> \u2013 un parfum p\u00e9tillant et espi\u00e8gle, aux notes fruit\u00e9es et lumineuses, au c\u0153ur floral d\u00e9licat et au fond doux et sensuel. Chaque vaporisation laisse un sillage \u00e9l\u00e9gant et unique, id\u00e9al pour celles qui aiment se d\u00e9marquer avec style.<\/p>\n<\/li>\n<li data-start=\"668\" data-end=\"846\">\n<p data-start=\"670\" data-end=\"846\"><strong data-start=\"670\" data-end=\"690\">Gel Douche 50 ml<\/strong> \u2013 un gel douche soyeux et parfum\u00e9 qui nettoie la peau en douceur tout en la laissant fra\u00eeche, douce et d\u00e9licatement parfum\u00e9e de la fragrance Toy 2 Pearl.<\/p>\n<\/li>\n<li data-start=\"847\" data-end=\"1032\">\n<p data-start=\"849\" data-end=\"1032\"><strong data-start=\"849\" data-end=\"869\">Lait Corps 50 ml<\/strong> \u2013 une lotion corporelle hydratante et velout\u00e9e qui nourrit la peau en profondeur tout en l\u2019enveloppant de bien-\u00eatre et du parfum doux et raffin\u00e9 de Toy 2 Pearl.<\/p>\n<\/li>\n<\/ul>\n<p data-start=\"1034\" data-end=\"1206\">Pr\u00e9sent\u00e9 dans un \u00e9crin \u00e0 la fois joyeux et raffin\u00e9, ce coffret est le cadeau id\u00e9al pour surprendre vos proches ou vous offrir un moment de plaisir parfum\u00e9 sign\u00e9 Moschino.<\/p>\n","protected":false},"excerpt":{"rendered":"<p>Tauchen Sie ein in die lebendige und zugleich elegante Welt von <span class=\"hover:entity-accent entity-underline inline cursor-pointer align-baseline\"><span class=\"whitespace-normal\">Moschino<\/span><\/span> mit dem <strong data-start=\"2372\" data-end=\"2387\">Toy 2 Pearl<\/strong> Geschenkset \u2013 eine exklusive Kollektion, die Weiblichkeit mit einem Hauch von Verspieltheit und Originalit\u00e4t feiert.<\/p>\n","protected":false},"featured_media":38955,"comment_status":"open","ping_status":"closed","template":"","meta":[],"pwb-brand":[379],"product_brand":[],"product_cat":[138,87,109],"product_tag":[459,461,296,4348,789,278,4367],"class_list":{"0":"post-35518","1":"product","2":"type-product","3":"status-publish","4":"has-post-thumbnail","6":"pwb-brand-moschino","7":"product_cat-offre","8":"product_cat-parfums","9":"product_cat-pour-elle","10":"product_tag-coffret","11":"product_tag-coffrets-femme","12":"product_tag-femme","13":"product_tag-fete-des-femmes","14":"product_tag-womens-fragrances-fr","15":"product_tag-offre","16":"product_tag-special-printemps","18":"first","19":"instock","20":"sale","21":"taxable","22":"shipping-taxable","23":"purchasable","24":"product-type-simple"},"brands":[{"id":379,"name":"Moschino","slug":"moschino"}],"_links":{"self":[{"href":"https:\/\/www.freeshopfrontiera.ch\/fr\/wp-json\/wp\/v2\/product\/35518","targetHints":{"allow":["GET"]}}],"collection":[{"href":"https:\/\/www.freeshopfrontiera.ch\/fr\/wp-json\/wp\/v2\/product"}],"about":[{"href":"https:\/\/www.freeshopfrontiera.ch\/fr\/wp-json\/wp\/v2\/types\/product"}],"replies":[{"embeddable":true,"href":"https:\/\/www.freeshopfrontiera.ch\/fr\/wp-json\/wp\/v2\/comments?post=35518"}],"version-history":[{"count":2,"href":"https:\/\/www.freeshopfrontiera.ch\/fr\/wp-json\/wp\/v2\/product\/35518\/revisions"}],"predecessor-version":[{"id":35524,"href":"https:\/\/www.freeshopfrontiera.ch\/fr\/wp-json\/wp\/v2\/product\/35518\/revisions\/35524"}],"wp:featuredmedia":[{"embeddable":true,"href":"https:\/\/www.freeshopfrontiera.ch\/fr\/wp-json\/wp\/v2\/media\/38955"}],"wp:attachment":[{"href":"https:\/\/www.freeshopfrontiera.ch\/fr\/wp-json\/wp\/v2\/media?parent=35518"}],"wp:term":[{"taxonomy":"pwb-brand","embeddable":true,"href":"https:\/\/www.freeshopfrontiera.ch\/fr\/wp-json\/wp\/v2\/pwb-brand?post=35518"},{"taxonomy":"product_brand","embeddable":true,"href":"https:\/\/www.freeshopfrontiera.ch\/fr\/wp-json\/wp\/v2\/product_brand?post=35518"},{"taxonomy":"product_cat","embeddable":true,"href":"https:\/\/www.freeshopfrontiera.ch\/fr\/wp-json\/wp\/v2\/product_cat?post=35518"},{"taxonomy":"product_tag","embeddable":true,"href":"https:\/\/www.freeshopfrontiera.ch\/fr\/wp-json\/wp\/v2\/product_tag?post=35518"}],"curies":[{"name":"wp","href":"https:\/\/api.w.org\/{rel}","templated":true}]}}