{"id":35593,"date":"2025-09-29T13:19:39","date_gmt":"2025-09-29T13:19:39","guid":{"rendered":"https:\/\/www.freeshopfrontiera.ch\/shop\/jp-gaultier-set-le-male-elixir\/"},"modified":"2026-03-30T08:13:03","modified_gmt":"2026-03-30T08:13:03","slug":"jp-gaultier-set-le-male-elixir","status":"publish","type":"product","link":"https:\/\/www.freeshopfrontiera.ch\/fr\/shop\/jp-gaultier-set-le-male-elixir\/","title":{"rendered":"JEAN PAUL GAULTIER SET Le Male Elixir"},"content":{"rendered":"<p data-start=\"2984\" data-end=\"3410\">Le <strong data-start=\"2987\" data-end=\"3046\">Coffret Jean Paul Gaultier Le Male Elixir Eau de Parfum<\/strong> est un ensemble exclusif qui incarne la s\u00e9duction masculine \u00e0 travers une parfaite alliance d\u2019intensit\u00e9 et de soin personnel. Id\u00e9al comme cadeau ou comme rituel quotidien de plaisir, ce coffret contient <strong data-start=\"3250\" data-end=\"3301\">Le Male Elixir Eau de Parfum vaporisateur 125ml<\/strong> et <strong data-start=\"3305\" data-end=\"3324\">Gel Douche 75ml<\/strong>, pour une exp\u00e9rience olfactive compl\u00e8te, de la douche \u00e0 la touche finale de parfum.<\/p>\n<p data-start=\"3412\" data-end=\"3909\"><strong data-start=\"3412\" data-end=\"3444\">Le Male Elixir Eau de Parfum<\/strong> est une fragrance magn\u00e9tique et sensuelle qui enveloppe celui qui la porte d\u2019une aura chaude et irr\u00e9sistible. Les notes de t\u00eate fra\u00eeches et \u00e9pic\u00e9es attirent imm\u00e9diatement l\u2019attention, tandis que le c\u0153ur d\u00e9voile des accords doux et envo\u00fbtants de vanille et de miel. En fond, les bois ambr\u00e9s et les nuances balsamiques apportent profondeur, intensit\u00e9 et une empreinte persistante et inoubliable. Un parfum con\u00e7u pour l\u2019homme s\u00fbr de lui, audacieux et charismatique.<\/p>\n<p data-start=\"3911\" data-end=\"4206\">Le <strong data-start=\"3914\" data-end=\"3936\">Gel Douche Le Male<\/strong> compl\u00e8te le rituel en nettoyant la peau en douceur et en la parfumant d\u00e9licatement des m\u00eames notes enivrantes que l\u2019Eau de Parfum. Utilis\u00e9 en duo, il renforce la tenue et la puissance de la fragrance, transformant le quotidien en un moment de s\u00e9duction et de plaisir.<\/p>\n<p data-start=\"4208\" data-end=\"4364\">Le <strong data-start=\"4211\" data-end=\"4256\">Coffret Jean Paul Gaultier Le Male Elixir<\/strong> est le choix id\u00e9al pour se faire plaisir ou offrir une exp\u00e9rience unique, alliant \u00e9l\u00e9gance et sensualit\u00e9.<\/p>\n<p data-start=\"1456\" data-end=\"1779\">Follow us! <a href=\"https:\/\/www.instagram.com\/freeshopswiss\/\" target=\"_blank\" rel=\"noopener\">@freeshopswiss<\/a><\/p>\n","protected":false},"excerpt":{"rendered":"<p>Le <strong data-start=\"2987\" data-end=\"3046\">Coffret Jean Paul Gaultier Le Male Elixir Eau de Parfum<\/strong> est un ensemble exclusif qui incarne la s\u00e9duction masculine \u00e0 travers une parfaite alliance d\u2019intensit\u00e9 et de soin personnel.<\/p>\n","protected":false},"featured_media":35589,"comment_status":"open","ping_status":"closed","template":"","meta":[],"pwb-brand":[373],"product_brand":[],"product_cat":[87,89,484],"product_tag":[459,464,143,97],"class_list":{"0":"post-35593","1":"product","2":"type-product","3":"status-publish","4":"has-post-thumbnail","6":"pwb-brand-jean-paul-gaultier","7":"product_cat-parfums","8":"product_cat-pour-lui","9":"product_cat-coffret","10":"product_tag-coffret","11":"product_tag-coffret-homme","12":"product_tag-homme","13":"product_tag-parfums","15":"first","16":"outofstock","17":"sale","18":"taxable","19":"shipping-taxable","20":"purchasable","21":"product-type-simple"},"brands":[{"id":373,"name":"Jean Paul Gaultier","slug":"jean-paul-gaultier"}],"_links":{"self":[{"href":"https:\/\/www.freeshopfrontiera.ch\/fr\/wp-json\/wp\/v2\/product\/35593","targetHints":{"allow":["GET"]}}],"collection":[{"href":"https:\/\/www.freeshopfrontiera.ch\/fr\/wp-json\/wp\/v2\/product"}],"about":[{"href":"https:\/\/www.freeshopfrontiera.ch\/fr\/wp-json\/wp\/v2\/types\/product"}],"replies":[{"embeddable":true,"href":"https:\/\/www.freeshopfrontiera.ch\/fr\/wp-json\/wp\/v2\/comments?post=35593"}],"version-history":[{"count":2,"href":"https:\/\/www.freeshopfrontiera.ch\/fr\/wp-json\/wp\/v2\/product\/35593\/revisions"}],"predecessor-version":[{"id":41726,"href":"https:\/\/www.freeshopfrontiera.ch\/fr\/wp-json\/wp\/v2\/product\/35593\/revisions\/41726"}],"wp:featuredmedia":[{"embeddable":true,"href":"https:\/\/www.freeshopfrontiera.ch\/fr\/wp-json\/wp\/v2\/media\/35589"}],"wp:attachment":[{"href":"https:\/\/www.freeshopfrontiera.ch\/fr\/wp-json\/wp\/v2\/media?parent=35593"}],"wp:term":[{"taxonomy":"pwb-brand","embeddable":true,"href":"https:\/\/www.freeshopfrontiera.ch\/fr\/wp-json\/wp\/v2\/pwb-brand?post=35593"},{"taxonomy":"product_brand","embeddable":true,"href":"https:\/\/www.freeshopfrontiera.ch\/fr\/wp-json\/wp\/v2\/product_brand?post=35593"},{"taxonomy":"product_cat","embeddable":true,"href":"https:\/\/www.freeshopfrontiera.ch\/fr\/wp-json\/wp\/v2\/product_cat?post=35593"},{"taxonomy":"product_tag","embeddable":true,"href":"https:\/\/www.freeshopfrontiera.ch\/fr\/wp-json\/wp\/v2\/product_tag?post=35593"}],"curies":[{"name":"wp","href":"https:\/\/api.w.org\/{rel}","templated":true}]}}