{"id":35624,"date":"2025-09-30T09:36:47","date_gmt":"2025-09-30T09:36:47","guid":{"rendered":"https:\/\/www.freeshopfrontiera.ch\/shop\/dr-althea-345-relief-cream-50ml\/"},"modified":"2025-09-30T09:41:57","modified_gmt":"2025-09-30T09:41:57","slug":"dr-althea-345-relief-cream-50ml","status":"publish","type":"product","link":"https:\/\/www.freeshopfrontiera.ch\/fr\/shop\/dr-althea-345-relief-cream-50ml\/","title":{"rendered":"DR. ALTHEA 345 Relief Cream 50ml"},"content":{"rendered":"<p data-start=\"3080\" data-end=\"3440\"><strong data-start=\"3080\" data-end=\"3116\">DR. ALTHEA 345 Relief Cream 50ml<\/strong> est une cr\u00e8me visage apaisante et r\u00e9\u00e9quilibrante, con\u00e7ue pour prendre soin des peaux sensibles sujettes aux rougeurs et irritations. Sa formule innovante, l\u00e9g\u00e8re mais tr\u00e8s efficace, associe des actifs hydratants et calmants qui procurent un confort imm\u00e9diat tout en soutenant le processus naturel de r\u00e9g\u00e9n\u00e9ration cutan\u00e9e.<\/p>\n<p data-start=\"3442\" data-end=\"3838\">Gr\u00e2ce \u00e0 un complexe d\u2019extraits v\u00e9g\u00e9taux, la peau est nourrie en profondeur et prot\u00e9g\u00e9e contre les agressions ext\u00e9rieures du quotidien. Sa texture fra\u00eeche et rapidement absorb\u00e9e assure une application agr\u00e9able sans laisser de r\u00e9sidus gras. Id\u00e9ale comme soin quotidien ou comme cr\u00e8me SOS, elle s\u2019int\u00e8gre parfaitement \u00e0 toute routine beaut\u00e9 pour une hydratation durable et un soulagement imm\u00e9diat.<\/p>\n<p data-start=\"3840\" data-end=\"3857\">\u2728 <strong data-start=\"3842\" data-end=\"3855\">B\u00e9n\u00e9fices<\/strong><\/p>\n<ul data-start=\"3858\" data-end=\"4127\">\n<li data-start=\"3858\" data-end=\"3905\">\n<p data-start=\"3860\" data-end=\"3905\">R\u00e9duit visiblement rougeurs et irritations.<\/p>\n<\/li>\n<li data-start=\"3906\" data-end=\"3950\">\n<p data-start=\"3908\" data-end=\"3950\">Renforce et prot\u00e8ge la barri\u00e8re cutan\u00e9e.<\/p>\n<\/li>\n<li data-start=\"3951\" data-end=\"4001\">\n<p data-start=\"3953\" data-end=\"4001\">Apporte une hydratation intense sans alourdir.<\/p>\n<\/li>\n<li data-start=\"4002\" data-end=\"4049\">\n<p data-start=\"4004\" data-end=\"4049\">Laisse la peau douce, fra\u00eeche et lumineuse.<\/p>\n<\/li>\n<li data-start=\"4050\" data-end=\"4127\">\n<p data-start=\"4052\" data-end=\"4127\">Formule douce, adapt\u00e9e \u00e0 tous les types de peau, m\u00eame les plus sensibles.<\/p>\n<\/li>\n<\/ul>\n<p data-start=\"4129\" data-end=\"4308\">\ud83c\udf31 <strong data-start=\"4132\" data-end=\"4152\">Ingr\u00e9dients cl\u00e9s<\/strong><br data-start=\"4152\" data-end=\"4155\" \/>Un m\u00e9lange \u00e9quilibr\u00e9 d\u2019extraits naturels et d\u2019actifs fonctionnels aux propri\u00e9t\u00e9s apaisantes et antioxydantes pour restaurer la peau \u00e0 son \u00e9tat optimal.<\/p>\n<p data-start=\"4310\" data-end=\"4411\">\ud83d\udccf <strong data-start=\"4313\" data-end=\"4323\">Format<\/strong> : 50ml \u2013 pratique et id\u00e9al pour une utilisation quotidienne \u00e0 la maison ou en voyage.<\/p>\n<p data-start=\"4413\" data-end=\"4510\">Avec <strong data-start=\"4418\" data-end=\"4449\">DR. ALTHEA 345 Relief Cream<\/strong>, la peau retrouve confort, \u00e9quilibre et bien-\u00eatre durable.<\/p>\n<p data-start=\"1515\" data-end=\"1646\">Follow us! <a href=\"https:\/\/www.instagram.com\/freeshopswiss\/\" target=\"_blank\" rel=\"noopener\">@freeshopswiss<\/a><\/p>\n","protected":false},"excerpt":{"rendered":"<p><strong data-start=\"3080\" data-end=\"3116\">DR. ALTHEA 345 Relief Cream 50ml<\/strong> est une cr\u00e8me visage apaisante et r\u00e9\u00e9quilibrante, con\u00e7ue pour prendre soin des peaux sensibles sujettes aux rougeurs et irritations.<\/p>\n","protected":false},"featured_media":35620,"comment_status":"open","ping_status":"closed","template":"","meta":[],"pwb-brand":[2012],"product_brand":[],"product_cat":[109,295,3768,545],"product_tag":[296,4348,5050,3611,5046,417,301],"class_list":{"0":"post-35624","1":"product","2":"type-product","3":"status-publish","4":"has-post-thumbnail","6":"pwb-brand-dr-althea","7":"product_cat-pour-elle","8":"product_cat-traitements","9":"product_cat-k-beauty-fr","10":"product_cat-soin-du-visage","11":"product_tag-femme","12":"product_tag-fete-des-femmes","13":"product_tag-fete-des-meres","14":"product_tag-k-beauty-fr","15":"product_tag-moins-de-30-chf","16":"product_tag-soins-fr","17":"product_tag-soins-du-visage","19":"first","20":"instock","21":"sale","22":"taxable","23":"shipping-taxable","24":"purchasable","25":"product-type-simple"},"brands":[{"id":2012,"name":"DR. ALTHEA","slug":"dr-althea"}],"_links":{"self":[{"href":"https:\/\/www.freeshopfrontiera.ch\/fr\/wp-json\/wp\/v2\/product\/35624","targetHints":{"allow":["GET"]}}],"collection":[{"href":"https:\/\/www.freeshopfrontiera.ch\/fr\/wp-json\/wp\/v2\/product"}],"about":[{"href":"https:\/\/www.freeshopfrontiera.ch\/fr\/wp-json\/wp\/v2\/types\/product"}],"replies":[{"embeddable":true,"href":"https:\/\/www.freeshopfrontiera.ch\/fr\/wp-json\/wp\/v2\/comments?post=35624"}],"version-history":[{"count":1,"href":"https:\/\/www.freeshopfrontiera.ch\/fr\/wp-json\/wp\/v2\/product\/35624\/revisions"}],"predecessor-version":[{"id":35628,"href":"https:\/\/www.freeshopfrontiera.ch\/fr\/wp-json\/wp\/v2\/product\/35624\/revisions\/35628"}],"wp:featuredmedia":[{"embeddable":true,"href":"https:\/\/www.freeshopfrontiera.ch\/fr\/wp-json\/wp\/v2\/media\/35620"}],"wp:attachment":[{"href":"https:\/\/www.freeshopfrontiera.ch\/fr\/wp-json\/wp\/v2\/media?parent=35624"}],"wp:term":[{"taxonomy":"pwb-brand","embeddable":true,"href":"https:\/\/www.freeshopfrontiera.ch\/fr\/wp-json\/wp\/v2\/pwb-brand?post=35624"},{"taxonomy":"product_brand","embeddable":true,"href":"https:\/\/www.freeshopfrontiera.ch\/fr\/wp-json\/wp\/v2\/product_brand?post=35624"},{"taxonomy":"product_cat","embeddable":true,"href":"https:\/\/www.freeshopfrontiera.ch\/fr\/wp-json\/wp\/v2\/product_cat?post=35624"},{"taxonomy":"product_tag","embeddable":true,"href":"https:\/\/www.freeshopfrontiera.ch\/fr\/wp-json\/wp\/v2\/product_tag?post=35624"}],"curies":[{"name":"wp","href":"https:\/\/api.w.org\/{rel}","templated":true}]}}