{"id":35648,"date":"2025-10-01T07:19:29","date_gmt":"2025-10-01T07:19:29","guid":{"rendered":"https:\/\/www.freeshopfrontiera.ch\/shop\/hugo-boss-boss-bottled-beyond\/"},"modified":"2026-04-13T14:46:25","modified_gmt":"2026-04-13T14:46:25","slug":"hugo-boss-boss-bottled-beyond","status":"publish","type":"product","link":"https:\/\/www.freeshopfrontiera.ch\/fr\/shop\/hugo-boss-boss-bottled-beyond\/","title":{"rendered":"BOSS Boss Bottled Beyond"},"content":{"rendered":"<p data-start=\"1767\" data-end=\"2098\">D\u00e9couvrez <strong data-start=\"1777\" data-end=\"1814\">Boss Bottled Beyond Eau de Parfum<\/strong> de <strong data-start=\"1818\" data-end=\"1831\">BOSS<\/strong>, la nouvelle interpr\u00e9tation de la l\u00e9gendaire collection Boss Bottled. Une fragrance intense et moderne, pens\u00e9e pour l\u2019homme qui aborde chaque journ\u00e9e avec confiance, passion et d\u00e9termination. Elle exprime la force int\u00e9rieure et le d\u00e9sir d\u2019aller toujours plus loin.<\/p>\n<p data-start=\"2100\" data-end=\"2539\">La fragrance s\u2019ouvre sur la fra\u00eecheur vibrante du <strong data-start=\"2150\" data-end=\"2163\">gingembre<\/strong>, une note \u00e9pic\u00e9e et p\u00e9tillante qui apporte une \u00e9nergie imm\u00e9diate et capte l\u2019attention. En c\u0153ur, la profondeur \u00e9l\u00e9gante du <strong data-start=\"2286\" data-end=\"2294\">cuir<\/strong> r\u00e9v\u00e8le une masculinit\u00e9 raffin\u00e9e, ajoutant caract\u00e8re et sensualit\u00e9 \u00e0 la composition. Enfin, les <strong data-start=\"2390\" data-end=\"2415\">notes bois\u00e9es de fond<\/strong> enveloppent le parfum d\u2019une chaleur persistante, laissant un sillage magn\u00e9tique et sophistiqu\u00e9 qui dure toute la journ\u00e9e.<\/p>\n<p data-start=\"2541\" data-end=\"2896\"><strong data-start=\"2541\" data-end=\"2578\">Boss Bottled Beyond Eau de Parfum<\/strong> s\u2019adresse \u00e0 l\u2019homme contemporain qui ne se contente jamais, qui regarde toujours vers l\u2019avenir et construit son succ\u00e8s avec authenticit\u00e9 et ambition. Un parfum qui combine fra\u00eecheur, \u00e9l\u00e9gance et intensit\u00e9 dans un \u00e9quilibre parfait, id\u00e9al en toutes occasions : du cadre professionnel aux soir\u00e9es les plus exclusives.<\/p>\n<p data-start=\"2898\" data-end=\"3099\">Le flacon conserve le design iconique de la ligne Boss Bottled, avec des lignes pures et modernes qui refl\u00e8tent l\u2019essence de HUGO BOSS : un style intemporel et une attention particuli\u00e8re aux d\u00e9tails.<\/p>\n<p data-start=\"3101\" data-end=\"3342\">Porter <strong data-start=\"3108\" data-end=\"3131\">Boss Bottled Beyond<\/strong>, c\u2019est affirmer sa personnalit\u00e9, se distinguer avec \u00e9l\u00e9gance et laisser une impression inoubliable. Bien plus qu\u2019un parfum, c\u2019est un v\u00e9ritable alli\u00e9 du quotidien pour l\u2019homme d\u00e9termin\u00e9 \u00e0 d\u00e9passer ses limites.<\/p>\n<p data-start=\"1680\" data-end=\"1870\">Follow us! <a href=\"https:\/\/www.instagram.com\/freeshopswiss\/\" target=\"_blank\" rel=\"noopener\">@freeshopswiss<\/a><\/p>\n","protected":false},"excerpt":{"rendered":"<p>D\u00e9couvrez <strong data-start=\"1777\" data-end=\"1814\">Boss Bottled Beyond Eau de Parfum<\/strong> de <strong data-start=\"1818\" data-end=\"1831\">HUGO BOSS<\/strong>, la nouvelle interpr\u00e9tation de la l\u00e9gendaire collection Boss Bottled. Une fragrance intense et moderne, pens\u00e9e pour l\u2019homme qui aborde chaque journ\u00e9e avec confiance, passion et d\u00e9termination.<\/p>\n","protected":false},"featured_media":35641,"comment_status":"open","ping_status":"closed","template":"","meta":[],"pwb-brand":[260],"product_brand":[],"product_cat":[103,87,89],"product_tag":[252,1629,143,97],"class_list":{"0":"post-35648","1":"product","2":"type-product","3":"status-publish","4":"has-post-thumbnail","6":"pwb-brand-hugo-boss","7":"product_cat-nouveaute","8":"product_cat-parfums","9":"product_cat-pour-lui","10":"product_tag-eau-de-parfum-fr","11":"product_tag-mens-fragrances-fr","12":"product_tag-homme","13":"product_tag-parfums","15":"first","16":"instock","17":"sale","18":"taxable","19":"shipping-taxable","20":"purchasable","21":"product-type-variable","22":"has-default-attributes"},"brands":[{"id":260,"name":"Hugo Boss","slug":"hugo-boss"}],"_links":{"self":[{"href":"https:\/\/www.freeshopfrontiera.ch\/fr\/wp-json\/wp\/v2\/product\/35648","targetHints":{"allow":["GET"]}}],"collection":[{"href":"https:\/\/www.freeshopfrontiera.ch\/fr\/wp-json\/wp\/v2\/product"}],"about":[{"href":"https:\/\/www.freeshopfrontiera.ch\/fr\/wp-json\/wp\/v2\/types\/product"}],"replies":[{"embeddable":true,"href":"https:\/\/www.freeshopfrontiera.ch\/fr\/wp-json\/wp\/v2\/comments?post=35648"}],"version-history":[{"count":3,"href":"https:\/\/www.freeshopfrontiera.ch\/fr\/wp-json\/wp\/v2\/product\/35648\/revisions"}],"predecessor-version":[{"id":42339,"href":"https:\/\/www.freeshopfrontiera.ch\/fr\/wp-json\/wp\/v2\/product\/35648\/revisions\/42339"}],"wp:featuredmedia":[{"embeddable":true,"href":"https:\/\/www.freeshopfrontiera.ch\/fr\/wp-json\/wp\/v2\/media\/35641"}],"wp:attachment":[{"href":"https:\/\/www.freeshopfrontiera.ch\/fr\/wp-json\/wp\/v2\/media?parent=35648"}],"wp:term":[{"taxonomy":"pwb-brand","embeddable":true,"href":"https:\/\/www.freeshopfrontiera.ch\/fr\/wp-json\/wp\/v2\/pwb-brand?post=35648"},{"taxonomy":"product_brand","embeddable":true,"href":"https:\/\/www.freeshopfrontiera.ch\/fr\/wp-json\/wp\/v2\/product_brand?post=35648"},{"taxonomy":"product_cat","embeddable":true,"href":"https:\/\/www.freeshopfrontiera.ch\/fr\/wp-json\/wp\/v2\/product_cat?post=35648"},{"taxonomy":"product_tag","embeddable":true,"href":"https:\/\/www.freeshopfrontiera.ch\/fr\/wp-json\/wp\/v2\/product_tag?post=35648"}],"curies":[{"name":"wp","href":"https:\/\/api.w.org\/{rel}","templated":true}]}}