{"id":35687,"date":"2025-10-01T09:24:43","date_gmt":"2025-10-01T09:24:43","guid":{"rendered":"https:\/\/www.freeshopfrontiera.ch\/shop\/lattafa-24-carat-pure-gold\/"},"modified":"2025-10-01T09:27:41","modified_gmt":"2025-10-01T09:27:41","slug":"lattafa-24-carat-pure-gold","status":"publish","type":"product","link":"https:\/\/www.freeshopfrontiera.ch\/fr\/shop\/lattafa-24-carat-pure-gold\/","title":{"rendered":"LATTAFA 24 Carat Pure Gold"},"content":{"rendered":"<p data-start=\"3259\" data-end=\"3573\">D\u00e9couvrez <strong data-start=\"3269\" data-end=\"3313\">Lattafa 24 Carat Pure Gold Eau de Parfum<\/strong>, une fragrance intense et envo\u00fbtante qui c\u00e9l\u00e8bre le luxe oriental dans toute sa richesse. Un parfum qui s\u00e9duit les sens gr\u00e2ce \u00e0 son sillage chaud, \u00e9pic\u00e9 et l\u00e9g\u00e8rement sucr\u00e9, con\u00e7u pour celles et ceux qui souhaitent se distinguer avec \u00e9l\u00e9gance et magn\u00e9tisme.<\/p>\n<p data-start=\"3575\" data-end=\"3998\">La composition s\u2019ouvre sur un \u00e9clat p\u00e9tillant de <strong data-start=\"3624\" data-end=\"3650\">poivre et de cardamome<\/strong>, apportant vitalit\u00e9 et caract\u00e8re d\u00e8s les premi\u00e8res notes. En c\u0153ur, l\u2019\u00e9l\u00e9gance raffin\u00e9e et myst\u00e9rieuse du <strong data-start=\"3756\" data-end=\"3788\">safran et des notes florales<\/strong> cr\u00e9e un \u00e9quilibre parfait entre force et sensualit\u00e9. Enfin, la base r\u00e9v\u00e8le toute sa puissance avec un accord riche de <strong data-start=\"3907\" data-end=\"3947\">oud, ambre, vanille et bois pr\u00e9cieux<\/strong>, laissant un sillage persistant et irr\u00e9sistible.<\/p>\n<p data-start=\"4000\" data-end=\"4234\"><strong data-start=\"4000\" data-end=\"4022\">24 Carat Pure Gold<\/strong> est bien plus qu\u2019un parfum : c\u2019est un v\u00e9ritable voyage olfactif entre tradition et modernit\u00e9, enferm\u00e9 dans un flacon dor\u00e9 et raffin\u00e9 qui refl\u00e8te parfaitement l\u2019opulence et la sophistication de cette fragrance.<\/p>\n<p data-start=\"4236\" data-end=\"4550\">Polyvalent mais affirm\u00e9, cet Eau de Parfum est id\u00e9al aussi bien pour les hommes que pour les femmes qui appr\u00e9cient les senteurs orientales, intenses et durables. Parfait pour les soir\u00e9es et les occasions sp\u00e9ciales, il laisse une impression inoubliable et enveloppe son porteur d\u2019une aura de charme et de myst\u00e8re.<\/p>\n<p data-start=\"4552\" data-end=\"4740\">Choisir <strong data-start=\"4560\" data-end=\"4590\">Lattafa 24 Carat Pure Gold<\/strong>, c\u2019est adopter un style unique, raffin\u00e9 et sans compromis. Un parfum qui ne passe jamais inaper\u00e7u et devient un v\u00e9ritable symbole d\u2019\u00e9l\u00e9gance dor\u00e9e.<\/p>\n<p data-start=\"1470\" data-end=\"1696\">Follow us! <a href=\"https:\/\/www.instagram.com\/freeshopswiss\/\" target=\"_blank\" rel=\"noopener\">@freeshopswiss<\/a><\/p>\n","protected":false},"excerpt":{"rendered":"<p>D\u00e9couvrez <strong data-start=\"3269\" data-end=\"3313\">Lattafa 24 Carat Pure Gold Eau de Parfum<\/strong>, une fragrance intense et envo\u00fbtante qui c\u00e9l\u00e8bre le luxe oriental dans toute sa richesse. Un parfum qui s\u00e9duit les sens gr\u00e2ce \u00e0 son sillage chaud.<\/p>\n","protected":false},"featured_media":35683,"comment_status":"open","ping_status":"closed","template":"","meta":[],"pwb-brand":[772],"product_brand":[],"product_cat":[87,109,89],"product_tag":[252,296,789,1629,143,97,594],"class_list":{"0":"post-35687","1":"product","2":"type-product","3":"status-publish","4":"has-post-thumbnail","6":"pwb-brand-lattafa","7":"product_cat-parfums","8":"product_cat-pour-elle","9":"product_cat-pour-lui","10":"product_tag-eau-de-parfum-fr","11":"product_tag-femme","12":"product_tag-womens-fragrances-fr","13":"product_tag-mens-fragrances-fr","14":"product_tag-homme","15":"product_tag-parfums","16":"product_tag-unisex-fr-2","18":"first","19":"outofstock","20":"sale","21":"taxable","22":"shipping-taxable","23":"purchasable","24":"product-type-simple"},"brands":[{"id":772,"name":"Lattafa","slug":"lattafa"}],"_links":{"self":[{"href":"https:\/\/www.freeshopfrontiera.ch\/fr\/wp-json\/wp\/v2\/product\/35687","targetHints":{"allow":["GET"]}}],"collection":[{"href":"https:\/\/www.freeshopfrontiera.ch\/fr\/wp-json\/wp\/v2\/product"}],"about":[{"href":"https:\/\/www.freeshopfrontiera.ch\/fr\/wp-json\/wp\/v2\/types\/product"}],"replies":[{"embeddable":true,"href":"https:\/\/www.freeshopfrontiera.ch\/fr\/wp-json\/wp\/v2\/comments?post=35687"}],"version-history":[{"count":2,"href":"https:\/\/www.freeshopfrontiera.ch\/fr\/wp-json\/wp\/v2\/product\/35687\/revisions"}],"predecessor-version":[{"id":35692,"href":"https:\/\/www.freeshopfrontiera.ch\/fr\/wp-json\/wp\/v2\/product\/35687\/revisions\/35692"}],"wp:featuredmedia":[{"embeddable":true,"href":"https:\/\/www.freeshopfrontiera.ch\/fr\/wp-json\/wp\/v2\/media\/35683"}],"wp:attachment":[{"href":"https:\/\/www.freeshopfrontiera.ch\/fr\/wp-json\/wp\/v2\/media?parent=35687"}],"wp:term":[{"taxonomy":"pwb-brand","embeddable":true,"href":"https:\/\/www.freeshopfrontiera.ch\/fr\/wp-json\/wp\/v2\/pwb-brand?post=35687"},{"taxonomy":"product_brand","embeddable":true,"href":"https:\/\/www.freeshopfrontiera.ch\/fr\/wp-json\/wp\/v2\/product_brand?post=35687"},{"taxonomy":"product_cat","embeddable":true,"href":"https:\/\/www.freeshopfrontiera.ch\/fr\/wp-json\/wp\/v2\/product_cat?post=35687"},{"taxonomy":"product_tag","embeddable":true,"href":"https:\/\/www.freeshopfrontiera.ch\/fr\/wp-json\/wp\/v2\/product_tag?post=35687"}],"curies":[{"name":"wp","href":"https:\/\/api.w.org\/{rel}","templated":true}]}}