{"id":35740,"date":"2025-10-01T10:56:32","date_gmt":"2025-10-01T10:56:32","guid":{"rendered":"https:\/\/www.freeshopfrontiera.ch\/shop\/lattafa-oud-mood-eau-de-parfum-100ml\/"},"modified":"2025-10-01T11:00:58","modified_gmt":"2025-10-01T11:00:58","slug":"lattafa-oud-mood-eau-de-parfum-100ml","status":"publish","type":"product","link":"https:\/\/www.freeshopfrontiera.ch\/fr\/shop\/lattafa-oud-mood-eau-de-parfum-100ml\/","title":{"rendered":"Lattafa Oud Mood Eau de Parfum 100ml"},"content":{"rendered":"<p data-start=\"3246\" data-end=\"3622\">D\u00e9couvrez <strong data-start=\"3256\" data-end=\"3296\">Lattafa Oud Mood Eau de Parfum 100ml<\/strong>, une fragrance intense et enveloppante qui c\u00e9l\u00e8bre le charme myst\u00e9rieux de l\u2019oud, un ingr\u00e9dient pr\u00e9cieux et embl\u00e9matique de la parfumerie orientale. Parfaite pour celles et ceux qui souhaitent se d\u00e9marquer avec \u00e9l\u00e9gance et sophistication, cette fragrance combine tradition et modernit\u00e9 dans une exp\u00e9rience olfactive unique.<\/p>\n<p data-start=\"3624\" data-end=\"4056\">La composition s\u2019ouvre sur des notes chaudes et \u00e9pic\u00e9es qui captent imm\u00e9diatement l\u2019attention et stimulent les sens. Au c\u0153ur, la puissance enveloppante de <strong data-start=\"3779\" data-end=\"3788\">l\u2019oud<\/strong> se r\u00e9v\u00e8le, accompagn\u00e9e de <strong data-start=\"3815\" data-end=\"3846\">nuances florales et bois\u00e9es<\/strong> qui apportent \u00e9quilibre et profondeur. La base chaude et persistante, enrichie en <strong data-start=\"3929\" data-end=\"3961\">ambre, musc et bois pr\u00e9cieux<\/strong>, cr\u00e9e un sillage intense, \u00e9l\u00e9gant et s\u00e9duisant, parfait pour laisser une impression durable.<\/p>\n<p data-start=\"4058\" data-end=\"4389\"><strong data-start=\"4058\" data-end=\"4070\">Oud Mood<\/strong> est id\u00e9al pour les hommes et les femmes qui aiment les fragrances orientales riches, sophistiqu\u00e9es et durables. Son intensit\u00e9 et sa complexit\u00e9 le rendent parfait pour les occasions sp\u00e9ciales, les soir\u00e9es \u00e9l\u00e9gantes ou comme parfum signature quotidien pour ceux qui souhaitent exprimer leur personnalit\u00e9 et leur style.<\/p>\n<p data-start=\"4391\" data-end=\"4545\">Le flacon, \u00e9l\u00e9gant et raffin\u00e9, refl\u00e8te la qualit\u00e9 pr\u00e9cieuse de son contenu, avec des lignes modernes et des d\u00e9tails sophistiqu\u00e9s \u00e9voquant luxe et style.<\/p>\n<p data-start=\"4547\" data-end=\"4812\">Porter <strong data-start=\"4554\" data-end=\"4588\">Lattafa Oud Mood Eau de Parfum<\/strong> est un voyage dans un univers olfactif unique, o\u00f9 l\u2019oud devient symbole de myst\u00e8re, de charme et d\u2019\u00e9l\u00e9gance raffin\u00e9e. Une fragrance qui ne passe pas inaper\u00e7ue et enveloppe son porteur d\u2019une aura magn\u00e9tique et inoubliable.<\/p>\n<p data-start=\"1348\" data-end=\"1633\">Follow us! <a href=\"https:\/\/www.instagram.com\/freeshopswiss\/\" target=\"_blank\" rel=\"noopener\">@freeshopswiss<\/a><\/p>\n","protected":false},"excerpt":{"rendered":"<p>D\u00e9couvrez <strong data-start=\"3256\" data-end=\"3296\">Lattafa Oud Mood Eau de Parfum 100ml<\/strong>, une fragrance intense et enveloppante qui c\u00e9l\u00e8bre le charme myst\u00e9rieux de l\u2019oud, un ingr\u00e9dient pr\u00e9cieux et embl\u00e9matique de la parfumerie orientale.<\/p>\n","protected":false},"featured_media":35735,"comment_status":"open","ping_status":"closed","template":"","meta":[],"pwb-brand":[772],"product_brand":[],"product_cat":[87,109,89],"product_tag":[252,296,789,1629,143,594],"class_list":{"0":"post-35740","1":"product","2":"type-product","3":"status-publish","4":"has-post-thumbnail","6":"pwb-brand-lattafa","7":"product_cat-parfums","8":"product_cat-pour-elle","9":"product_cat-pour-lui","10":"product_tag-eau-de-parfum-fr","11":"product_tag-femme","12":"product_tag-womens-fragrances-fr","13":"product_tag-mens-fragrances-fr","14":"product_tag-homme","15":"product_tag-unisex-fr-2","17":"first","18":"instock","19":"sale","20":"taxable","21":"shipping-taxable","22":"purchasable","23":"product-type-simple"},"brands":[{"id":772,"name":"Lattafa","slug":"lattafa"}],"_links":{"self":[{"href":"https:\/\/www.freeshopfrontiera.ch\/fr\/wp-json\/wp\/v2\/product\/35740","targetHints":{"allow":["GET"]}}],"collection":[{"href":"https:\/\/www.freeshopfrontiera.ch\/fr\/wp-json\/wp\/v2\/product"}],"about":[{"href":"https:\/\/www.freeshopfrontiera.ch\/fr\/wp-json\/wp\/v2\/types\/product"}],"replies":[{"embeddable":true,"href":"https:\/\/www.freeshopfrontiera.ch\/fr\/wp-json\/wp\/v2\/comments?post=35740"}],"version-history":[{"count":1,"href":"https:\/\/www.freeshopfrontiera.ch\/fr\/wp-json\/wp\/v2\/product\/35740\/revisions"}],"predecessor-version":[{"id":35744,"href":"https:\/\/www.freeshopfrontiera.ch\/fr\/wp-json\/wp\/v2\/product\/35740\/revisions\/35744"}],"wp:featuredmedia":[{"embeddable":true,"href":"https:\/\/www.freeshopfrontiera.ch\/fr\/wp-json\/wp\/v2\/media\/35735"}],"wp:attachment":[{"href":"https:\/\/www.freeshopfrontiera.ch\/fr\/wp-json\/wp\/v2\/media?parent=35740"}],"wp:term":[{"taxonomy":"pwb-brand","embeddable":true,"href":"https:\/\/www.freeshopfrontiera.ch\/fr\/wp-json\/wp\/v2\/pwb-brand?post=35740"},{"taxonomy":"product_brand","embeddable":true,"href":"https:\/\/www.freeshopfrontiera.ch\/fr\/wp-json\/wp\/v2\/product_brand?post=35740"},{"taxonomy":"product_cat","embeddable":true,"href":"https:\/\/www.freeshopfrontiera.ch\/fr\/wp-json\/wp\/v2\/product_cat?post=35740"},{"taxonomy":"product_tag","embeddable":true,"href":"https:\/\/www.freeshopfrontiera.ch\/fr\/wp-json\/wp\/v2\/product_tag?post=35740"}],"curies":[{"name":"wp","href":"https:\/\/api.w.org\/{rel}","templated":true}]}}