{"id":35759,"date":"2025-10-01T11:08:44","date_gmt":"2025-10-01T11:08:44","guid":{"rendered":"https:\/\/www.freeshopfrontiera.ch\/shop\/lattafa-sakeena-eau-de-parfum-100ml\/"},"modified":"2025-10-01T11:19:30","modified_gmt":"2025-10-01T11:19:30","slug":"lattafa-sakeena-eau-de-parfum-100ml","status":"publish","type":"product","link":"https:\/\/www.freeshopfrontiera.ch\/fr\/shop\/lattafa-sakeena-eau-de-parfum-100ml\/","title":{"rendered":"Lattafa Sakeena Eau de Parfum 100ml"},"content":{"rendered":"<p data-start=\"3195\" data-end=\"3509\">D\u00e9couvrez <strong data-start=\"3205\" data-end=\"3244\">Lattafa Sakeena Eau de Parfum 100ml<\/strong>, une fragrance raffin\u00e9e et enveloppante qui allie \u00e9l\u00e9gance, f\u00e9minit\u00e9 et sensualit\u00e9 en une seule composition. Con\u00e7ue pour la femme moderne qui aime se d\u00e9marquer avec style, cette fragrance s\u00e9duit par un \u00e9quilibre parfait entre notes florales, fruit\u00e9es et bois\u00e9es.<\/p>\n<p data-start=\"3511\" data-end=\"3976\">L\u2019ouverture diffuse fra\u00eecheur et vitalit\u00e9 gr\u00e2ce \u00e0 des <strong data-start=\"3565\" data-end=\"3596\">notes de p\u00eache et d\u2019agrumes<\/strong>, apportant imm\u00e9diatement l\u00e9g\u00e8ret\u00e9 et gaiet\u00e9. Le c\u0153ur r\u00e9v\u00e8le une f\u00e9minit\u00e9 d\u00e9licate avec des <strong data-start=\"3688\" data-end=\"3734\">p\u00e9tales de rose, jasmin et fleurs blanches<\/strong>, enveloppant la personne qui la porte dans une aura romantique et sophistiqu\u00e9e. La base chaude et persistante, compos\u00e9e de <strong data-start=\"3858\" data-end=\"3892\">musc, vanille et bois pr\u00e9cieux<\/strong>, laisse un sillage \u00e9l\u00e9gant et sensuel, parfait pour cr\u00e9er une impression durable.<\/p>\n<p data-start=\"3978\" data-end=\"4278\"><strong data-start=\"3978\" data-end=\"3989\">Sakeena<\/strong> est id\u00e9ale aussi bien pour un usage quotidien que pour les occasions sp\u00e9ciales, apportant charme et personnalit\u00e9 en toute circonstance. Sa polyvalence et son raffinement en font un parfum signature parfait pour la femme s\u00fbre d\u2019elle qui aime les fragrances persistantes et sophistiqu\u00e9es.<\/p>\n<p data-start=\"4280\" data-end=\"4440\">Le flacon \u00e9l\u00e9gant et moderne refl\u00e8te la pr\u00e9cieuse qualit\u00e9 du contenu, avec des lignes \u00e9pur\u00e9es et des d\u00e9tails sophistiqu\u00e9s \u00e9voquant luxe et style contemporain.<\/p>\n<p data-start=\"4442\" data-end=\"4707\">Porter <strong data-start=\"4449\" data-end=\"4482\">Lattafa Sakeena Eau de Parfum<\/strong> signifie s\u2019immerger dans un voyage olfactif exclusif o\u00f9 \u00e9l\u00e9gance, douceur et sensualit\u00e9 se rencontrent pour cr\u00e9er un parfum inoubliable. Une fragrance qui ne passe pas inaper\u00e7ue, laissant un sillage raffin\u00e9 et enveloppant.<\/p>\n<p data-start=\"1366\" data-end=\"1643\">Follow us! <a href=\"https:\/\/www.instagram.com\/freeshopswiss\/\" target=\"_blank\" rel=\"noopener\">@freeshopswiss<\/a><\/p>\n","protected":false},"excerpt":{"rendered":"<p>D\u00e9couvrez <strong data-start=\"3205\" data-end=\"3244\">Lattafa Sakeena Eau de Parfum 100ml<\/strong>, une fragrance raffin\u00e9e et enveloppante qui allie \u00e9l\u00e9gance, f\u00e9minit\u00e9 et sensualit\u00e9 en une seule composition.<\/p>\n","protected":false},"featured_media":35749,"comment_status":"open","ping_status":"closed","template":"","meta":[],"pwb-brand":[772],"product_brand":[],"product_cat":[87,109,89],"product_tag":[252,296,1629,97,594],"class_list":{"0":"post-35759","1":"product","2":"type-product","3":"status-publish","4":"has-post-thumbnail","6":"pwb-brand-lattafa","7":"product_cat-parfums","8":"product_cat-pour-elle","9":"product_cat-pour-lui","10":"product_tag-eau-de-parfum-fr","11":"product_tag-femme","12":"product_tag-mens-fragrances-fr","13":"product_tag-parfums","14":"product_tag-unisex-fr-2","16":"first","17":"instock","18":"sale","19":"taxable","20":"shipping-taxable","21":"purchasable","22":"product-type-simple"},"brands":[{"id":772,"name":"Lattafa","slug":"lattafa"}],"_links":{"self":[{"href":"https:\/\/www.freeshopfrontiera.ch\/fr\/wp-json\/wp\/v2\/product\/35759","targetHints":{"allow":["GET"]}}],"collection":[{"href":"https:\/\/www.freeshopfrontiera.ch\/fr\/wp-json\/wp\/v2\/product"}],"about":[{"href":"https:\/\/www.freeshopfrontiera.ch\/fr\/wp-json\/wp\/v2\/types\/product"}],"replies":[{"embeddable":true,"href":"https:\/\/www.freeshopfrontiera.ch\/fr\/wp-json\/wp\/v2\/comments?post=35759"}],"version-history":[{"count":2,"href":"https:\/\/www.freeshopfrontiera.ch\/fr\/wp-json\/wp\/v2\/product\/35759\/revisions"}],"predecessor-version":[{"id":35767,"href":"https:\/\/www.freeshopfrontiera.ch\/fr\/wp-json\/wp\/v2\/product\/35759\/revisions\/35767"}],"wp:featuredmedia":[{"embeddable":true,"href":"https:\/\/www.freeshopfrontiera.ch\/fr\/wp-json\/wp\/v2\/media\/35749"}],"wp:attachment":[{"href":"https:\/\/www.freeshopfrontiera.ch\/fr\/wp-json\/wp\/v2\/media?parent=35759"}],"wp:term":[{"taxonomy":"pwb-brand","embeddable":true,"href":"https:\/\/www.freeshopfrontiera.ch\/fr\/wp-json\/wp\/v2\/pwb-brand?post=35759"},{"taxonomy":"product_brand","embeddable":true,"href":"https:\/\/www.freeshopfrontiera.ch\/fr\/wp-json\/wp\/v2\/product_brand?post=35759"},{"taxonomy":"product_cat","embeddable":true,"href":"https:\/\/www.freeshopfrontiera.ch\/fr\/wp-json\/wp\/v2\/product_cat?post=35759"},{"taxonomy":"product_tag","embeddable":true,"href":"https:\/\/www.freeshopfrontiera.ch\/fr\/wp-json\/wp\/v2\/product_tag?post=35759"}],"curies":[{"name":"wp","href":"https:\/\/api.w.org\/{rel}","templated":true}]}}