{"id":35846,"date":"2025-10-06T14:42:14","date_gmt":"2025-10-06T14:42:14","guid":{"rendered":"https:\/\/www.freeshopfrontiera.ch\/shop\/clarins-set-nutri-lumiere-2\/"},"modified":"2025-10-06T14:45:54","modified_gmt":"2025-10-06T14:45:54","slug":"clarins-set-nutri-lumiere-2","status":"publish","type":"product","link":"https:\/\/www.freeshopfrontiera.ch\/fr\/shop\/clarins-set-nutri-lumiere-2\/","title":{"rendered":"CLARINS SET Nutri-Lumiere"},"content":{"rendered":"<h2 data-start=\"3034\" data-end=\"3125\"><strong data-start=\"3042\" data-end=\"3125\">Coffret Clarins Nutri-Lumi\u00e8re \u2013 \u00c9clat, Nutrition et Vitalit\u00e9 pour Peaux Matures<\/strong><\/h2>\n<p data-start=\"3127\" data-end=\"3491\">Red\u00e9couvrez l\u2019\u00e9clat naturel de votre peau avec le <strong data-start=\"3177\" data-end=\"3210\">Coffret Clarins Nutri-Lumi\u00e8re<\/strong>, une routine soin compl\u00e8te con\u00e7ue pour nourrir, revitaliser et illuminer les peaux matures. Ce coffret exclusif r\u00e9unit trois essentiels beaut\u00e9 : la <strong data-start=\"3359\" data-end=\"3395\">Cr\u00e8me de Jour Nutri-Lumi\u00e8re 50ml<\/strong>, la <strong data-start=\"3400\" data-end=\"3436\">Cr\u00e8me de Nuit Nutri-Lumi\u00e8re 15ml<\/strong> et le <strong data-start=\"3443\" data-end=\"3488\">Mini Mascara Wonder Perfect 4D Volume XXL<\/strong>.<\/p>\n<p data-start=\"3493\" data-end=\"3839\">La <strong data-start=\"3496\" data-end=\"3527\">Cr\u00e8me de Jour Nutri-Lumi\u00e8re<\/strong> redonne confort et luminosit\u00e9 aux peaux ternes et d\u00e9vitalis\u00e9es. Enrichie du duo v\u00e9g\u00e9tal fleur et fruit du marronnier d\u2019Inde, elle stimule la microcirculation et r\u00e9v\u00e8le un \u00e9clat imm\u00e9diat. Sa texture fondante et soyeuse enveloppe la peau d\u2019un voile de douceur pour un teint \u00e9clatant et hydrat\u00e9 toute la journ\u00e9e.<\/p>\n<p data-start=\"3841\" data-end=\"4036\">La <strong data-start=\"3844\" data-end=\"3875\">Cr\u00e8me de Nuit Nutri-Lumi\u00e8re<\/strong> agit pendant le sommeil pour r\u00e9g\u00e9n\u00e9rer intens\u00e9ment la peau, am\u00e9liorant fermet\u00e9, tonicit\u00e9 et \u00e9clat. Au r\u00e9veil, le visage para\u00eet plus lisse, repos\u00e9 et lumineux.<\/p>\n<p data-start=\"4038\" data-end=\"4186\">Le <strong data-start=\"4041\" data-end=\"4086\">Mini Mascara Wonder Perfect 4D Volume XXL<\/strong> vient sublimer le regard avec un volume spectaculaire, des cils allong\u00e9s et parfaitement d\u00e9finis.<\/p>\n<p data-start=\"4188\" data-end=\"4372\">Id\u00e9al comme <strong data-start=\"4200\" data-end=\"4226\">coffret cadeau Clarins<\/strong> ou routine quotidienne anti-\u00e2ge, le Set Nutri-Lumi\u00e8re est la solution parfaite pour une peau nourrie, lumineuse et \u00e9clatante \u2014 jour apr\u00e8s jour.<\/p>\n<p data-start=\"1668\" data-end=\"1895\">Follow us! <a href=\"https:\/\/www.instagram.com\/freeshopswiss\/\" target=\"_blank\" rel=\"noopener\">@freeshopswiss<\/a><\/p>\n","protected":false},"excerpt":{"rendered":"<p>Red\u00e9couvrez l\u2019\u00e9clat naturel de votre peau avec le <strong data-start=\"3177\" data-end=\"3210\">Coffret Clarins Nutri-Lumi\u00e8re<\/strong>, une routine soin compl\u00e8te con\u00e7ue pour nourrir, revitaliser et illuminer les peaux matures.<\/p>\n","protected":false},"featured_media":35842,"comment_status":"open","ping_status":"closed","template":"","meta":[],"pwb-brand":[311],"product_brand":[],"product_cat":[109,295,545],"product_tag":[296,278,417,301],"class_list":{"0":"post-35846","1":"product","2":"type-product","3":"status-publish","4":"has-post-thumbnail","6":"pwb-brand-clarins","7":"product_cat-pour-elle","8":"product_cat-traitements","9":"product_cat-soin-du-visage","10":"product_tag-femme","11":"product_tag-offre","12":"product_tag-soins-fr","13":"product_tag-soins-du-visage","15":"first","16":"outofstock","17":"sale","18":"taxable","19":"shipping-taxable","20":"purchasable","21":"product-type-simple"},"brands":[{"id":311,"name":"Clarins","slug":"clarins"}],"_links":{"self":[{"href":"https:\/\/www.freeshopfrontiera.ch\/fr\/wp-json\/wp\/v2\/product\/35846","targetHints":{"allow":["GET"]}}],"collection":[{"href":"https:\/\/www.freeshopfrontiera.ch\/fr\/wp-json\/wp\/v2\/product"}],"about":[{"href":"https:\/\/www.freeshopfrontiera.ch\/fr\/wp-json\/wp\/v2\/types\/product"}],"replies":[{"embeddable":true,"href":"https:\/\/www.freeshopfrontiera.ch\/fr\/wp-json\/wp\/v2\/comments?post=35846"}],"version-history":[{"count":1,"href":"https:\/\/www.freeshopfrontiera.ch\/fr\/wp-json\/wp\/v2\/product\/35846\/revisions"}],"predecessor-version":[{"id":35850,"href":"https:\/\/www.freeshopfrontiera.ch\/fr\/wp-json\/wp\/v2\/product\/35846\/revisions\/35850"}],"wp:featuredmedia":[{"embeddable":true,"href":"https:\/\/www.freeshopfrontiera.ch\/fr\/wp-json\/wp\/v2\/media\/35842"}],"wp:attachment":[{"href":"https:\/\/www.freeshopfrontiera.ch\/fr\/wp-json\/wp\/v2\/media?parent=35846"}],"wp:term":[{"taxonomy":"pwb-brand","embeddable":true,"href":"https:\/\/www.freeshopfrontiera.ch\/fr\/wp-json\/wp\/v2\/pwb-brand?post=35846"},{"taxonomy":"product_brand","embeddable":true,"href":"https:\/\/www.freeshopfrontiera.ch\/fr\/wp-json\/wp\/v2\/product_brand?post=35846"},{"taxonomy":"product_cat","embeddable":true,"href":"https:\/\/www.freeshopfrontiera.ch\/fr\/wp-json\/wp\/v2\/product_cat?post=35846"},{"taxonomy":"product_tag","embeddable":true,"href":"https:\/\/www.freeshopfrontiera.ch\/fr\/wp-json\/wp\/v2\/product_tag?post=35846"}],"curies":[{"name":"wp","href":"https:\/\/api.w.org\/{rel}","templated":true}]}}