{"id":35859,"date":"2025-10-06T14:59:11","date_gmt":"2025-10-06T14:59:11","guid":{"rendered":"https:\/\/www.freeshopfrontiera.ch\/shop\/clarins-set-multi-active-jour\/"},"modified":"2025-10-06T15:06:24","modified_gmt":"2025-10-06T15:06:24","slug":"clarins-set-multi-active-jour","status":"publish","type":"product","link":"https:\/\/www.freeshopfrontiera.ch\/fr\/shop\/clarins-set-multi-active-jour\/","title":{"rendered":"CLARINS SET Multi-Active Jour"},"content":{"rendered":"<h2 data-start=\"2984\" data-end=\"3096\"><strong data-start=\"2992\" data-end=\"3096\">Coffret Clarins Multi-Active \u2013 Routine Soin Anti-Stress pour une Peau Fra\u00eeche, Hydrat\u00e9e et Lumineuse<\/strong><\/h2>\n<p data-start=\"3098\" data-end=\"3387\">D\u00e9couvrez la routine beaut\u00e9 parfaite pour les journ\u00e9es bien remplies avec le <strong data-start=\"3175\" data-end=\"3207\">Coffret Clarins Multi-Active<\/strong>, con\u00e7u pour combattre les premiers signes de l\u2019\u00e2ge et de fatigue. Id\u00e9al pour les femmes actives, ce coffret r\u00e9unit les indispensables pour une peau lisse, hydrat\u00e9e et \u00e9clatante.<\/p>\n<p data-start=\"3389\" data-end=\"3654\">Il contient la <strong data-start=\"3404\" data-end=\"3441\">Cr\u00e8me de Jour Multi-Active (50ml)<\/strong>, un soin \u00e9nergisant qui att\u00e9nue les premi\u00e8res rides et les signes de stress. Enrichie en extrait de card\u00e8re sauvage, elle prot\u00e8ge la peau des agressions ext\u00e9rieures et lui redonne toute sa luminosit\u00e9 naturelle.<\/p>\n<p data-start=\"3656\" data-end=\"3815\">La <strong data-start=\"3659\" data-end=\"3696\">Cr\u00e8me de Nuit Multi-Active (15ml)<\/strong> agit pendant le sommeil pour favoriser la r\u00e9g\u00e9n\u00e9ration cutan\u00e9e et r\u00e9v\u00e9ler une peau repos\u00e9e et revitalis\u00e9e au r\u00e9veil.<\/p>\n<p data-start=\"3817\" data-end=\"4068\">Le <strong data-start=\"3820\" data-end=\"3856\">Mini Lip Comfort Oil (teinte 04)<\/strong> nourrit et sublime les l\u00e8vres avec un fini brillant et confortable, tandis que le <strong data-start=\"3939\" data-end=\"3975\">Double Serum \u00c9chantillon (0.9ml)<\/strong> apporte une dose d\u2019hydratation et de jeunesse gr\u00e2ce \u00e0 sa formule \u00e0 21 extraits de plantes.<\/p>\n<p data-start=\"4070\" data-end=\"4188\">Le tout est pr\u00e9sent\u00e9 dans une <strong data-start=\"4100\" data-end=\"4129\">pochette Clarins \u00e9l\u00e9gante<\/strong>, id\u00e9ale pour les voyages ou \u00e0 emporter partout avec soi.<\/p>\n<p data-start=\"4190\" data-end=\"4365\">Parfait comme <strong data-start=\"4204\" data-end=\"4230\">coffret cadeau Clarins<\/strong> ou comme rituel beaut\u00e9 quotidien, le <strong data-start=\"4268\" data-end=\"4288\">Set Multi-Active<\/strong> offre une peau \u00e9clatante, prot\u00e9g\u00e9e et pleine de vitalit\u00e9, jour apr\u00e8s jour.<\/p>\n<p data-start=\"1774\" data-end=\"1968\">Follow us! <a href=\"https:\/\/www.instagram.com\/freeshopswiss\/\" target=\"_blank\" rel=\"noopener\">@freeshopswiss<\/a><\/p>\n","protected":false},"excerpt":{"rendered":"<p>D\u00e9couvrez la routine beaut\u00e9 parfaite pour les journ\u00e9es bien remplies avec le <strong data-start=\"3175\" data-end=\"3207\">Coffret Clarins Multi-Active<\/strong>, con\u00e7u pour combattre les premiers signes de l\u2019\u00e2ge et de fatigue.<\/p>\n","protected":false},"featured_media":35855,"comment_status":"open","ping_status":"closed","template":"","meta":[],"pwb-brand":[311],"product_brand":[],"product_cat":[109,295,545],"product_tag":[296,417,301],"class_list":{"0":"post-35859","1":"product","2":"type-product","3":"status-publish","4":"has-post-thumbnail","6":"pwb-brand-clarins","7":"product_cat-pour-elle","8":"product_cat-traitements","9":"product_cat-soin-du-visage","10":"product_tag-femme","11":"product_tag-soins-fr","12":"product_tag-soins-du-visage","14":"first","15":"outofstock","16":"sale","17":"taxable","18":"shipping-taxable","19":"purchasable","20":"product-type-simple"},"brands":[{"id":311,"name":"Clarins","slug":"clarins"}],"_links":{"self":[{"href":"https:\/\/www.freeshopfrontiera.ch\/fr\/wp-json\/wp\/v2\/product\/35859","targetHints":{"allow":["GET"]}}],"collection":[{"href":"https:\/\/www.freeshopfrontiera.ch\/fr\/wp-json\/wp\/v2\/product"}],"about":[{"href":"https:\/\/www.freeshopfrontiera.ch\/fr\/wp-json\/wp\/v2\/types\/product"}],"replies":[{"embeddable":true,"href":"https:\/\/www.freeshopfrontiera.ch\/fr\/wp-json\/wp\/v2\/comments?post=35859"}],"version-history":[{"count":1,"href":"https:\/\/www.freeshopfrontiera.ch\/fr\/wp-json\/wp\/v2\/product\/35859\/revisions"}],"predecessor-version":[{"id":35864,"href":"https:\/\/www.freeshopfrontiera.ch\/fr\/wp-json\/wp\/v2\/product\/35859\/revisions\/35864"}],"wp:featuredmedia":[{"embeddable":true,"href":"https:\/\/www.freeshopfrontiera.ch\/fr\/wp-json\/wp\/v2\/media\/35855"}],"wp:attachment":[{"href":"https:\/\/www.freeshopfrontiera.ch\/fr\/wp-json\/wp\/v2\/media?parent=35859"}],"wp:term":[{"taxonomy":"pwb-brand","embeddable":true,"href":"https:\/\/www.freeshopfrontiera.ch\/fr\/wp-json\/wp\/v2\/pwb-brand?post=35859"},{"taxonomy":"product_brand","embeddable":true,"href":"https:\/\/www.freeshopfrontiera.ch\/fr\/wp-json\/wp\/v2\/product_brand?post=35859"},{"taxonomy":"product_cat","embeddable":true,"href":"https:\/\/www.freeshopfrontiera.ch\/fr\/wp-json\/wp\/v2\/product_cat?post=35859"},{"taxonomy":"product_tag","embeddable":true,"href":"https:\/\/www.freeshopfrontiera.ch\/fr\/wp-json\/wp\/v2\/product_tag?post=35859"}],"curies":[{"name":"wp","href":"https:\/\/api.w.org\/{rel}","templated":true}]}}