{"id":35874,"date":"2025-10-06T15:27:31","date_gmt":"2025-10-06T15:27:31","guid":{"rendered":"https:\/\/www.freeshopfrontiera.ch\/shop\/clarins-set-mascara\/"},"modified":"2025-10-06T15:32:21","modified_gmt":"2025-10-06T15:32:21","slug":"clarins-set-mascara","status":"publish","type":"product","link":"https:\/\/www.freeshopfrontiera.ch\/fr\/shop\/clarins-set-mascara\/","title":{"rendered":"CLARINS SET Mascara"},"content":{"rendered":"<h2 data-start=\"3037\" data-end=\"3151\"><strong data-start=\"3045\" data-end=\"3151\">Coffret Clarins Supra Lift &amp; Curl Mascara \u2013 Regard Intense et L\u00e8vres Sublimes dans un Coffret Exclusif<\/strong><\/h2>\n<p data-start=\"3153\" data-end=\"3463\">R\u00e9v\u00e9lez un regard captivant et des l\u00e8vres \u00e9clatantes avec le <strong data-start=\"3214\" data-end=\"3259\">Coffret Clarins Supra Lift &amp; Curl Mascara<\/strong>, le set maquillage parfait pour sublimer votre beaut\u00e9 naturelle. Id\u00e9al comme cadeau ou pour votre routine quotidienne, ce coffret r\u00e9unit trois essentiels Clarins pour un maquillage \u00e9l\u00e9gant et lumineux.<\/p>\n<p data-start=\"3465\" data-end=\"3781\">Le <strong data-start=\"3468\" data-end=\"3503\">Mascara Supra Lift &amp; Curl (8ml)<\/strong> offre une courbure instantan\u00e9e, du volume et une d\u00e9finition parfaite. Enrichi en provitamine B5, il renforce les cils jour apr\u00e8s jour, les rendant plus forts et plus souples. Sa texture l\u00e9g\u00e8re et sa brosse incurv\u00e9e garantissent un effet liftant imm\u00e9diat et un regard agrandi.<\/p>\n<p data-start=\"3783\" data-end=\"4005\">Le <strong data-start=\"3786\" data-end=\"3828\">Mini Natural Lip Perfector (teinte 20)<\/strong> habille les l\u00e8vres d\u2019une touche de couleur subtile et d\u2019une brillance naturelle. Sa texture gel-baume hydrate, nourrit et lisse les l\u00e8vres pour un fini glossy et confortable.<\/p>\n<p data-start=\"4007\" data-end=\"4156\">Le <strong data-start=\"4010\" data-end=\"4046\">D\u00e9maquillant Express Yeux (30ml)<\/strong> \u00e9limine efficacement le maquillage, m\u00eame waterproof, tout en respectant la sensibilit\u00e9 du contour des yeux.<\/p>\n<p data-start=\"4158\" data-end=\"4421\">Parfait pour le jour ou le soir, \u00e0 la maison ou en d\u00e9placement, le <strong data-start=\"4225\" data-end=\"4262\">Coffret Clarins Supra Lift &amp; Curl<\/strong> est l\u2019alliance parfaite de soin et maquillage pour un look raffin\u00e9 et naturel. Une touche de luxe sign\u00e9e Clarins, pour des yeux et des l\u00e8vres irr\u00e9sistibles.<\/p>\n<p data-start=\"1649\" data-end=\"1902\">Follow us! <a href=\"https:\/\/www.instagram.com\/freeshopswiss\/\" target=\"_blank\" rel=\"noopener\">@freeshopswiss<\/a><\/p>\n","protected":false},"excerpt":{"rendered":"<p>R\u00e9v\u00e9lez un regard captivant et des l\u00e8vres \u00e9clatantes avec le <strong data-start=\"3214\" data-end=\"3259\">Coffret Clarins Supra Lift &amp; Curl Mascara<\/strong>, le set maquillage parfait pour sublimer votre beaut\u00e9 naturelle.<\/p>\n","protected":false},"featured_media":35869,"comment_status":"open","ping_status":"closed","template":"","meta":[],"pwb-brand":[311],"product_brand":[],"product_cat":[109,566,536],"product_tag":[296,471,4367],"class_list":{"0":"post-35874","1":"product","2":"type-product","3":"status-publish","4":"has-post-thumbnail","6":"pwb-brand-clarins","7":"product_cat-pour-elle","8":"product_cat-make-up-fr-2","9":"product_cat-maquillage-des-yeux","10":"product_tag-femme","11":"product_tag-maquillage-des-yeux","12":"product_tag-special-printemps","14":"first","15":"instock","16":"sale","17":"taxable","18":"shipping-taxable","19":"purchasable","20":"product-type-simple"},"brands":[{"id":311,"name":"Clarins","slug":"clarins"}],"_links":{"self":[{"href":"https:\/\/www.freeshopfrontiera.ch\/fr\/wp-json\/wp\/v2\/product\/35874","targetHints":{"allow":["GET"]}}],"collection":[{"href":"https:\/\/www.freeshopfrontiera.ch\/fr\/wp-json\/wp\/v2\/product"}],"about":[{"href":"https:\/\/www.freeshopfrontiera.ch\/fr\/wp-json\/wp\/v2\/types\/product"}],"replies":[{"embeddable":true,"href":"https:\/\/www.freeshopfrontiera.ch\/fr\/wp-json\/wp\/v2\/comments?post=35874"}],"version-history":[{"count":2,"href":"https:\/\/www.freeshopfrontiera.ch\/fr\/wp-json\/wp\/v2\/product\/35874\/revisions"}],"predecessor-version":[{"id":35878,"href":"https:\/\/www.freeshopfrontiera.ch\/fr\/wp-json\/wp\/v2\/product\/35874\/revisions\/35878"}],"wp:featuredmedia":[{"embeddable":true,"href":"https:\/\/www.freeshopfrontiera.ch\/fr\/wp-json\/wp\/v2\/media\/35869"}],"wp:attachment":[{"href":"https:\/\/www.freeshopfrontiera.ch\/fr\/wp-json\/wp\/v2\/media?parent=35874"}],"wp:term":[{"taxonomy":"pwb-brand","embeddable":true,"href":"https:\/\/www.freeshopfrontiera.ch\/fr\/wp-json\/wp\/v2\/pwb-brand?post=35874"},{"taxonomy":"product_brand","embeddable":true,"href":"https:\/\/www.freeshopfrontiera.ch\/fr\/wp-json\/wp\/v2\/product_brand?post=35874"},{"taxonomy":"product_cat","embeddable":true,"href":"https:\/\/www.freeshopfrontiera.ch\/fr\/wp-json\/wp\/v2\/product_cat?post=35874"},{"taxonomy":"product_tag","embeddable":true,"href":"https:\/\/www.freeshopfrontiera.ch\/fr\/wp-json\/wp\/v2\/product_tag?post=35874"}],"curies":[{"name":"wp","href":"https:\/\/api.w.org\/{rel}","templated":true}]}}